{"id":9741,"date":"2018-10-28T01:58:25","date_gmt":"2018-10-27T23:58:25","guid":{"rendered":"https:\/\/www.revuegruppen.com\/gruppen2018\/?post_type=product&#038;p=9741"},"modified":"2024-04-12T15:53:59","modified_gmt":"2024-04-12T13:53:59","slug":"lintelligence-des-limites","status":"publish","type":"product","link":"https:\/\/www.revuegruppen.com\/gruppen\/produit\/lintelligence-des-limites\/","title":{"rendered":"L&rsquo;intelligence des limites"},"content":{"rendered":"<div title=\"Page 233\">\n<p><strong>I. L\u2019hypert\u00e9lie, concept darwinien<\/strong><br \/>\n\u2013 Darwin<br \/>\n\u2013 Hypert\u00e9lie de l\u2019ornement et naissance du symbolique<br \/>\n\u2013 Politique de l\u2019apparence<\/p>\n<p><strong>II. Hypert\u00e9lie et civilisation<\/strong><br \/>\n\u2013 Retour sur l\u2019effet r\u00e9versif<br \/>\n\u2013 L\u2019Homme hypert\u00e9lique<\/p>\n<p><strong>III. Sur diff\u00e9rentes fa\u00e7ons de signifier sa mort<\/strong><br \/>\n\u2013 Mod\u00e9lisation du d\u00e9passement<br \/>\n\u2013 Engels et les limites de la domestication de la nature<br \/>\n\u2013 Cr\u00e9dit \u00e9conomique, cr\u00e9dit symbolique, valeur<br \/>\n\u2013 \u00ab Sagesse \u00bb \u00e9thique et division du travail id\u00e9ologique<br \/>\n\u2013 \u00ab Id\u00e9ologie progressiste dominante \u00bb et compensation\u00a0\u00e9thique<br \/>\n\u2013 Le d\u00e9ni de l\u2019alternative<br \/>\n\u2013 Colonisation subjective et rupture des solidarit\u00e9s<br \/>\n\u2013 Sur l\u2019hypertrophie du symbolique<br \/>\n\u2013 Ce que \u00ab d\u00e9cliner \u00bb veut dire<\/p>\n<p><strong>Annexes<\/strong><br \/>\n\u2013 L\u2019hypert\u00e9lie en 1873. Une intuition platonicienne<br \/>\n\u2013 De l\u2019hypert\u00e9lie dans la nature. Par C. Brunner von\u00a0Wattenwyl<\/p>\n<div id='gallery-1' class='gallery galleryid-9741 gallery-columns-7 gallery-size-thumbnail'><figure class='gallery-item'>\n\t\t\t<div class='gallery-icon landscape'>\n\t\t\t\t<a href='https:\/\/www.revuegruppen.com\/gruppen\/wp-content\/uploads\/2018\/10\/1-Lintelligence-des-limites-Patrick-Tort.jpg'><img loading=\"lazy\" decoding=\"async\" width=\"200\" height=\"200\" src=\"https:\/\/www.revuegruppen.com\/gruppen\/wp-content\/uploads\/2018\/10\/1-Lintelligence-des-limites-Patrick-Tort-200x200.jpg\" class=\"attachment-thumbnail size-thumbnail\" alt=\"1-L&#039;intelligence des limites, Patrick Tort\" srcset=\"https:\/\/www.revuegruppen.com\/gruppen\/wp-content\/uploads\/2018\/10\/1-Lintelligence-des-limites-Patrick-Tort-200x200.jpg 200w, https:\/\/www.revuegruppen.com\/gruppen\/wp-content\/uploads\/2018\/10\/1-Lintelligence-des-limites-Patrick-Tort-400x400.jpg 400w, https:\/\/www.revuegruppen.com\/gruppen\/wp-content\/uploads\/2018\/10\/1-Lintelligence-des-limites-Patrick-Tort-100x100.jpg 100w\" sizes=\"auto, (max-width: 200px) 100vw, 200px\" \/><\/a>\n\t\t\t<\/div><\/figure><figure class='gallery-item'>\n\t\t\t<div class='gallery-icon landscape'>\n\t\t\t\t<a href='https:\/\/www.revuegruppen.com\/gruppen\/wp-content\/uploads\/2018\/10\/2-Lintelligence-des-limites-Patrick-Tort.jpg'><img loading=\"lazy\" decoding=\"async\" width=\"200\" height=\"200\" src=\"https:\/\/www.revuegruppen.com\/gruppen\/wp-content\/uploads\/2018\/10\/2-Lintelligence-des-limites-Patrick-Tort-200x200.jpg\" class=\"attachment-thumbnail size-thumbnail\" alt=\"2-L&#039;intelligence des limites, Patrick Tort\" srcset=\"https:\/\/www.revuegruppen.com\/gruppen\/wp-content\/uploads\/2018\/10\/2-Lintelligence-des-limites-Patrick-Tort-200x200.jpg 200w, https:\/\/www.revuegruppen.com\/gruppen\/wp-content\/uploads\/2018\/10\/2-Lintelligence-des-limites-Patrick-Tort-400x400.jpg 400w, https:\/\/www.revuegruppen.com\/gruppen\/wp-content\/uploads\/2018\/10\/2-Lintelligence-des-limites-Patrick-Tort-100x100.jpg 100w\" sizes=\"auto, (max-width: 200px) 100vw, 200px\" \/><\/a>\n\t\t\t<\/div><\/figure><figure class='gallery-item'>\n\t\t\t<div class='gallery-icon landscape'>\n\t\t\t\t<a href='https:\/\/www.revuegruppen.com\/gruppen\/wp-content\/uploads\/2018\/10\/3-Lintelligence-des-limites-Patrick-Tort.jpg'><img loading=\"lazy\" decoding=\"async\" width=\"200\" height=\"200\" src=\"https:\/\/www.revuegruppen.com\/gruppen\/wp-content\/uploads\/2018\/10\/3-Lintelligence-des-limites-Patrick-Tort-200x200.jpg\" class=\"attachment-thumbnail size-thumbnail\" alt=\"3-L&#039;intelligence des limites, Patrick Tort\" srcset=\"https:\/\/www.revuegruppen.com\/gruppen\/wp-content\/uploads\/2018\/10\/3-Lintelligence-des-limites-Patrick-Tort-200x200.jpg 200w, https:\/\/www.revuegruppen.com\/gruppen\/wp-content\/uploads\/2018\/10\/3-Lintelligence-des-limites-Patrick-Tort-400x400.jpg 400w, https:\/\/www.revuegruppen.com\/gruppen\/wp-content\/uploads\/2018\/10\/3-Lintelligence-des-limites-Patrick-Tort-100x100.jpg 100w\" sizes=\"auto, (max-width: 200px) 100vw, 200px\" \/><\/a>\n\t\t\t<\/div><\/figure><figure class='gallery-item'>\n\t\t\t<div class='gallery-icon landscape'>\n\t\t\t\t<a href='https:\/\/www.revuegruppen.com\/gruppen\/wp-content\/uploads\/2018\/10\/4-Lintelligence-des-limites-Patrick-Tort.jpg'><img loading=\"lazy\" decoding=\"async\" width=\"200\" height=\"200\" src=\"https:\/\/www.revuegruppen.com\/gruppen\/wp-content\/uploads\/2018\/10\/4-Lintelligence-des-limites-Patrick-Tort-200x200.jpg\" class=\"attachment-thumbnail size-thumbnail\" alt=\"4-L&#039;intelligence des limites, Patrick Tort\" srcset=\"https:\/\/www.revuegruppen.com\/gruppen\/wp-content\/uploads\/2018\/10\/4-Lintelligence-des-limites-Patrick-Tort-200x200.jpg 200w, https:\/\/www.revuegruppen.com\/gruppen\/wp-content\/uploads\/2018\/10\/4-Lintelligence-des-limites-Patrick-Tort-400x400.jpg 400w, https:\/\/www.revuegruppen.com\/gruppen\/wp-content\/uploads\/2018\/10\/4-Lintelligence-des-limites-Patrick-Tort-100x100.jpg 100w\" sizes=\"auto, (max-width: 200px) 100vw, 200px\" \/><\/a>\n\t\t\t<\/div><\/figure>\n\t\t<\/div>\n\n<\/div>\n","protected":false},"excerpt":{"rendered":"<p style=\"text-align: justify;\">Dans la langue des naturalistes, on nomme <em>hypert\u00e9lie <\/em>le d\u00e9veloppement d\u2019une partie anatomique ou d\u2019un caract\u00e8re au-del\u00e0 de son niveau optimal d\u2019utilit\u00e9\u00a0: ramures g\u00e9antes du Cervid\u00e9 fossile <em>Megaloceros giganteus<\/em>, canines sup\u00e9rieures hypertrophi\u00e9es des anciens \u00ab\u00a0tigres aux dents de sabre\u00a0\u00bb ou du Babiroussa, d\u00e9fenses crois\u00e9es des Mammouths, queue d\u00e9mesur\u00e9e des paons, etc. De telles structures, en continuant de grandir bien plus que ne le requ\u00e9rait leur fonction initiale, seraient devenues \u00ab\u00a0monstrueuses\u00a0\u00bb et nuisibles \u00e0 leurs d\u00e9tenteurs par une sorte d\u2019inertie de croissance handicapante, d\u00e9sadaptative, et tendanciellement fatale \u00e0 la survie de l\u2019esp\u00e8ce lors d\u2019un changement ult\u00e9rieur de ses conditions de vie.<\/p>\n<p style=\"text-align: justify;\">Contre de trop rapides commentaires qui concluaient au caract\u00e8re \u00ab\u00a0non darwinien\u00a0\u00bb du concept d\u2019hypert\u00e9lie et, de l\u00e0, \u00e0 son inanit\u00e9, Patrick Tort d\u00e9montre son origine darwinienne dans la th\u00e9orie de la s\u00e9lection sexuelle et en tire un instrument puissant pour penser la naissance bio-\u00e9thologique du <em>symbolique<\/em> comme <em>surcharge de l\u2019apparence<\/em> dans le champ de la s\u00e9duction, et pour mod\u00e9liser les cons\u00e9quences d\u00e9vastatrices du dogme d\u2019une croissance sans limite, propre au capitalisme contemporain.<\/p>\n<p style=\"text-align: justify;\"><span style=\"font-size: 10pt;\"><strong>Patrick Tort<\/strong>, sp\u00e9cialiste international de Darwin, cr\u00e9ateur de l&rsquo;<em>Analyse des complexes discursifs<\/em>, laur\u00e9at de l&rsquo;Acad\u00e9mie des sciences, est l&rsquo;auteur d&rsquo;une \u0153uvre exceptionnellement \u00e9tendue dont les derniers titres parus (<i>L&rsquo;Effet Darwin<\/i>, <i>Qu&rsquo;est-ce que le mat\u00e9rialisme ?<\/i>, <i>Th\u00e9orie du sacrifice<\/i>) font actuellement l&rsquo;objet de nombreuses \u00e9tudes universitaires en France et \u00e0 l&rsquo;\u00e9tranger.<\/span><\/p>\n","protected":false},"featured_media":10023,"template":"","meta":[],"product_brand":[],"product_cat":[66,68],"product_tag":[793,794,650,795,796,797,798,799,800,801,802,803,804,805,806,807,808,809,810,811,812,813,814,815,816,817,818,819,820,821,822,823,824],"class_list":{"0":"post-9741","1":"product","2":"type-product","3":"status-publish","4":"has-post-thumbnail","6":"tagmedia-lintelligence-des-limites","7":"product_cat-catalogue","8":"product_cat-livres","9":"product_tag-anthropologie-darwinienne","10":"product_tag-aristote","11":"product_tag-capitalisme","12":"product_tag-catharsis","13":"product_tag-climat","14":"product_tag-compensation","15":"product_tag-croissance-economique","16":"product_tag-darwinisme","17":"product_tag-declin","18":"product_tag-ecologie","19":"product_tag-effet-reversif-de-levolution","20":"product_tag-ethique","21":"product_tag-evolution-de-lhomme","22":"product_tag-evolution-et-civilisation","23":"product_tag-hypertelie","24":"product_tag-ideologie","25":"product_tag-liberalisme","26":"product_tag-management","27":"product_tag-marx-engels","28":"product_tag-mimetisme","29":"product_tag-oceans","30":"product_tag-optimisme-pessimisme","31":"product_tag-protheses","32":"product_tag-rapport-meadows","33":"product_tag-refugies","34":"product_tag-seduction","35":"product_tag-selection-naturelle","36":"product_tag-selection-sexuelle","37":"product_tag-symbolique","38":"product_tag-techniques","39":"product_tag-telerealite","40":"product_tag-transhumanisme","41":"product_tag-zoologie","42":"product_shipping_class-jusqua-250g","43":"pa_auteur-patrick-tort","44":"pa_date-de-parution-23-mai-2019","45":"pa_isbn-978-2-919103-18-8","46":"pa_nombre-de-pages-847","48":"first","49":"instock","50":"shipping-taxable","51":"purchasable","52":"product-type-simple"},"_links":{"self":[{"href":"https:\/\/www.revuegruppen.com\/gruppen\/wp-json\/wp\/v2\/product\/9741","targetHints":{"allow":["GET"]}}],"collection":[{"href":"https:\/\/www.revuegruppen.com\/gruppen\/wp-json\/wp\/v2\/product"}],"about":[{"href":"https:\/\/www.revuegruppen.com\/gruppen\/wp-json\/wp\/v2\/types\/product"}],"wp:featuredmedia":[{"embeddable":true,"href":"https:\/\/www.revuegruppen.com\/gruppen\/wp-json\/wp\/v2\/media\/10023"}],"wp:attachment":[{"href":"https:\/\/www.revuegruppen.com\/gruppen\/wp-json\/wp\/v2\/media?parent=9741"}],"wp:term":[{"taxonomy":"product_brand","embeddable":true,"href":"https:\/\/www.revuegruppen.com\/gruppen\/wp-json\/wp\/v2\/product_brand?post=9741"},{"taxonomy":"product_cat","embeddable":true,"href":"https:\/\/www.revuegruppen.com\/gruppen\/wp-json\/wp\/v2\/product_cat?post=9741"},{"taxonomy":"product_tag","embeddable":true,"href":"https:\/\/www.revuegruppen.com\/gruppen\/wp-json\/wp\/v2\/product_tag?post=9741"}],"curies":[{"name":"wp","href":"https:\/\/api.w.org\/{rel}","templated":true}]}}