{"id":9610,"date":"2018-10-22T18:24:44","date_gmt":"2018-10-22T16:24:44","guid":{"rendered":"https:\/\/www.revuegruppen.com\/gruppen2018\/?post_type=product&#038;p=9610"},"modified":"2024-04-12T16:03:07","modified_gmt":"2024-04-12T14:03:07","slug":"gruppen-n13","status":"publish","type":"product","link":"https:\/\/www.revuegruppen.com\/gruppen\/produit\/gruppen-n13\/","title":{"rendered":"GRUPPEN n\u00b013"},"content":{"rendered":"<table style=\"border-collapse: collapse; width: 100%;\">\n<tbody>\n<tr>\n<td style=\"width: 50%; text-align: left; vertical-align: top;\"><strong>Politique<\/strong><br \/>\n<strong>MARY ANN WEATHERS<\/strong> \u2013 <em>Pour la lib\u00e9ration des femmes noires comme<br \/>\nforce r\u00e9volutionnaire. <span style=\"font-size: 10pt;\">(traduit par Laurent Jarfer)<\/span><\/em><\/p>\n<p><strong>Histoire<\/strong><br \/>\n<strong>PIERRE DARRIAND<\/strong> \u2013 <em>Contrefa\u00e7ons.<\/em><\/p>\n<p><strong>Philosophie<\/strong><br \/>\n<strong>IVAN SEGR\u00c9<\/strong> \u2013 <em>L&rsquo;<\/em>amur<em> d&rsquo;Oph\u00e9lie. \u00c9l\u00e9ments d&rsquo;une analyse pour maintenant.<\/em><br \/>\n<strong>ALEXANDRE COSTANZO<\/strong> \u2013 <em>Une joie inhabituelle.<\/em><\/p>\n<p><strong>Anthropologie<\/strong><br \/>\n<strong>MARTIN LAMOTTE<\/strong> \u2013 <em>Prendre et \u00eatre pris par l&rsquo;\u00e9criture.<br \/>\nLa transformation du gang <\/em>Los \u00d1etas<em>.<\/em><\/td>\n<td style=\"width: 50%; text-align: left; vertical-align: top;\"><strong>Litt\u00e9rature<\/strong><br \/>\n<strong>PIERRE SENGES<\/strong> \u2013 <em>La pointe du sein concern\u00e9 par l&rsquo;orvet.<\/em><br \/>\n<strong>BERNARD BOURRIT<\/strong> \u2013 <em>L&rsquo;invraisemblable n\u00e9gligence du peintre Luo Ping.<\/em><\/p>\n<p><strong>Po\u00e9sie<\/strong><br \/>\n<strong>LAURENT JARFER<\/strong> \u2013 <em>Pirosmani le feu.<\/em><\/p>\n<p><strong>Art<\/strong><br \/>\n<strong>EDSON BARRUS<\/strong> \u2013 <em>Fantasia de indio.<\/em><\/p>\n<p><strong>Dessin<\/strong><br \/>\n<strong>LOUISE PARNEL<\/strong> \u2013 <em>L&rsquo;int\u00e9rieur des \u00eatres vivants<\/em><\/p>\n<p><strong>Direction artistique<br \/>\nLAURENCE GATTI<\/strong><\/td>\n<\/tr>\n<\/tbody>\n<\/table>\n<div id='gallery-1' class='gallery galleryid-9610 gallery-columns-7 gallery-size-thumbnail'><figure class='gallery-item'>\n\t\t\t<div class='gallery-icon landscape'>\n\t\t\t\t<a href='https:\/\/www.revuegruppen.com\/gruppen\/wp-content\/uploads\/2018\/10\/Gruppen-n\u00b013-7-1.jpg'><img loading=\"lazy\" decoding=\"async\" width=\"200\" height=\"200\" src=\"https:\/\/www.revuegruppen.com\/gruppen\/wp-content\/uploads\/2018\/10\/Gruppen-n\u00b013-7-1-200x200.jpg\" class=\"attachment-thumbnail size-thumbnail\" alt=\"Gruppen-n\u00b013-7\" aria-describedby=\"gallery-1-9954\" srcset=\"https:\/\/www.revuegruppen.com\/gruppen\/wp-content\/uploads\/2018\/10\/Gruppen-n\u00b013-7-1-200x200.jpg 200w, https:\/\/www.revuegruppen.com\/gruppen\/wp-content\/uploads\/2018\/10\/Gruppen-n\u00b013-7-1-400x400.jpg 400w, https:\/\/www.revuegruppen.com\/gruppen\/wp-content\/uploads\/2018\/10\/Gruppen-n\u00b013-7-1-100x100.jpg 100w\" sizes=\"auto, (max-width: 200px) 100vw, 200px\" \/><\/a>\n\t\t\t<\/div>\n\t\t\t\t<figcaption class='wp-caption-text gallery-caption' id='gallery-1-9954'>\n\t\t\t\tGruppen-n\u00b013-7\n\t\t\t\t<\/figcaption><\/figure><figure class='gallery-item'>\n\t\t\t<div class='gallery-icon landscape'>\n\t\t\t\t<a href='https:\/\/www.revuegruppen.com\/gruppen\/wp-content\/uploads\/2018\/10\/Gruppen-n\u00b013-5-1.jpg'><img loading=\"lazy\" decoding=\"async\" width=\"200\" height=\"200\" src=\"https:\/\/www.revuegruppen.com\/gruppen\/wp-content\/uploads\/2018\/10\/Gruppen-n\u00b013-5-1-200x200.jpg\" class=\"attachment-thumbnail size-thumbnail\" alt=\"Gruppen-n\u00b013-5\" aria-describedby=\"gallery-1-9953\" srcset=\"https:\/\/www.revuegruppen.com\/gruppen\/wp-content\/uploads\/2018\/10\/Gruppen-n\u00b013-5-1-200x200.jpg 200w, https:\/\/www.revuegruppen.com\/gruppen\/wp-content\/uploads\/2018\/10\/Gruppen-n\u00b013-5-1-400x400.jpg 400w, https:\/\/www.revuegruppen.com\/gruppen\/wp-content\/uploads\/2018\/10\/Gruppen-n\u00b013-5-1-100x100.jpg 100w\" sizes=\"auto, (max-width: 200px) 100vw, 200px\" \/><\/a>\n\t\t\t<\/div>\n\t\t\t\t<figcaption class='wp-caption-text gallery-caption' id='gallery-1-9953'>\n\t\t\t\tGruppen-n\u00b013-5\n\t\t\t\t<\/figcaption><\/figure><figure class='gallery-item'>\n\t\t\t<div class='gallery-icon landscape'>\n\t\t\t\t<a href='https:\/\/www.revuegruppen.com\/gruppen\/wp-content\/uploads\/2018\/10\/Gruppen-n\u00b013-8-1.jpg'><img loading=\"lazy\" decoding=\"async\" width=\"200\" height=\"200\" src=\"https:\/\/www.revuegruppen.com\/gruppen\/wp-content\/uploads\/2018\/10\/Gruppen-n\u00b013-8-1-200x200.jpg\" class=\"attachment-thumbnail size-thumbnail\" alt=\"Gruppen-n\u00b013-8\" aria-describedby=\"gallery-1-9955\" srcset=\"https:\/\/www.revuegruppen.com\/gruppen\/wp-content\/uploads\/2018\/10\/Gruppen-n\u00b013-8-1-200x200.jpg 200w, https:\/\/www.revuegruppen.com\/gruppen\/wp-content\/uploads\/2018\/10\/Gruppen-n\u00b013-8-1-400x400.jpg 400w, https:\/\/www.revuegruppen.com\/gruppen\/wp-content\/uploads\/2018\/10\/Gruppen-n\u00b013-8-1-100x100.jpg 100w\" sizes=\"auto, (max-width: 200px) 100vw, 200px\" \/><\/a>\n\t\t\t<\/div>\n\t\t\t\t<figcaption class='wp-caption-text gallery-caption' id='gallery-1-9955'>\n\t\t\t\tGruppen-n\u00b013-8\n\t\t\t\t<\/figcaption><\/figure><figure class='gallery-item'>\n\t\t\t<div class='gallery-icon landscape'>\n\t\t\t\t<a href='https:\/\/www.revuegruppen.com\/gruppen\/wp-content\/uploads\/2018\/10\/Gruppen-n\u00b013-9-1.jpg'><img loading=\"lazy\" decoding=\"async\" width=\"200\" height=\"200\" src=\"https:\/\/www.revuegruppen.com\/gruppen\/wp-content\/uploads\/2018\/10\/Gruppen-n\u00b013-9-1-200x200.jpg\" class=\"attachment-thumbnail size-thumbnail\" alt=\"Gruppen-n\u00b013-9\" aria-describedby=\"gallery-1-9956\" srcset=\"https:\/\/www.revuegruppen.com\/gruppen\/wp-content\/uploads\/2018\/10\/Gruppen-n\u00b013-9-1-200x200.jpg 200w, https:\/\/www.revuegruppen.com\/gruppen\/wp-content\/uploads\/2018\/10\/Gruppen-n\u00b013-9-1-400x400.jpg 400w, https:\/\/www.revuegruppen.com\/gruppen\/wp-content\/uploads\/2018\/10\/Gruppen-n\u00b013-9-1-100x100.jpg 100w\" sizes=\"auto, (max-width: 200px) 100vw, 200px\" \/><\/a>\n\t\t\t<\/div>\n\t\t\t\t<figcaption class='wp-caption-text gallery-caption' id='gallery-1-9956'>\n\t\t\t\tGruppen-n\u00b013-9\n\t\t\t\t<\/figcaption><\/figure><figure class='gallery-item'>\n\t\t\t<div class='gallery-icon portrait'>\n\t\t\t\t<a href='https:\/\/www.revuegruppen.com\/gruppen\/wp-content\/uploads\/2018\/10\/Gruppen-n\u00b013-couv-s\u00e9rigraphi\u00e9e-1.jpg-1.jpg'><img loading=\"lazy\" decoding=\"async\" width=\"200\" height=\"200\" src=\"https:\/\/www.revuegruppen.com\/gruppen\/wp-content\/uploads\/2018\/10\/Gruppen-n\u00b013-couv-s\u00e9rigraphi\u00e9e-1.jpg-1-200x200.jpg\" class=\"attachment-thumbnail size-thumbnail\" alt=\"Gruppen-n\u00b013-couv-s\u00e9rigraphi\u00e9e.jpg\" aria-describedby=\"gallery-1-9962\" srcset=\"https:\/\/www.revuegruppen.com\/gruppen\/wp-content\/uploads\/2018\/10\/Gruppen-n\u00b013-couv-s\u00e9rigraphi\u00e9e-1.jpg-1-200x200.jpg 200w, https:\/\/www.revuegruppen.com\/gruppen\/wp-content\/uploads\/2018\/10\/Gruppen-n\u00b013-couv-s\u00e9rigraphi\u00e9e-1.jpg-1-100x100.jpg 100w, https:\/\/www.revuegruppen.com\/gruppen\/wp-content\/uploads\/2018\/10\/Gruppen-n\u00b013-couv-s\u00e9rigraphi\u00e9e-1.jpg-1-400x400.jpg 400w, https:\/\/www.revuegruppen.com\/gruppen\/wp-content\/uploads\/2018\/10\/Gruppen-n\u00b013-couv-s\u00e9rigraphi\u00e9e-1.jpg-1-800x800.jpg 800w\" sizes=\"auto, (max-width: 200px) 100vw, 200px\" \/><\/a>\n\t\t\t<\/div>\n\t\t\t\t<figcaption class='wp-caption-text gallery-caption' id='gallery-1-9962'>\n\t\t\t\tGruppen-n\u00b013-couv-s\u00e9rigraphi\u00e9e.jpg\n\t\t\t\t<\/figcaption><\/figure><figure class='gallery-item'>\n\t\t\t<div class='gallery-icon portrait'>\n\t\t\t\t<a href='https:\/\/www.revuegruppen.com\/gruppen\/wp-content\/uploads\/2018\/10\/Gruppen-n\u00b013-couv-s\u00e9rigraphi\u00e9e-2.jpg'><img loading=\"lazy\" decoding=\"async\" width=\"200\" height=\"200\" src=\"https:\/\/www.revuegruppen.com\/gruppen\/wp-content\/uploads\/2018\/10\/Gruppen-n\u00b013-couv-s\u00e9rigraphi\u00e9e-2-200x200.jpg\" class=\"attachment-thumbnail size-thumbnail\" alt=\"Gruppen-n\u00b013-couv-s\u00e9rigraphi\u00e9e\" aria-describedby=\"gallery-1-9961\" srcset=\"https:\/\/www.revuegruppen.com\/gruppen\/wp-content\/uploads\/2018\/10\/Gruppen-n\u00b013-couv-s\u00e9rigraphi\u00e9e-2-200x200.jpg 200w, https:\/\/www.revuegruppen.com\/gruppen\/wp-content\/uploads\/2018\/10\/Gruppen-n\u00b013-couv-s\u00e9rigraphi\u00e9e-2-400x400.jpg 400w, https:\/\/www.revuegruppen.com\/gruppen\/wp-content\/uploads\/2018\/10\/Gruppen-n\u00b013-couv-s\u00e9rigraphi\u00e9e-2-800x800.jpg 800w, https:\/\/www.revuegruppen.com\/gruppen\/wp-content\/uploads\/2018\/10\/Gruppen-n\u00b013-couv-s\u00e9rigraphi\u00e9e-2-100x100.jpg 100w\" sizes=\"auto, (max-width: 200px) 100vw, 200px\" \/><\/a>\n\t\t\t<\/div>\n\t\t\t\t<figcaption class='wp-caption-text gallery-caption' id='gallery-1-9961'>\n\t\t\t\tGruppen-n\u00b013-couv-s\u00e9rigraphi\u00e9e\n\t\t\t\t<\/figcaption><\/figure><figure class='gallery-item'>\n\t\t\t<div class='gallery-icon portrait'>\n\t\t\t\t<a href='https:\/\/www.revuegruppen.com\/gruppen\/wp-content\/uploads\/2018\/10\/Gruppen-n\u00b013-couv-s\u00e9rigraphi\u00e9e-1-3.jpg'><img loading=\"lazy\" decoding=\"async\" width=\"200\" height=\"200\" src=\"https:\/\/www.revuegruppen.com\/gruppen\/wp-content\/uploads\/2018\/10\/Gruppen-n\u00b013-couv-s\u00e9rigraphi\u00e9e-1-3-200x200.jpg\" class=\"attachment-thumbnail size-thumbnail\" alt=\"Gruppen-n\u00b013-couv-s\u00e9rigraphi\u00e9e-1\" aria-describedby=\"gallery-1-9959\" srcset=\"https:\/\/www.revuegruppen.com\/gruppen\/wp-content\/uploads\/2018\/10\/Gruppen-n\u00b013-couv-s\u00e9rigraphi\u00e9e-1-3-200x200.jpg 200w, https:\/\/www.revuegruppen.com\/gruppen\/wp-content\/uploads\/2018\/10\/Gruppen-n\u00b013-couv-s\u00e9rigraphi\u00e9e-1-3-400x400.jpg 400w, https:\/\/www.revuegruppen.com\/gruppen\/wp-content\/uploads\/2018\/10\/Gruppen-n\u00b013-couv-s\u00e9rigraphi\u00e9e-1-3-800x800.jpg 800w, https:\/\/www.revuegruppen.com\/gruppen\/wp-content\/uploads\/2018\/10\/Gruppen-n\u00b013-couv-s\u00e9rigraphi\u00e9e-1-3-100x100.jpg 100w\" sizes=\"auto, (max-width: 200px) 100vw, 200px\" \/><\/a>\n\t\t\t<\/div>\n\t\t\t\t<figcaption class='wp-caption-text gallery-caption' id='gallery-1-9959'>\n\t\t\t\tGruppen-n\u00b013-couv-s\u00e9rigraphi\u00e9e-1\n\t\t\t\t<\/figcaption><\/figure><figure class='gallery-item'>\n\t\t\t<div class='gallery-icon portrait'>\n\t\t\t\t<a href='https:\/\/www.revuegruppen.com\/gruppen\/wp-content\/uploads\/2018\/10\/Gruppen-n\u00b013-couv-s\u00e9rigraphi\u00e9e\u2013-1.jpg'><img loading=\"lazy\" decoding=\"async\" width=\"200\" height=\"200\" src=\"https:\/\/www.revuegruppen.com\/gruppen\/wp-content\/uploads\/2018\/10\/Gruppen-n\u00b013-couv-s\u00e9rigraphi\u00e9e\u2013-1-200x200.jpg\" class=\"attachment-thumbnail size-thumbnail\" alt=\"Gruppen-n\u00b013-couv-s\u00e9rigraphi\u00e9e\u2013\" aria-describedby=\"gallery-1-9960\" srcset=\"https:\/\/www.revuegruppen.com\/gruppen\/wp-content\/uploads\/2018\/10\/Gruppen-n\u00b013-couv-s\u00e9rigraphi\u00e9e\u2013-1-200x200.jpg 200w, https:\/\/www.revuegruppen.com\/gruppen\/wp-content\/uploads\/2018\/10\/Gruppen-n\u00b013-couv-s\u00e9rigraphi\u00e9e\u2013-1-400x400.jpg 400w, https:\/\/www.revuegruppen.com\/gruppen\/wp-content\/uploads\/2018\/10\/Gruppen-n\u00b013-couv-s\u00e9rigraphi\u00e9e\u2013-1-800x800.jpg 800w, https:\/\/www.revuegruppen.com\/gruppen\/wp-content\/uploads\/2018\/10\/Gruppen-n\u00b013-couv-s\u00e9rigraphi\u00e9e\u2013-1-100x100.jpg 100w\" sizes=\"auto, (max-width: 200px) 100vw, 200px\" \/><\/a>\n\t\t\t<\/div>\n\t\t\t\t<figcaption class='wp-caption-text gallery-caption' id='gallery-1-9960'>\n\t\t\t\tGruppen-n\u00b013-couv-s\u00e9rigraphi\u00e9e\u2013\n\t\t\t\t<\/figcaption><\/figure><figure class='gallery-item'>\n\t\t\t<div class='gallery-icon portrait'>\n\t\t\t\t<a href='https:\/\/www.revuegruppen.com\/gruppen\/wp-content\/uploads\/2018\/10\/Gruppen-n\u00b013-couv-s\u00e9rigraphi\u00e9e-1-2.jpg'><img loading=\"lazy\" decoding=\"async\" width=\"200\" height=\"200\" src=\"https:\/\/www.revuegruppen.com\/gruppen\/wp-content\/uploads\/2018\/10\/Gruppen-n\u00b013-couv-s\u00e9rigraphi\u00e9e-1-2-200x200.jpg\" class=\"attachment-thumbnail size-thumbnail\" alt=\"Gruppen-n\u00b013-couv-s\u00e9rigraphi\u00e9e-\" aria-describedby=\"gallery-1-9957\" srcset=\"https:\/\/www.revuegruppen.com\/gruppen\/wp-content\/uploads\/2018\/10\/Gruppen-n\u00b013-couv-s\u00e9rigraphi\u00e9e-1-2-200x200.jpg 200w, https:\/\/www.revuegruppen.com\/gruppen\/wp-content\/uploads\/2018\/10\/Gruppen-n\u00b013-couv-s\u00e9rigraphi\u00e9e-1-2-400x400.jpg 400w, https:\/\/www.revuegruppen.com\/gruppen\/wp-content\/uploads\/2018\/10\/Gruppen-n\u00b013-couv-s\u00e9rigraphi\u00e9e-1-2-800x800.jpg 800w, https:\/\/www.revuegruppen.com\/gruppen\/wp-content\/uploads\/2018\/10\/Gruppen-n\u00b013-couv-s\u00e9rigraphi\u00e9e-1-2-100x100.jpg 100w\" sizes=\"auto, (max-width: 200px) 100vw, 200px\" \/><\/a>\n\t\t\t<\/div>\n\t\t\t\t<figcaption class='wp-caption-text gallery-caption' id='gallery-1-9957'>\n\t\t\t\tGruppen-n\u00b013-couv-s\u00e9rigraphi\u00e9e-\n\t\t\t\t<\/figcaption><\/figure><figure class='gallery-item'>\n\t\t\t<div class='gallery-icon portrait'>\n\t\t\t\t<a href='https:\/\/www.revuegruppen.com\/gruppen\/wp-content\/uploads\/2018\/10\/Gruppen-n\u00b013-couv-s\u00e9rigraphi\u00e9e-1-1-1.jpg'><img loading=\"lazy\" decoding=\"async\" width=\"200\" height=\"200\" src=\"https:\/\/www.revuegruppen.com\/gruppen\/wp-content\/uploads\/2018\/10\/Gruppen-n\u00b013-couv-s\u00e9rigraphi\u00e9e-1-1-1-200x200.jpg\" class=\"attachment-thumbnail size-thumbnail\" alt=\"Gruppen-n\u00b013-couv-s\u00e9rigraphi\u00e9e-1-1\" aria-describedby=\"gallery-1-9958\" srcset=\"https:\/\/www.revuegruppen.com\/gruppen\/wp-content\/uploads\/2018\/10\/Gruppen-n\u00b013-couv-s\u00e9rigraphi\u00e9e-1-1-1-200x200.jpg 200w, https:\/\/www.revuegruppen.com\/gruppen\/wp-content\/uploads\/2018\/10\/Gruppen-n\u00b013-couv-s\u00e9rigraphi\u00e9e-1-1-1-400x400.jpg 400w, https:\/\/www.revuegruppen.com\/gruppen\/wp-content\/uploads\/2018\/10\/Gruppen-n\u00b013-couv-s\u00e9rigraphi\u00e9e-1-1-1-800x800.jpg 800w, https:\/\/www.revuegruppen.com\/gruppen\/wp-content\/uploads\/2018\/10\/Gruppen-n\u00b013-couv-s\u00e9rigraphi\u00e9e-1-1-1-100x100.jpg 100w\" sizes=\"auto, (max-width: 200px) 100vw, 200px\" \/><\/a>\n\t\t\t<\/div>\n\t\t\t\t<figcaption class='wp-caption-text gallery-caption' id='gallery-1-9958'>\n\t\t\t\tGruppen-n\u00b013-couv-s\u00e9rigraphi\u00e9e-1-1\n\t\t\t\t<\/figcaption><\/figure><figure class='gallery-item'>\n\t\t\t<div class='gallery-icon landscape'>\n\t\t\t\t<a href='https:\/\/www.revuegruppen.com\/gruppen\/wp-content\/uploads\/2018\/10\/Gruppen-n\u00b013-1-2.jpg'><img loading=\"lazy\" decoding=\"async\" width=\"200\" height=\"200\" src=\"https:\/\/www.revuegruppen.com\/gruppen\/wp-content\/uploads\/2018\/10\/Gruppen-n\u00b013-1-2-200x200.jpg\" class=\"attachment-thumbnail size-thumbnail\" alt=\"Gruppen-n\u00b013-\" aria-describedby=\"gallery-1-9951\" srcset=\"https:\/\/www.revuegruppen.com\/gruppen\/wp-content\/uploads\/2018\/10\/Gruppen-n\u00b013-1-2-200x200.jpg 200w, https:\/\/www.revuegruppen.com\/gruppen\/wp-content\/uploads\/2018\/10\/Gruppen-n\u00b013-1-2-400x400.jpg 400w, https:\/\/www.revuegruppen.com\/gruppen\/wp-content\/uploads\/2018\/10\/Gruppen-n\u00b013-1-2-800x800.jpg 800w, https:\/\/www.revuegruppen.com\/gruppen\/wp-content\/uploads\/2018\/10\/Gruppen-n\u00b013-1-2-100x100.jpg 100w\" sizes=\"auto, (max-width: 200px) 100vw, 200px\" \/><\/a>\n\t\t\t<\/div>\n\t\t\t\t<figcaption class='wp-caption-text gallery-caption' id='gallery-1-9951'>\n\t\t\t\tGruppen-n\u00b013-\n\t\t\t\t<\/figcaption><\/figure><figure class='gallery-item'>\n\t\t\t<div class='gallery-icon landscape'>\n\t\t\t\t<a href='https:\/\/www.revuegruppen.com\/gruppen\/wp-content\/uploads\/2018\/10\/Gruppen-n\u00b013-1-1-1.jpg'><img loading=\"lazy\" decoding=\"async\" width=\"200\" height=\"200\" src=\"https:\/\/www.revuegruppen.com\/gruppen\/wp-content\/uploads\/2018\/10\/Gruppen-n\u00b013-1-1-1-200x200.jpg\" class=\"attachment-thumbnail size-thumbnail\" alt=\"Gruppen-n\u00b013-1-1\" aria-describedby=\"gallery-1-9952\" srcset=\"https:\/\/www.revuegruppen.com\/gruppen\/wp-content\/uploads\/2018\/10\/Gruppen-n\u00b013-1-1-1-200x200.jpg 200w, https:\/\/www.revuegruppen.com\/gruppen\/wp-content\/uploads\/2018\/10\/Gruppen-n\u00b013-1-1-1-400x400.jpg 400w, https:\/\/www.revuegruppen.com\/gruppen\/wp-content\/uploads\/2018\/10\/Gruppen-n\u00b013-1-1-1-800x800.jpg 800w, https:\/\/www.revuegruppen.com\/gruppen\/wp-content\/uploads\/2018\/10\/Gruppen-n\u00b013-1-1-1-100x100.jpg 100w\" sizes=\"auto, (max-width: 200px) 100vw, 200px\" \/><\/a>\n\t\t\t<\/div>\n\t\t\t\t<figcaption class='wp-caption-text gallery-caption' id='gallery-1-9952'>\n\t\t\t\tGruppen-n\u00b013-1-1\n\t\t\t\t<\/figcaption><\/figure><figure class='gallery-item'>\n\t\t\t<div class='gallery-icon landscape'>\n\t\t\t\t<a href='https:\/\/www.revuegruppen.com\/gruppen\/wp-content\/uploads\/2018\/10\/Gruppen-n\u00b013-int\u00e9rieur-2.jpg'><img loading=\"lazy\" decoding=\"async\" width=\"200\" height=\"200\" src=\"https:\/\/www.revuegruppen.com\/gruppen\/wp-content\/uploads\/2018\/10\/Gruppen-n\u00b013-int\u00e9rieur-2-200x200.jpg\" class=\"attachment-thumbnail size-thumbnail\" alt=\"Gruppen-n\u00b013-int\u00e9rieur\" aria-describedby=\"gallery-1-9964\" srcset=\"https:\/\/www.revuegruppen.com\/gruppen\/wp-content\/uploads\/2018\/10\/Gruppen-n\u00b013-int\u00e9rieur-2-200x200.jpg 200w, https:\/\/www.revuegruppen.com\/gruppen\/wp-content\/uploads\/2018\/10\/Gruppen-n\u00b013-int\u00e9rieur-2-400x400.jpg 400w, https:\/\/www.revuegruppen.com\/gruppen\/wp-content\/uploads\/2018\/10\/Gruppen-n\u00b013-int\u00e9rieur-2-800x800.jpg 800w, https:\/\/www.revuegruppen.com\/gruppen\/wp-content\/uploads\/2018\/10\/Gruppen-n\u00b013-int\u00e9rieur-2-100x100.jpg 100w\" sizes=\"auto, (max-width: 200px) 100vw, 200px\" \/><\/a>\n\t\t\t<\/div>\n\t\t\t\t<figcaption class='wp-caption-text gallery-caption' id='gallery-1-9964'>\n\t\t\t\tGruppen-n\u00b013-int\u00e9rieur\n\t\t\t\t<\/figcaption><\/figure><figure class='gallery-item'>\n\t\t\t<div class='gallery-icon landscape'>\n\t\t\t\t<a href='https:\/\/www.revuegruppen.com\/gruppen\/wp-content\/uploads\/2018\/10\/Gruppen-n\u00b013-int\u00e9rieur-1-1.jpg'><img loading=\"lazy\" decoding=\"async\" width=\"200\" height=\"200\" src=\"https:\/\/www.revuegruppen.com\/gruppen\/wp-content\/uploads\/2018\/10\/Gruppen-n\u00b013-int\u00e9rieur-1-1-200x200.jpg\" class=\"attachment-thumbnail size-thumbnail\" alt=\"Gruppen-n\u00b013-int\u00e9rieur-1\" aria-describedby=\"gallery-1-9963\" srcset=\"https:\/\/www.revuegruppen.com\/gruppen\/wp-content\/uploads\/2018\/10\/Gruppen-n\u00b013-int\u00e9rieur-1-1-200x200.jpg 200w, https:\/\/www.revuegruppen.com\/gruppen\/wp-content\/uploads\/2018\/10\/Gruppen-n\u00b013-int\u00e9rieur-1-1-400x400.jpg 400w, https:\/\/www.revuegruppen.com\/gruppen\/wp-content\/uploads\/2018\/10\/Gruppen-n\u00b013-int\u00e9rieur-1-1-800x800.jpg 800w, https:\/\/www.revuegruppen.com\/gruppen\/wp-content\/uploads\/2018\/10\/Gruppen-n\u00b013-int\u00e9rieur-1-1-100x100.jpg 100w\" sizes=\"auto, (max-width: 200px) 100vw, 200px\" \/><\/a>\n\t\t\t<\/div>\n\t\t\t\t<figcaption class='wp-caption-text gallery-caption' id='gallery-1-9963'>\n\t\t\t\tGruppen-n\u00b013-int\u00e9rieur-1\n\t\t\t\t<\/figcaption><\/figure>\n\t\t<\/div>\n\n","protected":false},"excerpt":{"rendered":"<p style=\"text-align: justify;\">138 pages habill\u00e9es d&rsquo;une <strong>couverture s\u00e9rigraphi\u00e9e<\/strong> qui fera de chaque \u00ab\u00a0copie\u00a0\u00bb de la revue un exemplaire unique ! Poursuivant la recherche pluridisciplinaire qui la caract\u00e9rise, la revue <em>Gruppen<\/em> accueille dans ce nouveau num\u00e9ro les travaux de Mary Ann Weather, Louise Parnel, Pierre Darriand, Ivan Segr\u00e9, Alexandre Costanzo, Martin Lamotte, Pierre Senges, Bernard Bourrit, Laurent Jarfer et Edson Barrus.<\/p>\n","protected":false},"featured_media":10133,"template":"","meta":[],"product_brand":[],"product_cat":[66,67],"product_tag":[761,32,766,764,768,43,49,769,765,770,762,759,845,760,763,767],"class_list":{"0":"post-9610","1":"product","2":"type-product","3":"status-publish","4":"has-post-thumbnail","6":"tagmedia-gruppen-13","7":"product_cat-catalogue","8":"product_cat-revue","9":"product_tag-alexandre-costanzo","10":"product_tag-bernard-bourrit","11":"product_tag-black-feminism","12":"product_tag-edson-barrus","13":"product_tag-feminisme","14":"product_tag-ivan-segre","15":"product_tag-laurent-jarfer","16":"product_tag-los-netas","17":"product_tag-louise-parnel","18":"product_tag-lui-ping","19":"product_tag-martin-lamotte","20":"product_tag-mary-ann-weathers","21":"product_tag-niko-pirosmani","22":"product_tag-pierre-darriand","23":"product_tag-pierre-senges","24":"product_tag-pirosmani","25":"product_shipping_class-jusqua-250g","26":"pa_auteur-collectif","27":"pa_date-de-parution-6-decembre-2018","28":"pa_isbn-978-2-919103-17-1","29":"pa_nombre-de-pages-848","31":"first","32":"instock","33":"shipping-taxable","34":"purchasable","35":"product-type-simple"},"_links":{"self":[{"href":"https:\/\/www.revuegruppen.com\/gruppen\/wp-json\/wp\/v2\/product\/9610","targetHints":{"allow":["GET"]}}],"collection":[{"href":"https:\/\/www.revuegruppen.com\/gruppen\/wp-json\/wp\/v2\/product"}],"about":[{"href":"https:\/\/www.revuegruppen.com\/gruppen\/wp-json\/wp\/v2\/types\/product"}],"wp:featuredmedia":[{"embeddable":true,"href":"https:\/\/www.revuegruppen.com\/gruppen\/wp-json\/wp\/v2\/media\/10133"}],"wp:attachment":[{"href":"https:\/\/www.revuegruppen.com\/gruppen\/wp-json\/wp\/v2\/media?parent=9610"}],"wp:term":[{"taxonomy":"product_brand","embeddable":true,"href":"https:\/\/www.revuegruppen.com\/gruppen\/wp-json\/wp\/v2\/product_brand?post=9610"},{"taxonomy":"product_cat","embeddable":true,"href":"https:\/\/www.revuegruppen.com\/gruppen\/wp-json\/wp\/v2\/product_cat?post=9610"},{"taxonomy":"product_tag","embeddable":true,"href":"https:\/\/www.revuegruppen.com\/gruppen\/wp-json\/wp\/v2\/product_tag?post=9610"}],"curies":[{"name":"wp","href":"https:\/\/api.w.org\/{rel}","templated":true}]}}