{"id":7835,"date":"2014-01-04T17:56:06","date_gmt":"2014-01-04T16:56:06","guid":{"rendered":"http:\/\/www.revuegruppen.com\/gruppen2018\/?post_type=product&#038;p=7835"},"modified":"2024-04-12T16:48:40","modified_gmt":"2024-04-12T14:48:40","slug":"gruppen-n8","status":"publish","type":"product","link":"https:\/\/www.revuegruppen.com\/gruppen\/produit\/gruppen-n8\/","title":{"rendered":"Gruppen n\u00b08"},"content":{"rendered":"<p style=\"font-weight: 400; text-align: justify;\"><strong>Entrevue<\/strong><br \/>\navec\u00a0<strong>PATRICK TORT<\/strong>\u00a0\u2014\u00a0<em>Darwin et sa l\u00e9gende.<\/em>\u00a0(sciences)<em><br \/>\n<\/em><\/p>\n<p style=\"font-weight: 400; text-align: justify;\"><strong>Histoire<\/strong><strong><br \/>\nOANA LUIZA BARBU<\/strong>\u00a0\u2014\u00a0<em>La sanction artistique des abus du r\u00e9gime totalitaire dans la Roumanie post-d\u00e9cembriste.<br \/>\n<\/em>Cet article analyse la situation de l&rsquo;art contemporain dans la Roumanie post-communiste.<br \/>\nFace \u00e0 l\u2019amn\u00e9sie dont certains font preuve au sujet des ann\u00e9es Ceausescu, l&rsquo;art semble \u00eatre le dernier gardien d\u2019une m\u00e9moire qui nous permet de penser la Roumanie contemporaine et son r\u00e9cent pass\u00e9.<\/p>\n<p style=\"font-weight: 400; text-align: justify;\"><strong>Philosophie<\/strong><strong><br \/>\n\u00c9LIANE MARTIN-HAAG<\/strong>\u00a0\u2014\u00a0<em>De l\u2019opinion selon Rousseau \u00e0 l\u2019id\u00e9ologie selon Marx<\/em>.<br \/>\nAu sein de la recherche portant sur les origines spinoziennes de la philosophie marxiste, il s&rsquo;agira de montrer que Rousseau est le cha\u00eenon manquant reliant Spinoza \u00e0 Marx, et que Marx est donc spinoziste, dans la mesure o\u00f9 il est rousseauiste.<\/p>\n<p style=\"font-weight: 400; text-align: justify;\"><strong>S\u00c9BASTIEN MIRAV\u00c8TE<\/strong>\u00a0\u2014\u00a0<em>Moralit\u00e9, esth\u00e9tique et v\u00e9rit\u00e9 de la clinique et de l\u2019exp\u00e9rimental.<br \/>\n<\/em>La recherche exp\u00e9rimentale est plus rigoureuse que la pratique clinique, lorsqu&rsquo;il s&rsquo;agit d&rsquo;\u00e9laborer une th\u00e9orie. Pourtant, cette rigueur emp\u00eache le chercheur, plus que le praticien, d&rsquo;\u00eatre cr\u00e9atif et altruiste.<\/p>\n<p style=\"font-weight: 400; text-align: justify;\"><strong>PIERRE-ULYSSE BARRANQUE<\/strong>\u00a0\u2014\u00a0<em>Pratique intellectuelle et r\u00e9pression sociale de l\u2019art chez Karl Marx. Esth\u00e9tique de Marx II.<br \/>\n<\/em>Marx n&rsquo;est pas seulement un th\u00e9oricien de l&rsquo;exploitation des corps ouvriers, sa philosophie permet \u00e9galement de comprendre l&rsquo;origine sociale de l&rsquo;an\u00e9antissement de la cr\u00e9ativit\u00e9 artistique pour la grande majorit\u00e9 de la population.<\/p>\n<p style=\"font-weight: 400; text-align: justify;\"><strong>Dessins\u00a0<\/strong><strong><br \/>\nKEVIN LUCBERT<\/strong>\u00a0\u2014\u00a0<em>Mountain Fire\u00a0<\/em>et<em>\u00a0Le temps du Loup.<br \/>\n<\/em>Dessins issus de deux s\u00e9ries : \u00ab\u00a0Mountain Fire\u00a0\u00bb et \u00ab\u00a0Le temps du Loup\u00a0\u00bb, r\u00e9alis\u00e9es au bic sur papier, entre 2012 et 2013. Cabanes solitaires, lueurs incertaines, for\u00eats chim\u00e9riques. Pass\u00e9 et futur tissent leurs r\u00eaves de bois.<\/p>\n<p style=\"font-weight: 400; text-align: justify;\"><strong>Cin\u00e9ma<\/strong><strong><br \/>\nYANN BEAUVAIS<\/strong>\u00a0\u2014\u00a0<em>Daniel Eisenberg\u00a0: du fragment et de la persistance.<\/em><br \/>\nLa question de l&rsquo;histoire, de la m\u00e9moire, de l&rsquo;urbanisme contemporain et de ses repr\u00e9sentations, ainsi que celle des m\u00e9dias et de leurs effets, sont quelques uns des sujets privil\u00e9gi\u00e9s du cin\u00e9ma de Daniel Eisenberg. Nos comportements sont fa\u00e7onn\u00e9s par un ensemble d&rsquo;histoires et par les espaces que nous occupons, traversons ou habitons. Chaque proposition du cin\u00e9aste investit un ou plusieurs de ces champs.<\/p>\n<p style=\"font-weight: 400; text-align: justify;\"><strong>P\u00e9dagogie<\/strong><strong><br \/>\nILAN KADDOUCH,\u00a0JULIEN LAROCHE<\/strong>\u00a0\u2014\u00a0<em>\u00c9tude de trois cas d\u2019improvisation.<\/em><br \/>\nLa cr\u00e9ation musicale improvis\u00e9e est un dialecte repr\u00e9sentatif de la construction de notre existence au sein d\u2019un monde de significations partag\u00e9es.<\/p>\n<p style=\"font-weight: 400; text-align: justify;\"><strong>Po\u00e9sie<\/strong><strong><br \/>\nSERGE PEY<\/strong>\u00a0\u2014\u00a0<em>Le poulailler de la philosophie.<\/em><strong><br \/>\nLAURENT JARFER<\/strong>\u00a0\u2014\u00a0<em>Maraboutage \u00e9pistolaire.<\/em><\/p>\n<p style=\"font-weight: 400; text-align: justify;\"><strong>Les Mots de Bonnefoy<\/strong><br \/>\nMots Crois\u00e9s de BERNARD BONNEFOY<\/p>\n<div id='gallery-1' class='gallery galleryid-7835 gallery-columns-7 gallery-size-thumbnail'><figure class='gallery-item'>\n\t\t\t<div class='gallery-icon landscape'>\n\t\t\t\t<a href='https:\/\/www.revuegruppen.com\/gruppen\/wp-content\/uploads\/2014\/01\/gruppen-8-1.jpeg'><img loading=\"lazy\" decoding=\"async\" width=\"200\" height=\"200\" src=\"https:\/\/www.revuegruppen.com\/gruppen\/wp-content\/uploads\/2014\/01\/gruppen-8-1-200x200.jpeg\" class=\"attachment-thumbnail size-thumbnail\" alt=\"gruppen-8-1\" srcset=\"https:\/\/www.revuegruppen.com\/gruppen\/wp-content\/uploads\/2014\/01\/gruppen-8-1-200x200.jpeg 200w, https:\/\/www.revuegruppen.com\/gruppen\/wp-content\/uploads\/2014\/01\/gruppen-8-1-400x400.jpeg 400w, https:\/\/www.revuegruppen.com\/gruppen\/wp-content\/uploads\/2014\/01\/gruppen-8-1-800x800.jpeg 800w, https:\/\/www.revuegruppen.com\/gruppen\/wp-content\/uploads\/2014\/01\/gruppen-8-1-100x100.jpeg 100w\" sizes=\"auto, (max-width: 200px) 100vw, 200px\" \/><\/a>\n\t\t\t<\/div><\/figure><figure class='gallery-item'>\n\t\t\t<div class='gallery-icon landscape'>\n\t\t\t\t<a href='https:\/\/www.revuegruppen.com\/gruppen\/wp-content\/uploads\/2018\/09\/GRU8c.jpg'><img loading=\"lazy\" decoding=\"async\" width=\"200\" height=\"200\" src=\"https:\/\/www.revuegruppen.com\/gruppen\/wp-content\/uploads\/2018\/09\/GRU8c-200x200.jpg\" class=\"attachment-thumbnail size-thumbnail\" alt=\"GRU8c\" srcset=\"https:\/\/www.revuegruppen.com\/gruppen\/wp-content\/uploads\/2018\/09\/GRU8c-200x200.jpg 200w, https:\/\/www.revuegruppen.com\/gruppen\/wp-content\/uploads\/2018\/09\/GRU8c-100x100.jpg 100w\" sizes=\"auto, (max-width: 200px) 100vw, 200px\" \/><\/a>\n\t\t\t<\/div><\/figure><figure class='gallery-item'>\n\t\t\t<div class='gallery-icon landscape'>\n\t\t\t\t<a href='https:\/\/www.revuegruppen.com\/gruppen\/wp-content\/uploads\/2018\/09\/G8-1.jpg'><img loading=\"lazy\" decoding=\"async\" width=\"200\" height=\"200\" src=\"https:\/\/www.revuegruppen.com\/gruppen\/wp-content\/uploads\/2018\/09\/G8-1-200x200.jpg\" class=\"attachment-thumbnail size-thumbnail\" alt=\"G8-1\" srcset=\"https:\/\/www.revuegruppen.com\/gruppen\/wp-content\/uploads\/2018\/09\/G8-1-200x200.jpg 200w, https:\/\/www.revuegruppen.com\/gruppen\/wp-content\/uploads\/2018\/09\/G8-1-100x100.jpg 100w\" sizes=\"auto, (max-width: 200px) 100vw, 200px\" \/><\/a>\n\t\t\t<\/div><\/figure><figure class='gallery-item'>\n\t\t\t<div class='gallery-icon landscape'>\n\t\t\t\t<a href='https:\/\/www.revuegruppen.com\/gruppen\/wp-content\/uploads\/2018\/09\/G8-3.jpg'><img loading=\"lazy\" decoding=\"async\" width=\"200\" height=\"200\" src=\"https:\/\/www.revuegruppen.com\/gruppen\/wp-content\/uploads\/2018\/09\/G8-3-200x200.jpg\" class=\"attachment-thumbnail size-thumbnail\" alt=\"G8-3\" srcset=\"https:\/\/www.revuegruppen.com\/gruppen\/wp-content\/uploads\/2018\/09\/G8-3-200x200.jpg 200w, https:\/\/www.revuegruppen.com\/gruppen\/wp-content\/uploads\/2018\/09\/G8-3-100x100.jpg 100w\" sizes=\"auto, (max-width: 200px) 100vw, 200px\" \/><\/a>\n\t\t\t<\/div><\/figure><figure class='gallery-item'>\n\t\t\t<div class='gallery-icon landscape'>\n\t\t\t\t<a href='https:\/\/www.revuegruppen.com\/gruppen\/wp-content\/uploads\/2014\/01\/gruppen-8-2.jpeg'><img loading=\"lazy\" decoding=\"async\" width=\"200\" height=\"200\" src=\"https:\/\/www.revuegruppen.com\/gruppen\/wp-content\/uploads\/2014\/01\/gruppen-8-2-200x200.jpeg\" class=\"attachment-thumbnail size-thumbnail\" alt=\"gruppen-8-2\" srcset=\"https:\/\/www.revuegruppen.com\/gruppen\/wp-content\/uploads\/2014\/01\/gruppen-8-2-200x200.jpeg 200w, https:\/\/www.revuegruppen.com\/gruppen\/wp-content\/uploads\/2014\/01\/gruppen-8-2-400x400.jpeg 400w, https:\/\/www.revuegruppen.com\/gruppen\/wp-content\/uploads\/2014\/01\/gruppen-8-2-800x800.jpeg 800w, https:\/\/www.revuegruppen.com\/gruppen\/wp-content\/uploads\/2014\/01\/gruppen-8-2-100x100.jpeg 100w\" sizes=\"auto, (max-width: 200px) 100vw, 200px\" \/><\/a>\n\t\t\t<\/div><\/figure><figure class='gallery-item'>\n\t\t\t<div class='gallery-icon landscape'>\n\t\t\t\t<a href='https:\/\/www.revuegruppen.com\/gruppen\/wp-content\/uploads\/2014\/01\/gruppen-8-3.jpeg'><img loading=\"lazy\" decoding=\"async\" width=\"200\" height=\"200\" src=\"https:\/\/www.revuegruppen.com\/gruppen\/wp-content\/uploads\/2014\/01\/gruppen-8-3-200x200.jpeg\" class=\"attachment-thumbnail size-thumbnail\" alt=\"\" srcset=\"https:\/\/www.revuegruppen.com\/gruppen\/wp-content\/uploads\/2014\/01\/gruppen-8-3-200x200.jpeg 200w, https:\/\/www.revuegruppen.com\/gruppen\/wp-content\/uploads\/2014\/01\/gruppen-8-3-400x400.jpeg 400w, https:\/\/www.revuegruppen.com\/gruppen\/wp-content\/uploads\/2014\/01\/gruppen-8-3-800x800.jpeg 800w, https:\/\/www.revuegruppen.com\/gruppen\/wp-content\/uploads\/2014\/01\/gruppen-8-3-100x100.jpeg 100w\" sizes=\"auto, (max-width: 200px) 100vw, 200px\" \/><\/a>\n\t\t\t<\/div><\/figure><figure class='gallery-item'>\n\t\t\t<div class='gallery-icon landscape'>\n\t\t\t\t<a href='https:\/\/www.revuegruppen.com\/gruppen\/wp-content\/uploads\/2014\/01\/gruppen-8-4.jpeg'><img loading=\"lazy\" decoding=\"async\" width=\"200\" height=\"200\" src=\"https:\/\/www.revuegruppen.com\/gruppen\/wp-content\/uploads\/2014\/01\/gruppen-8-4-200x200.jpeg\" class=\"attachment-thumbnail size-thumbnail\" alt=\"\" srcset=\"https:\/\/www.revuegruppen.com\/gruppen\/wp-content\/uploads\/2014\/01\/gruppen-8-4-200x200.jpeg 200w, https:\/\/www.revuegruppen.com\/gruppen\/wp-content\/uploads\/2014\/01\/gruppen-8-4-400x400.jpeg 400w, https:\/\/www.revuegruppen.com\/gruppen\/wp-content\/uploads\/2014\/01\/gruppen-8-4-800x800.jpeg 800w, https:\/\/www.revuegruppen.com\/gruppen\/wp-content\/uploads\/2014\/01\/gruppen-8-4-100x100.jpeg 100w\" sizes=\"auto, (max-width: 200px) 100vw, 200px\" \/><\/a>\n\t\t\t<\/div><\/figure><figure class='gallery-item'>\n\t\t\t<div class='gallery-icon landscape'>\n\t\t\t\t<a href='https:\/\/www.revuegruppen.com\/gruppen\/wp-content\/uploads\/2014\/01\/gruppen-8-5.jpeg'><img loading=\"lazy\" decoding=\"async\" width=\"200\" height=\"200\" src=\"https:\/\/www.revuegruppen.com\/gruppen\/wp-content\/uploads\/2014\/01\/gruppen-8-5-200x200.jpeg\" class=\"attachment-thumbnail size-thumbnail\" alt=\"\" srcset=\"https:\/\/www.revuegruppen.com\/gruppen\/wp-content\/uploads\/2014\/01\/gruppen-8-5-200x200.jpeg 200w, https:\/\/www.revuegruppen.com\/gruppen\/wp-content\/uploads\/2014\/01\/gruppen-8-5-400x400.jpeg 400w, https:\/\/www.revuegruppen.com\/gruppen\/wp-content\/uploads\/2014\/01\/gruppen-8-5-800x800.jpeg 800w, https:\/\/www.revuegruppen.com\/gruppen\/wp-content\/uploads\/2014\/01\/gruppen-8-5-100x100.jpeg 100w\" sizes=\"auto, (max-width: 200px) 100vw, 200px\" \/><\/a>\n\t\t\t<\/div><\/figure><figure class='gallery-item'>\n\t\t\t<div class='gallery-icon landscape'>\n\t\t\t\t<a href='https:\/\/www.revuegruppen.com\/gruppen\/wp-content\/uploads\/2018\/09\/G8-2.jpg'><img loading=\"lazy\" decoding=\"async\" width=\"200\" height=\"200\" src=\"https:\/\/www.revuegruppen.com\/gruppen\/wp-content\/uploads\/2018\/09\/G8-2-200x200.jpg\" class=\"attachment-thumbnail size-thumbnail\" alt=\"\" srcset=\"https:\/\/www.revuegruppen.com\/gruppen\/wp-content\/uploads\/2018\/09\/G8-2-200x200.jpg 200w, https:\/\/www.revuegruppen.com\/gruppen\/wp-content\/uploads\/2018\/09\/G8-2-100x100.jpg 100w\" sizes=\"auto, (max-width: 200px) 100vw, 200px\" \/><\/a>\n\t\t\t<\/div><\/figure><figure class='gallery-item'>\n\t\t\t<div class='gallery-icon landscape'>\n\t\t\t\t<a href='https:\/\/www.revuegruppen.com\/gruppen\/wp-content\/uploads\/2018\/09\/GRU8a.jpg'><img loading=\"lazy\" decoding=\"async\" width=\"200\" height=\"200\" src=\"https:\/\/www.revuegruppen.com\/gruppen\/wp-content\/uploads\/2018\/09\/GRU8a-200x200.jpg\" class=\"attachment-thumbnail size-thumbnail\" alt=\"\" srcset=\"https:\/\/www.revuegruppen.com\/gruppen\/wp-content\/uploads\/2018\/09\/GRU8a-200x200.jpg 200w, https:\/\/www.revuegruppen.com\/gruppen\/wp-content\/uploads\/2018\/09\/GRU8a-100x100.jpg 100w\" sizes=\"auto, (max-width: 200px) 100vw, 200px\" \/><\/a>\n\t\t\t<\/div><\/figure>\n\t\t<\/div>\n\n","protected":false},"excerpt":{"rendered":"<p style=\"text-align: justify;\">C\u2019est une boucle singuli\u00e8re que nous vous invitons \u00e0 parcourir. Car ce num\u00e9ro 8 illustre pour l\u2019occasion le fameux ruban dont M\u00f6bius d\u00e9couvrit jadis l\u2019\u00e9tonnante particularit\u00e9. Avouons-le sans ambages, nous sommes v\u00e9ritablement heureux de compter parmi nous Patrick Tort, historien des sciences et th\u00e9oricien de la connaissance, qui s\u2019emploie notamment depuis trente ans, au fil d\u2019une \u0153uvre consid\u00e9rable, \u00e0 r\u00e9tablir la juste interpr\u00e9tation que l\u2019on doit faire de la pens\u00e9e de Charles Darwin. Il faut avoir \u00e0 l\u2019esprit les cons\u00e9quences parfois barbares qu\u2019eurent jusqu\u2019\u00e0 nos jours les r\u00e9voltantes interpr\u00e9tations dont souffrit la c\u00e9l\u00e8bre th\u00e9orie de l\u2019\u00e9volution de Darwin pour mesurer l\u2019immense int\u00e9r\u00eat que rev\u00eat l\u2019\u0153uvre de Patrick Tort \u00e0 ce sujet, une \u0153uvre qui balaie tout ce qu\u2019un si\u00e8cle de \u00ab darwinisme social \u00bb a frauduleusement tent\u00e9 de nous inculquer. Les implications scientifiques, \u00e9thiques, politiques, de ce \u00ab darwinisme \u00bb qui n\u2019en fut jamais un, sont l\u00e9gion, et leur compr\u00e9hension est absolument n\u00e9cessaire pour analyser notre soci\u00e9t\u00e9. Car il existe un effet r\u00e9versif de l\u2019\u00e9volution dans la th\u00e9orie darwinienne, un effet apparemment tout aussi surprenant que la propri\u00e9t\u00e9 du ruban qui l\u2019illustre, et qui, \u00e0 la s\u00e9lection \u00ab du plus fort \u00bb propre au r\u00e8gne animal, substitue quant \u00e0 l\u2019esp\u00e8ce humaine la s\u00e9lection d\u2019instincts sociaux et protecteurs. Nous avons naturellement accord\u00e9 une large place \u00e0 Patrick Tort, qui a bien voulu r\u00e9pondre \u00e0 des questions de la plus haute importance. \u00c0 cette longue entrevue s\u2019ajoutent bien entendu de nombreuses autres contributions. Nous retrouvons une philosophe qui nous est ch\u00e8re et suivons \u00c9liane Martin-Haag sur le chemin qui m\u00e8ne <em>De l\u2019opinion selon Rousseau \u00e0 l\u2019id\u00e9ologie selon Marx<\/em>. Pierre-Ulysse Barranque poursuit pour sa part une s\u00e9rie d\u2019\u00e9tudes initi\u00e9e dans le num\u00e9ro pr\u00e9c\u00e9dent, avec un texte intitul\u00e9 <em>Pratique intellectuelle et r\u00e9pression sociale de l\u2019art chez Karl Marx<\/em>. S\u00e9bastien Mirav\u00e8te pr\u00e9sente <em>Moralit\u00e9, esth\u00e9tique et v\u00e9rit\u00e9 de la clinique et de l&rsquo;exp\u00e9rimental<\/em>. Quant \u00e0 Ilan Kaddouch, qui enseigne la musique en g\u00e9n\u00e9ral, et le piano en particulier, il nous r\u00e9v\u00e8le, avec <em>l\u2019\u00c9tude de trois cas d\u2019improvisation<\/em> issus de son exp\u00e9rience de p\u00e9dagogue, que la cr\u00e9ation musicale improvis\u00e9e est un dialecte repr\u00e9sentatif de la construction de notre existence au sein d\u2019un monde de significations partag\u00e9es. Nous accueillons par ailleurs la roumaine Oana Luiza Barbu qui fut conduite, par ses travaux en sociologie et en sciences politiques, \u00e0 penser <em>La sanction artistique des abus du r\u00e9gime totalitaire dans la Roumanie post-d\u00e9cembriste<\/em>; et retrouvons le cin\u00e9aste Yann Beauvais qui, encore et toujours, nous fait b\u00e9n\u00e9ficier de son incomparable connaissance de l\u2019art cin\u00e9matographique, avec une analyse des films de Daniel Eisenberg. Nous n\u2019oublions pas de faire place aux dessins de Kevin Lucbert, ainsi qu\u2019\u00e0 la po\u00e9sie de Serge Pey et Laurent Jarfer. Quant \u00e0 celle qui s\u2019efforce de vous servir tout cela en beaut\u00e9 ? Saluons notre indispensable graphiste et illustratrice, Laurence Gatti.<\/p>\n","protected":false},"featured_media":8560,"template":"","meta":[],"product_brand":[],"product_cat":[66,67],"product_tag":[644,637,638,39,41,639,42,527,640,49,641,642,55,552,63,643,538,539,65],"class_list":{"0":"post-7835","1":"product","2":"type-product","3":"status-publish","4":"has-post-thumbnail","6":"tagmedia-gruppen-8","7":"product_cat-catalogue","8":"product_cat-revue","9":"product_tag-daniel-eisenberg","10":"product_tag-darwin","11":"product_tag-eliane-martin-haag","12":"product_tag-gruppen","13":"product_tag-gruppen-editions","14":"product_tag-gruppen-n8","15":"product_tag-ilan-kaddouch","16":"product_tag-julien-laroche","17":"product_tag-kevin-lucbert","18":"product_tag-laurent-jarfer","19":"product_tag-marx","20":"product_tag-oana-barbu","21":"product_tag-patrick-tort","22":"product_tag-pierre-ulysse-barranque","23":"product_tag-revue-gruppen","24":"product_tag-rousseau","25":"product_tag-sebastien-miravete","26":"product_tag-serge-pey","27":"product_tag-yann-beauvais","28":"product_shipping_class-entre-250-et-500g","29":"pa_date-de-parution-27-janvier-2014","30":"pa_isbn-978-2-919103-10-2","31":"pa_nombre-de-pages-176-pages","33":"first","34":"instock","35":"shipping-taxable","36":"purchasable","37":"product-type-simple"},"_links":{"self":[{"href":"https:\/\/www.revuegruppen.com\/gruppen\/wp-json\/wp\/v2\/product\/7835","targetHints":{"allow":["GET"]}}],"collection":[{"href":"https:\/\/www.revuegruppen.com\/gruppen\/wp-json\/wp\/v2\/product"}],"about":[{"href":"https:\/\/www.revuegruppen.com\/gruppen\/wp-json\/wp\/v2\/types\/product"}],"wp:featuredmedia":[{"embeddable":true,"href":"https:\/\/www.revuegruppen.com\/gruppen\/wp-json\/wp\/v2\/media\/8560"}],"wp:attachment":[{"href":"https:\/\/www.revuegruppen.com\/gruppen\/wp-json\/wp\/v2\/media?parent=7835"}],"wp:term":[{"taxonomy":"product_brand","embeddable":true,"href":"https:\/\/www.revuegruppen.com\/gruppen\/wp-json\/wp\/v2\/product_brand?post=7835"},{"taxonomy":"product_cat","embeddable":true,"href":"https:\/\/www.revuegruppen.com\/gruppen\/wp-json\/wp\/v2\/product_cat?post=7835"},{"taxonomy":"product_tag","embeddable":true,"href":"https:\/\/www.revuegruppen.com\/gruppen\/wp-json\/wp\/v2\/product_tag?post=7835"}],"curies":[{"name":"wp","href":"https:\/\/api.w.org\/{rel}","templated":true}]}}