{"id":7788,"date":"2013-06-03T17:30:07","date_gmt":"2013-06-03T15:30:07","guid":{"rendered":"http:\/\/www.revuegruppen.com\/gruppen2018\/?post_type=product&#038;p=7788"},"modified":"2024-04-12T17:00:29","modified_gmt":"2024-04-12T15:00:29","slug":"gruppen-n7","status":"publish","type":"product","link":"https:\/\/www.revuegruppen.com\/gruppen\/produit\/gruppen-n7\/","title":{"rendered":"Gruppen n\u00b07"},"content":{"rendered":"<p style=\"font-weight: 400; text-align: justify;\"><strong>Entrevue<\/strong><br \/>\navec\u00a0<strong>PHILIPPE DESCOLA<\/strong>\u00a0(anthropologie)<\/p>\n<p style=\"font-weight: 400; text-align: justify;\"><strong>Histoire<\/strong><strong><br \/>\nDAN BERGER<\/strong>\u00a0\u2013\u00a0<em>Lettre d&rsquo;Am\u00e9rique : une bande-son de Marilyn Buck.<\/em><br \/>\nL\u2019histoire de Marilyn Buck, militante r\u00e9volutionnaire et artiste am\u00e9ricaine, emprisonn\u00e9e pendant vingt-cinq ans en raison de son soutien \u00e0 la cause des Noirs. Une \u00ab autre Am\u00e9rique \u00bb appara\u00eet, dans laquelle l\u2019Art et la R\u00e9volution sont unis pour briser les murs de l\u2019oppression, \u00e0 l\u2019int\u00e9rieur comme \u00e0 l\u2019ext\u00e9rieur du bagne.<\/p>\n<p style=\"font-weight: 400; text-align: justify;\"><strong>Voix pamphl\u00e9taires<br \/>\n<\/strong><strong>ANNE MATHIEU<\/strong>\u00a0\u2013\u00a0<em>Aim\u00e9 C\u00e9saire et Frantz Fanon : la d\u00e9nonciation vigoureuse du colonialisme.<br \/>\n<\/em>L&rsquo;\u00e9tude intertextuelle d&rsquo;Aim\u00e9 C\u00e9saire et de Frantz Fanon enrichit la subversion de leur pens\u00e9e respective.<\/p>\n<p style=\"font-weight: 400; text-align: justify;\"><strong>Cin\u00e9ma<\/strong><br \/>\n<strong>YANN BEAUVAIS<\/strong>\u00a0\u2013\u00a0<em>J\u00f3zef Robakowski un artiste polyvalent.<\/em><br \/>\nL\u2019\u0153uvre du cin\u00e9aste exp\u00e9rimental polonais J\u00f3zef Robakowski.<\/p>\n<p style=\"font-weight: 400; text-align: justify;\"><strong>Dessins\u00a0<\/strong><strong><br \/>\nASTRID DE LA CHAPELLE<\/strong>\u00a0\u2013\u00a0<em>Piedestaux.<\/em><\/p>\n<p style=\"font-weight: 400; text-align: justify;\"><strong>Po\u00e9sie<\/strong><strong><br \/>\nSERGE PEY<\/strong>\u00a0\u2013\u00a0<em>Indiens des plaines.<\/em><br \/>\nAdresse \u00e0 Barack Obama, pr\u00e9sident des USA, dans la langue des signes des Indiens des plaines, pour la lib\u00e9ration de Leonard Peltier, de la nation des Anishinaabe \/ Lakota, militant de l\u2019American Indian Movement emprisonn\u00e9 depuis 1976.<\/p>\n<p style=\"font-weight: 400; text-align: justify;\"><strong>LAURENT JARFER<\/strong>\u00a0\u2013\u00a0<em>La m\u00e9canique hermaphrodite du c\u0153ur souple<\/em><\/p>\n<p style=\"font-weight: 400; text-align: justify;\"><strong>Philosophie<\/strong><strong><br \/>\nARNAUD FRAN\u00c7OIS<\/strong>\u00a0\u2013\u00a0<em>Philosophie de la sant\u00e9.<\/em><br \/>\nR\u00e9nover en profondeur les concepts de sant\u00e9 et de maladie \u00e0 la lueur des sciences actuelles et de la philosophie bergsonienne.<\/p>\n<p style=\"font-weight: 400; text-align: justify;\"><strong>FR\u00c9D\u00c9RIQUE BISIAUX<\/strong>\u00a0\u2013\u00a0<em>Vacuit\u00e9 de l&rsquo;existence humaine dans ses rapports avec l&rsquo;ali\u00e9nation et la libert\u00e9.<\/em><br \/>\nLa relation entre le nourrisson et ses parents est intrins\u00e8quement morale. Ambig\u00fce par essence, elle fonde comme elle menace notre vitalit\u00e9 et notre libert\u00e9.<\/p>\n<p style=\"font-weight: 400; text-align: justify;\"><strong>S\u00c9BASTIEN MIRAV\u00c8TE<\/strong>\u00a0\u2013\u00a0<em>Note de lecture : computation et incarnation.<\/em><br \/>\nLes sciences cognitives sont aujourd&rsquo;hui \u00e0 un tournant de leur histoire : l&rsquo;ordinateur ne para\u00eet plus n\u00e9cessairement \u00eatre le mod\u00e8le de r\u00e9f\u00e9rence pour comprendre les m\u00e9canismes de la pens\u00e9e humaine. Le corps signe son grand retour.<\/p>\n<p style=\"font-weight: 400; text-align: justify;\"><strong>PIERRE-ULYSSE BARRANQUE<\/strong>\u00a0<em>\u2013 L&rsquo;ali\u00e9nation sociale de l&rsquo;artiste selon Karl Marx \u2013 Esth\u00e9tique de Marx I.<\/em><br \/>\nLoin d\u2019\u00eatre une exception dans la soci\u00e9t\u00e9, l\u2019artiste est selon Karl Marx tout autant soumis aux formes ali\u00e9n\u00e9es de la vie sociale que les autres travailleurs. Il s\u2019agira d\u00e8s lors d\u2019analyser la sp\u00e9cificit\u00e9 de l\u2019ali\u00e9nation de l\u2019activit\u00e9 artistique chez cet auteur, et d\u2019interroger plus pr\u00e9cis\u00e9ment la figure de \u00ab l\u2019\u00e9crivain prol\u00e9taire \u00bb.<\/p>\n<p style=\"font-weight: 400; text-align: justify;\"><strong>Musique<\/strong><strong><br \/>\nILAN KADDOUCH<\/strong>\u00a0\u2013\u00a0<em>\u00a0Quatuor \u00e0 cordes n\u00b01.<br \/>\n<\/em>Partition.<\/p>\n<p style=\"font-weight: 400; text-align: justify;\"><strong>Litt\u00e9rature<\/strong><br \/>\n<strong>BERNARD BOURRIT<\/strong>\u00a0\u2013\u00a0<em>\u00a0Les d\u00e9courag\u00e9s.\u00a0<\/em><br \/>\nR\u00e9flexion sur le renoncement, \u00e0 travers le portrait de Frederick Farrar r\u00e9alis\u00e9 par l\u2019\u00e9crivain W. G. Sebald.<\/p>\n<p style=\"font-weight: 400; text-align: justify;\"><strong>Les Mots de Bonnefoy<\/strong><br \/>\nMots Crois\u00e9s de BERNARD BONNEFOY<\/p>\n<p style=\"font-weight: 400; text-align: justify;\"><strong>Illustrations<\/strong>\u00a0<strong><br \/>\nLAURENCE GATTI<\/strong><\/p>\n<div id='gallery-1' class='gallery galleryid-7788 gallery-columns-7 gallery-size-thumbnail'><figure class='gallery-item'>\n\t\t\t<div class='gallery-icon portrait'>\n\t\t\t\t<a href='https:\/\/www.revuegruppen.com\/gruppen\/wp-content\/uploads\/2013\/06\/G5.jpeg'><img loading=\"lazy\" decoding=\"async\" width=\"200\" height=\"200\" src=\"https:\/\/www.revuegruppen.com\/gruppen\/wp-content\/uploads\/2013\/06\/G5-200x200.jpeg\" class=\"attachment-thumbnail size-thumbnail\" alt=\"\" srcset=\"https:\/\/www.revuegruppen.com\/gruppen\/wp-content\/uploads\/2013\/06\/G5-200x200.jpeg 200w, https:\/\/www.revuegruppen.com\/gruppen\/wp-content\/uploads\/2013\/06\/G5-100x100.jpeg 100w\" sizes=\"auto, (max-width: 200px) 100vw, 200px\" \/><\/a>\n\t\t\t<\/div><\/figure><figure class='gallery-item'>\n\t\t\t<div class='gallery-icon landscape'>\n\t\t\t\t<a href='https:\/\/www.revuegruppen.com\/gruppen\/wp-content\/uploads\/2013\/06\/G1.jpeg'><img loading=\"lazy\" decoding=\"async\" width=\"200\" height=\"200\" src=\"https:\/\/www.revuegruppen.com\/gruppen\/wp-content\/uploads\/2013\/06\/G1-200x200.jpeg\" class=\"attachment-thumbnail size-thumbnail\" alt=\"\" srcset=\"https:\/\/www.revuegruppen.com\/gruppen\/wp-content\/uploads\/2013\/06\/G1-200x200.jpeg 200w, https:\/\/www.revuegruppen.com\/gruppen\/wp-content\/uploads\/2013\/06\/G1-400x400.jpeg 400w, https:\/\/www.revuegruppen.com\/gruppen\/wp-content\/uploads\/2013\/06\/G1-100x100.jpeg 100w\" sizes=\"auto, (max-width: 200px) 100vw, 200px\" \/><\/a>\n\t\t\t<\/div><\/figure><figure class='gallery-item'>\n\t\t\t<div class='gallery-icon landscape'>\n\t\t\t\t<a href='https:\/\/www.revuegruppen.com\/gruppen\/wp-content\/uploads\/2013\/06\/G2.jpeg'><img loading=\"lazy\" decoding=\"async\" width=\"200\" height=\"200\" src=\"https:\/\/www.revuegruppen.com\/gruppen\/wp-content\/uploads\/2013\/06\/G2-200x200.jpeg\" class=\"attachment-thumbnail size-thumbnail\" alt=\"\" srcset=\"https:\/\/www.revuegruppen.com\/gruppen\/wp-content\/uploads\/2013\/06\/G2-200x200.jpeg 200w, https:\/\/www.revuegruppen.com\/gruppen\/wp-content\/uploads\/2013\/06\/G2-400x400.jpeg 400w, https:\/\/www.revuegruppen.com\/gruppen\/wp-content\/uploads\/2013\/06\/G2-100x100.jpeg 100w\" sizes=\"auto, (max-width: 200px) 100vw, 200px\" \/><\/a>\n\t\t\t<\/div><\/figure><figure class='gallery-item'>\n\t\t\t<div class='gallery-icon landscape'>\n\t\t\t\t<a href='https:\/\/www.revuegruppen.com\/gruppen\/wp-content\/uploads\/2013\/06\/G3.jpeg'><img loading=\"lazy\" decoding=\"async\" width=\"200\" height=\"200\" src=\"https:\/\/www.revuegruppen.com\/gruppen\/wp-content\/uploads\/2013\/06\/G3-200x200.jpeg\" class=\"attachment-thumbnail size-thumbnail\" alt=\"\" srcset=\"https:\/\/www.revuegruppen.com\/gruppen\/wp-content\/uploads\/2013\/06\/G3-200x200.jpeg 200w, https:\/\/www.revuegruppen.com\/gruppen\/wp-content\/uploads\/2013\/06\/G3-400x400.jpeg 400w, https:\/\/www.revuegruppen.com\/gruppen\/wp-content\/uploads\/2013\/06\/G3-100x100.jpeg 100w\" sizes=\"auto, (max-width: 200px) 100vw, 200px\" \/><\/a>\n\t\t\t<\/div><\/figure><figure class='gallery-item'>\n\t\t\t<div class='gallery-icon landscape'>\n\t\t\t\t<a href='https:\/\/www.revuegruppen.com\/gruppen\/wp-content\/uploads\/2013\/06\/G4.jpeg'><img loading=\"lazy\" decoding=\"async\" width=\"200\" height=\"200\" src=\"https:\/\/www.revuegruppen.com\/gruppen\/wp-content\/uploads\/2013\/06\/G4-200x200.jpeg\" class=\"attachment-thumbnail size-thumbnail\" alt=\"\" srcset=\"https:\/\/www.revuegruppen.com\/gruppen\/wp-content\/uploads\/2013\/06\/G4-200x200.jpeg 200w, https:\/\/www.revuegruppen.com\/gruppen\/wp-content\/uploads\/2013\/06\/G4-400x400.jpeg 400w, https:\/\/www.revuegruppen.com\/gruppen\/wp-content\/uploads\/2013\/06\/G4-100x100.jpeg 100w\" sizes=\"auto, (max-width: 200px) 100vw, 200px\" \/><\/a>\n\t\t\t<\/div><\/figure><figure class='gallery-item'>\n\t\t\t<div class='gallery-icon landscape'>\n\t\t\t\t<a href='https:\/\/www.revuegruppen.com\/gruppen\/wp-content\/uploads\/2018\/09\/G7-2.jpg'><img loading=\"lazy\" decoding=\"async\" width=\"200\" height=\"200\" src=\"https:\/\/www.revuegruppen.com\/gruppen\/wp-content\/uploads\/2018\/09\/G7-2-200x200.jpg\" class=\"attachment-thumbnail size-thumbnail\" alt=\"\" srcset=\"https:\/\/www.revuegruppen.com\/gruppen\/wp-content\/uploads\/2018\/09\/G7-2-200x200.jpg 200w, https:\/\/www.revuegruppen.com\/gruppen\/wp-content\/uploads\/2018\/09\/G7-2-100x100.jpg 100w\" sizes=\"auto, (max-width: 200px) 100vw, 200px\" \/><\/a>\n\t\t\t<\/div><\/figure><figure class='gallery-item'>\n\t\t\t<div class='gallery-icon landscape'>\n\t\t\t\t<a href='https:\/\/www.revuegruppen.com\/gruppen\/wp-content\/uploads\/2018\/09\/G7-1.jpg'><img loading=\"lazy\" decoding=\"async\" width=\"200\" height=\"200\" src=\"https:\/\/www.revuegruppen.com\/gruppen\/wp-content\/uploads\/2018\/09\/G7-1-200x200.jpg\" class=\"attachment-thumbnail size-thumbnail\" alt=\"\" srcset=\"https:\/\/www.revuegruppen.com\/gruppen\/wp-content\/uploads\/2018\/09\/G7-1-200x200.jpg 200w, https:\/\/www.revuegruppen.com\/gruppen\/wp-content\/uploads\/2018\/09\/G7-1-100x100.jpg 100w\" sizes=\"auto, (max-width: 200px) 100vw, 200px\" \/><\/a>\n\t\t\t<\/div><\/figure><figure class='gallery-item'>\n\t\t\t<div class='gallery-icon landscape'>\n\t\t\t\t<a href='https:\/\/www.revuegruppen.com\/gruppen\/wp-content\/uploads\/2018\/09\/G7-3.jpg'><img loading=\"lazy\" decoding=\"async\" width=\"200\" height=\"200\" src=\"https:\/\/www.revuegruppen.com\/gruppen\/wp-content\/uploads\/2018\/09\/G7-3-200x200.jpg\" class=\"attachment-thumbnail size-thumbnail\" alt=\"\" srcset=\"https:\/\/www.revuegruppen.com\/gruppen\/wp-content\/uploads\/2018\/09\/G7-3-200x200.jpg 200w, https:\/\/www.revuegruppen.com\/gruppen\/wp-content\/uploads\/2018\/09\/G7-3-100x100.jpg 100w\" sizes=\"auto, (max-width: 200px) 100vw, 200px\" \/><\/a>\n\t\t\t<\/div><\/figure>\n\t\t<\/div>\n\n","protected":false},"excerpt":{"rendered":"<p style=\"text-align: justify;\">Comme \u00e0 notre habitude, nous vous proposons dans ce num\u00e9ro 7 une entrevue fameuse, et accueillons pour l\u2019occasion le grand anthropologue Philippe Descola.<br \/>\nNe fixant aucun th\u00e8me \u00e0 l\u2019avance, c\u2019est tout naturellement, et sans pr\u00e9m\u00e9ditation, que nos lignes visiteront le travail de l\u2019historien et activiste am\u00e9ricain Dan Berger, lequel rend ici hommage \u00e0 la militante r\u00e9volutionnaire et artiste Marilyn Buck, emprisonn\u00e9e durant vingt-cinq ans pour avoir soutenu la cause des Noirs. Anne Mathieu, pour sa part, nous invite \u00e0 nous pencher de nouveau sur l\u2019\u0153uvre de ces deux g\u00e9ants que sont Frantz Fanon et Aim\u00e9 C\u00e9saire.<br \/>\nEt puisque nous ne sommes jamais assez nombreux pour d\u00e9noncer le m\u00e9pris et l\u2019oppression dont tant de femmes et d\u2019hommes sont les victimes, le po\u00e8te Serge Pey nous rappelle l\u2019existence de cet homme injustement emprisonn\u00e9 depuis plus de trente ans pour avoir d\u00e9fendu le droit de son peuple \u00e0 vivre dignement, \u00e0 savoir Leonard Peltier, militant de l\u2019American Indian Movement.<br \/>\nDu c\u00f4t\u00e9 des philosophes, Fr\u00e9d\u00e9rique Bisiaux signe un texte portant sur la <em>Vacuit\u00e9 de l&rsquo;existence humaine dans ses rapports avec l&rsquo;ali\u00e9nation et la libert\u00e9<\/em>. Elle est accompagn\u00e9e d\u2019Arnaud Fran\u00e7ois dont le travail nous invite \u00e0 penser une nouvelle <em>Philosophie de la sant\u00e9<\/em>, de S\u00e9bastien Mirav\u00e8te qui nous livre ici une note concernant l\u2019\u00e9volution des sciences cognitives, et de Pierre-Ulysse Barranque qui entame dans ce nouveau num\u00e9ro une r\u00e9flexion sur l\u2019esth\u00e9tique de Marx et nous offre un texte intitul\u00e9\u00a0<em>L&rsquo;ali\u00e9nation sociale de l&rsquo;artiste selon Karl Marx (Esth\u00e9tique de Marx I)<\/em>.<br \/>\nD\u2019art, il en sera question encore avec Yann Beauvais, dans un essai portant sur l\u2019\u0153uvre majeure du cin\u00e9aste exp\u00e9rimental polonais J\u00f3sef Robakowski, mais aussi avec Ilan Kaddouch qui nous pr\u00e9sente pour la premi\u00e8re fois dans ces pages une courte \u0153uvre musicale sous la forme d\u2019un quatuor \u00e0 cordes, sans oublier Bernard Bourrit, avec une r\u00e9flexion sur le renoncement \u00e0 travers le portrait de Frederick Farrar r\u00e9alis\u00e9 par l\u2019\u00e9crivain W. G. Sebald, ou encore Astrid de la Chapelle dont les dessins traversent l\u2019ensemble ce num\u00e9ro.<br \/>\n<em>La m\u00e9canique hermaphrodite du c\u0153ur souple<\/em>, du po\u00e8te Laurent Jarfer, cl\u00f4ture ce\u00a0<em>Gruppen<\/em>\u00a0n\u00b07, qui bien \u00e9videmment n\u2019aurait pu prendre corps sans le travail graphique de notre tr\u00e8s ch\u00e8re Laurence Gatti.<\/p>\n","protected":false},"featured_media":8559,"template":"","meta":[],"product_brand":[],"product_cat":[66,67],"product_tag":[634,622,31,623,624,32,34,625,626,627,41,628,526,42,629,630,48,49,631,50,632,54,568,57,552,60,538,539,633],"class_list":{"0":"post-7788","1":"product","2":"type-product","3":"status-publish","4":"has-post-thumbnail","6":"tagmedia-gruppen-7","7":"product_cat-catalogue","8":"product_cat-revue","9":"product_tag-aime-cesaire","10":"product_tag-anne-mathieu","11":"product_tag-anthropologie","12":"product_tag-arnaud-francois","13":"product_tag-astrid-de-la-chapelle","14":"product_tag-bernard-bourrit","15":"product_tag-cinema","16":"product_tag-dan-berger","17":"product_tag-frantz-fanon","18":"product_tag-frederique-bisiaux","19":"product_tag-gruppen-editions","20":"product_tag-gruppen-n7","21":"product_tag-histoire","22":"product_tag-ilan-kaddouch","23":"product_tag-josef-robakowski","24":"product_tag-karl-marx","25":"product_tag-laurence-gatti","26":"product_tag-laurent-jarfer","27":"product_tag-leonard-peltier","28":"product_tag-litterature","29":"product_tag-marilyn-buck","30":"product_tag-musique","31":"product_tag-philippe-descola","32":"product_tag-philosophie","33":"product_tag-pierre-ulysse-barranque","34":"product_tag-poesie","35":"product_tag-sebastien-miravete","36":"product_tag-serge-pey","37":"product_tag-w-g-sebald","38":"product_shipping_class-entre-250-et-500g","39":"pa_auteur-collectif","40":"pa_date-de-parution-1er-juin-2013","41":"pa_isbn-978-2-919103-07-2","42":"pa_nombre-de-pages-176-pages","44":"first","45":"instock","46":"shipping-taxable","47":"purchasable","48":"product-type-simple"},"_links":{"self":[{"href":"https:\/\/www.revuegruppen.com\/gruppen\/wp-json\/wp\/v2\/product\/7788","targetHints":{"allow":["GET"]}}],"collection":[{"href":"https:\/\/www.revuegruppen.com\/gruppen\/wp-json\/wp\/v2\/product"}],"about":[{"href":"https:\/\/www.revuegruppen.com\/gruppen\/wp-json\/wp\/v2\/types\/product"}],"wp:featuredmedia":[{"embeddable":true,"href":"https:\/\/www.revuegruppen.com\/gruppen\/wp-json\/wp\/v2\/media\/8559"}],"wp:attachment":[{"href":"https:\/\/www.revuegruppen.com\/gruppen\/wp-json\/wp\/v2\/media?parent=7788"}],"wp:term":[{"taxonomy":"product_brand","embeddable":true,"href":"https:\/\/www.revuegruppen.com\/gruppen\/wp-json\/wp\/v2\/product_brand?post=7788"},{"taxonomy":"product_cat","embeddable":true,"href":"https:\/\/www.revuegruppen.com\/gruppen\/wp-json\/wp\/v2\/product_cat?post=7788"},{"taxonomy":"product_tag","embeddable":true,"href":"https:\/\/www.revuegruppen.com\/gruppen\/wp-json\/wp\/v2\/product_tag?post=7788"}],"curies":[{"name":"wp","href":"https:\/\/api.w.org\/{rel}","templated":true}]}}