{"id":7676,"date":"2012-06-01T15:48:09","date_gmt":"2012-06-01T13:48:09","guid":{"rendered":"http:\/\/www.revuegruppen.com\/gruppen2018\/?post_type=product&#038;p=7676"},"modified":"2024-04-12T17:42:41","modified_gmt":"2024-04-12T15:42:41","slug":"gruppen-n5","status":"publish","type":"product","link":"https:\/\/www.revuegruppen.com\/gruppen\/produit\/gruppen-n5\/","title":{"rendered":"Gruppen n\u00b05"},"content":{"rendered":"<p style=\"text-align: justify;\"><span class=\"Apple-style-span\"><b>Entrevue<\/b><\/span><br \/>\navec\u00a0BERNARD STIEGLER\u00a0(philosophie)<\/p>\n<p style=\"text-align: justify;\"><b>Po\u00e9sie<\/b><br \/>\nSERGE PEY\u00a0\u2013<span class=\"Apple-converted-space\">\u00a0<\/span><em>Ma chienne avait un ballon de foot dans le ventre.<\/em><br \/>\nLAURENT JARFER\u00a0\u2013\u00a0<em>Les techniques de Monsieur B.<\/em><\/p>\n<p style=\"text-align: justify;\"><span class=\"Apple-style-span\"><b>Musique<\/b><\/span><br \/>\n<span class=\"Apple-style-span\">ILAN KADDOUCH <\/span><span class=\"Apple-style-span\">\u2013 <em>La musique de concert: la n\u00e9cessit\u00e9 de la forme.<\/em><\/span><br \/>\nL&rsquo;oeuvre musicale, la forme, la musique autonome, la musique fonctionnelle, le concert.\u00a0 Ces concepts, dont aucun ne pourrait \u00eatre compris s\u00e9par\u00e9ment, sont pour nous autant d&rsquo;indices,\u00a0 de sympt\u00f4mes d&rsquo;une situation nouvelle qu&rsquo;il nous appartient d&rsquo;\u00e9tudier dans un cadre musical.\u00a0 Mais ils participent aussi d&rsquo;un mouvement g\u00e9n\u00e9ral dans l&rsquo;\u00e9volution des id\u00e9es, du XVII\u00e8me o\u00f9 ils\u00a0 prennent naissance, jusqu&rsquo;au XX\u00e8me si\u00e8cle o\u00f9 ils posent probl\u00e8me.<\/p>\n<p style=\"text-align: justify;\">DAVID CHRISTOFFEL<span class=\"Apple-style-span\">\u00a0<\/span><em><span class=\"Apple-style-span\">\u2013 La d\u00e9fonce du piano.<\/span><br \/>\n<\/em><span class=\"Apple-style-span\">Le piano a d\u00e9cha\u00een\u00e9 suffisamment de passions pour \u00eatre s\u00fbrement l&rsquo;un des<\/span><span class=\"Apple-style-span\">\u00a0instruments les plus\u00a0 couramment d\u00e9truit de l&rsquo;histoire de la musique.<\/span><\/p>\n<p style=\"text-align: justify;\"><span class=\"Apple-style-span\"><b>Cin\u00e9ma<\/b><\/span><br \/>\n<span class=\"Apple-style-span\">YANN BEAUVAIS\u00a0<\/span><em><span class=\"Apple-style-span\">\u2013<\/span>\u00a0Un alchimiste am\u00e9ricain : Harry Smith.<br \/>\n<\/em><span class=\"Apple-style-span\">Hommage \u00e0 l&rsquo;oeuvre multiforme de cet artiste hors du commun qui marqua\u00a0<\/span><span class=\"Apple-style-span\">notamment\u00a0 l&rsquo;histoire du cin\u00e9ma exp\u00e9rimental.<\/span><\/p>\n<p style=\"text-align: justify;\"><span class=\"Apple-style-span\" style=\"color: #333333;\"><b>Encres\u00a0<\/b><\/span><em><br \/>\n<\/em>YANN BAGOT\u00a0<em><span class=\"Apple-style-span\">\u2013 <\/span>Chaos,\u00a0<\/em><span class=\"Apple-style-span\">Encre de chine sur papier, 56 x 76 cm, 2012<\/span><\/p>\n<p style=\"text-align: justify;\"><b>Philosophie<\/b><em><br \/>\n<\/em>P-U BARRANQUE\u00a0<span class=\"Apple-style-span\">&amp;\u00a0<\/span><span class=\"Apple-style-span\">SEBASTIEN MIRAVETE<\/span><em><span class=\"Apple-style-span\"><span class=\"Apple-style-span\" style=\"font-family: 'times new roman', times, serif;\">\u00a0<\/span><\/span><span class=\"Apple-style-span\"><span class=\"Apple-style-span\" style=\"font-family: 'times new roman', times, serif;\">\u2013\u00a0<span style=\"font-family: georgia, palatino, serif;\">Lukacs, Rousseau, Banksy et les fondements de l&rsquo;art social.\u00a0<\/span><\/span><\/span><\/em><br \/>\nL\u2019esth\u00e9tique sociale de Lukacs et Rousseau est utilis\u00e9e dans ce texte afin de mettre \u00e0 jour cet art social qu\u2019est le street art, dont l\u2019\u0153uvre de\u00a0Banksy appara\u00eet comme l\u2019incarnation paradigmatique. C\u2019est au travers de l\u2019analyse de ce street artist que nous d\u00e9couvrirons l\u2019enjeu r\u00e9el\u00a0 de cette pratique artistique : la question de la colonisation de l\u2019espace public par l\u2019image publicitaire et la r\u00e9cup\u00e9ration de ceux qui la contestent.<\/p>\n<p style=\"text-align: justify;\"><span class=\"Apple-style-span\">ANSELM JAPPE\u00a0<\/span><em><span class=\"Apple-style-span\">\u2013<span class=\"Apple-style-span\" style=\"font-family: 'times new roman', times, serif;\">\u00a0De l&rsquo;<\/span><\/span><span class=\"Apple-style-span\">\u00ab<\/span><span class=\"Apple-style-span\">aura<\/span><span class=\"Apple-style-span\">\u00bb<\/span><span class=\"Apple-style-span\">\u00a0des anciens mus\u00e9es et de l&rsquo;<\/span><span class=\"Apple-style-span\">\u00ab<\/span><span class=\"Apple-style-span\">exp\u00e9rience<\/span><span class=\"Apple-style-span\">\u00bb<\/span><span class=\"Apple-style-span\">\u00a0des nouveaux.\u00a0<\/span><\/em><br \/>\nIl s\u2019agit ici d\u2019analyser la transformation de la fonction des mus\u00e9es dans la soci\u00e9t\u00e9 capitaliste\u00a0contemporaine.\u00a0 Dans quelle mesure le mus\u00e9e peut-il encore \u00eatre un lieu\u00a0o\u00f9 il est possible de\u00a0faire une exp\u00e9rience authentiquement\u00a0 artistique, alors que\u00a0celui-ci se trouve dans une soci\u00e9t\u00e9\u00a0fond\u00e9e sur la consommation fr\u00e9n\u00e9tique et les rapports\u00a0 virtuels qu\u2019entretiennent les individus ?<span class=\"Apple-style-span\"><b><br \/>\n<\/b><\/span><\/p>\n<p style=\"text-align: justify;\"><span class=\"Apple-style-span\"><b>Anthropologie<\/b><\/span><em><br \/>\n<\/em>BRUNO ALMOSNINO\u00a0<em><span class=\"Apple-style-span\">\u2013<\/span>\u00a0Toucher, s&rsquo;affecter, \u00e9viter le contact, confondre: br\u00e8ves notes sur des forces<br \/>\nd&rsquo;action et<span class=\"Apple-style-span\">\u00a0d&rsquo;organisation en monde juif.<\/span><br \/>\n<\/em>Cette s\u00e9rie de notes aborde quelques aspects des relations avec la saintet\u00e9 dans le juda\u00efsme, et les\u00a0probl\u00e8mes qui y sont li\u00e9s :\u00a0 respecter une organisation, prendre ses distances, \u00eatre critique et rationnel,\u00a0se prot\u00e9ger, perdre le fil, ne pas se croire capable.\u00a0 Pour d\u00e9couper dans le touffu des choses qui\u00a0importent, l&rsquo;auteur lui-m\u00eame observe, fait attention.<\/p>\n<p style=\"text-align: justify;\"><b>Les Mots de Bonnefoy<\/b><br \/>\nMots Crois\u00e9s de BERNARD BONNEFOY<br \/>\n<strong>Illustrations<\/strong> LAURENCE GATTI<\/p>\n<div id='gallery-1' class='gallery galleryid-7676 gallery-columns-7 gallery-size-thumbnail'><figure class='gallery-item'>\n\t\t\t<div class='gallery-icon landscape'>\n\t\t\t\t<a href='https:\/\/www.revuegruppen.com\/gruppen\/wp-content\/uploads\/2012\/06\/Gruppen-n\u00b05-Stiegler-min.jpg'><img loading=\"lazy\" decoding=\"async\" width=\"200\" height=\"200\" src=\"https:\/\/www.revuegruppen.com\/gruppen\/wp-content\/uploads\/2012\/06\/Gruppen-n\u00b05-Stiegler-min-200x200.jpg\" class=\"attachment-thumbnail size-thumbnail\" alt=\"Gruppen n\u00b05 - Stiegler\" srcset=\"https:\/\/www.revuegruppen.com\/gruppen\/wp-content\/uploads\/2012\/06\/Gruppen-n\u00b05-Stiegler-min-200x200.jpg 200w, https:\/\/www.revuegruppen.com\/gruppen\/wp-content\/uploads\/2012\/06\/Gruppen-n\u00b05-Stiegler-min-400x400.jpg 400w, https:\/\/www.revuegruppen.com\/gruppen\/wp-content\/uploads\/2012\/06\/Gruppen-n\u00b05-Stiegler-min-800x800.jpg 800w, https:\/\/www.revuegruppen.com\/gruppen\/wp-content\/uploads\/2012\/06\/Gruppen-n\u00b05-Stiegler-min-100x100.jpg 100w\" sizes=\"auto, (max-width: 200px) 100vw, 200px\" \/><\/a>\n\t\t\t<\/div><\/figure><figure class='gallery-item'>\n\t\t\t<div class='gallery-icon landscape'>\n\t\t\t\t<a href='https:\/\/www.revuegruppen.com\/gruppen\/wp-content\/uploads\/2012\/06\/Gruppen-n\u00b05-Harry-Smith-min.jpg'><img loading=\"lazy\" decoding=\"async\" width=\"200\" height=\"200\" src=\"https:\/\/www.revuegruppen.com\/gruppen\/wp-content\/uploads\/2012\/06\/Gruppen-n\u00b05-Harry-Smith-min-200x200.jpg\" class=\"attachment-thumbnail size-thumbnail\" alt=\"Gruppen n\u00b05 - Harry Smith\" srcset=\"https:\/\/www.revuegruppen.com\/gruppen\/wp-content\/uploads\/2012\/06\/Gruppen-n\u00b05-Harry-Smith-min-200x200.jpg 200w, https:\/\/www.revuegruppen.com\/gruppen\/wp-content\/uploads\/2012\/06\/Gruppen-n\u00b05-Harry-Smith-min-400x400.jpg 400w, https:\/\/www.revuegruppen.com\/gruppen\/wp-content\/uploads\/2012\/06\/Gruppen-n\u00b05-Harry-Smith-min-800x800.jpg 800w, https:\/\/www.revuegruppen.com\/gruppen\/wp-content\/uploads\/2012\/06\/Gruppen-n\u00b05-Harry-Smith-min-100x100.jpg 100w\" sizes=\"auto, (max-width: 200px) 100vw, 200px\" \/><\/a>\n\t\t\t<\/div><\/figure><figure class='gallery-item'>\n\t\t\t<div class='gallery-icon landscape'>\n\t\t\t\t<a href='https:\/\/www.revuegruppen.com\/gruppen\/wp-content\/uploads\/2012\/06\/Gruppen-n\u00b05-Christoffel-min.jpg'><img loading=\"lazy\" decoding=\"async\" width=\"200\" height=\"200\" src=\"https:\/\/www.revuegruppen.com\/gruppen\/wp-content\/uploads\/2012\/06\/Gruppen-n\u00b05-Christoffel-min-200x200.jpg\" class=\"attachment-thumbnail size-thumbnail\" alt=\"Gruppen n\u00b05 - Christoffel\" srcset=\"https:\/\/www.revuegruppen.com\/gruppen\/wp-content\/uploads\/2012\/06\/Gruppen-n\u00b05-Christoffel-min-200x200.jpg 200w, https:\/\/www.revuegruppen.com\/gruppen\/wp-content\/uploads\/2012\/06\/Gruppen-n\u00b05-Christoffel-min-400x400.jpg 400w, https:\/\/www.revuegruppen.com\/gruppen\/wp-content\/uploads\/2012\/06\/Gruppen-n\u00b05-Christoffel-min-800x800.jpg 800w, https:\/\/www.revuegruppen.com\/gruppen\/wp-content\/uploads\/2012\/06\/Gruppen-n\u00b05-Christoffel-min-100x100.jpg 100w\" sizes=\"auto, (max-width: 200px) 100vw, 200px\" \/><\/a>\n\t\t\t<\/div><\/figure><figure class='gallery-item'>\n\t\t\t<div class='gallery-icon landscape'>\n\t\t\t\t<a href='https:\/\/www.revuegruppen.com\/gruppen\/wp-content\/uploads\/2012\/06\/Gruppen-n\u00b05-Banksy-min.jpg'><img loading=\"lazy\" decoding=\"async\" width=\"200\" height=\"200\" src=\"https:\/\/www.revuegruppen.com\/gruppen\/wp-content\/uploads\/2012\/06\/Gruppen-n\u00b05-Banksy-min-200x200.jpg\" class=\"attachment-thumbnail size-thumbnail\" alt=\"Gruppen n\u00b05 - Banksy\" srcset=\"https:\/\/www.revuegruppen.com\/gruppen\/wp-content\/uploads\/2012\/06\/Gruppen-n\u00b05-Banksy-min-200x200.jpg 200w, https:\/\/www.revuegruppen.com\/gruppen\/wp-content\/uploads\/2012\/06\/Gruppen-n\u00b05-Banksy-min-400x400.jpg 400w, https:\/\/www.revuegruppen.com\/gruppen\/wp-content\/uploads\/2012\/06\/Gruppen-n\u00b05-Banksy-min-800x800.jpg 800w, https:\/\/www.revuegruppen.com\/gruppen\/wp-content\/uploads\/2012\/06\/Gruppen-n\u00b05-Banksy-min-100x100.jpg 100w\" sizes=\"auto, (max-width: 200px) 100vw, 200px\" \/><\/a>\n\t\t\t<\/div><\/figure><figure class='gallery-item'>\n\t\t\t<div class='gallery-icon landscape'>\n\t\t\t\t<a href='https:\/\/www.revuegruppen.com\/gruppen\/wp-content\/uploads\/2012\/06\/Gruppen-n\u00b05-Bagot-min.jpg'><img loading=\"lazy\" decoding=\"async\" width=\"200\" height=\"200\" src=\"https:\/\/www.revuegruppen.com\/gruppen\/wp-content\/uploads\/2012\/06\/Gruppen-n\u00b05-Bagot-min-200x200.jpg\" class=\"attachment-thumbnail size-thumbnail\" alt=\"Gruppen n\u00b05 - Bagot\" srcset=\"https:\/\/www.revuegruppen.com\/gruppen\/wp-content\/uploads\/2012\/06\/Gruppen-n\u00b05-Bagot-min-200x200.jpg 200w, https:\/\/www.revuegruppen.com\/gruppen\/wp-content\/uploads\/2012\/06\/Gruppen-n\u00b05-Bagot-min-400x400.jpg 400w, https:\/\/www.revuegruppen.com\/gruppen\/wp-content\/uploads\/2012\/06\/Gruppen-n\u00b05-Bagot-min-800x800.jpg 800w, https:\/\/www.revuegruppen.com\/gruppen\/wp-content\/uploads\/2012\/06\/Gruppen-n\u00b05-Bagot-min-100x100.jpg 100w\" sizes=\"auto, (max-width: 200px) 100vw, 200px\" \/><\/a>\n\t\t\t<\/div><\/figure>\n\t\t<\/div>\n\n","protected":false},"excerpt":{"rendered":"<p style=\"text-align: justify;\">Au sommaire de ce num\u00e9ro, Bernard Stiegler, pour une longue entrevue o\u00f9 apparaissent les axes majeurs de sa philosophie et les d\u00e9fis que doit relever la pens\u00e9e contemporaine.<br \/>\nSont pr\u00e9sents \u00e0 ses c\u00f4t\u00e9s, le philosophe allemand Anselm Jappe avec un article intitul\u00e9 <em>De l&rsquo;\u00abaura\u00bb des anciens mus\u00e9es et de l&rsquo;\u00abexp\u00e9rience\u00bb des nouveaux<\/em>, ainsi que Pierre-Ulysse Barranque et S\u00e9bastien Mirav\u00e8te, qui collaborent ici \u00e0 la r\u00e9daction d\u2019un texte consacr\u00e9 \u00e0 l\u2019art social en g\u00e9n\u00e9ral et au street artist Banksy en particulier.<br \/>\nPr\u00e9sent aussi, le cin\u00e9aste et critique Yann Beauvais, pour une contribution, largement illustr\u00e9e de photographies, sur Harry Smith, artiste hors cat\u00e9gories, peintre, cin\u00e9aste, ethnomusicologue, qui marqua notamment l\u2019histoire du cin\u00e9ma exp\u00e9rimental.<br \/>\nPr\u00e9sents aussi, Ilan Kaddouch, pour un article majeur sur la probl\u00e9matique de la forme en musique. Mais aussi David Christoffel et l\u2019histoire mouvement\u00e9e du piano dans la seconde moiti\u00e9 du XXe si\u00e8cle, o\u00f9 se multipli\u00e8rent les actes de destructions perform\u00e9es \u00e0 son encontre.<br \/>\nPr\u00e9sents toujours, les po\u00e8tes Serge Pey et Laurent Jarfer.<br \/>\nPr\u00e9sent, Bruno Almosnino, avec une \u00e9tude anthropologique sur la communaut\u00e9 juive de Tarbes.<br \/>\nPr\u00e9sents, enfin, Yann Bagot et sa s\u00e9rie de dessins intitul\u00e9e <em>Chaos<\/em>, ainsi que Laurence Gatti, qui signe encore et pour le meilleur la r\u00e9alisation graphique et les illustrations de ce num\u00e9ro 5 de la revue\u00a0<em>Gruppen<\/em>.<\/p>\n","protected":false},"featured_media":8950,"template":"","meta":[],"product_brand":[],"product_cat":[66,67],"product_tag":[835,597,598,599,600,48,49,552,601,538,539,602,65],"class_list":{"0":"post-7676","1":"product","2":"type-product","3":"status-publish","4":"has-post-thumbnail","6":"tagmedia-gruppen-5","7":"product_cat-catalogue","8":"product_cat-revue","9":"product_tag-anselm-jappe","10":"product_tag-bernard-stiegler","11":"product_tag-bruno-almosnino","12":"product_tag-david-christoffel","13":"product_tag-gruppen-n5","14":"product_tag-laurence-gatti","15":"product_tag-laurent-jarfer","16":"product_tag-pierre-ulysse-barranque","17":"product_tag-revue-gruppen-n5","18":"product_tag-sebastien-miravete","19":"product_tag-serge-pey","20":"product_tag-yann-bagot","21":"product_tag-yann-beauvais","22":"product_shipping_class-entre-250-et-500g","23":"pa_auteur-collectif","24":"pa_date-de-parution-15-juin-2012","25":"pa_isbn-978-2-919103-04-1","26":"pa_nombre-de-pages-176-pages","28":"first","29":"instock","30":"shipping-taxable","31":"purchasable","32":"product-type-simple"},"_links":{"self":[{"href":"https:\/\/www.revuegruppen.com\/gruppen\/wp-json\/wp\/v2\/product\/7676","targetHints":{"allow":["GET"]}}],"collection":[{"href":"https:\/\/www.revuegruppen.com\/gruppen\/wp-json\/wp\/v2\/product"}],"about":[{"href":"https:\/\/www.revuegruppen.com\/gruppen\/wp-json\/wp\/v2\/types\/product"}],"wp:featuredmedia":[{"embeddable":true,"href":"https:\/\/www.revuegruppen.com\/gruppen\/wp-json\/wp\/v2\/media\/8950"}],"wp:attachment":[{"href":"https:\/\/www.revuegruppen.com\/gruppen\/wp-json\/wp\/v2\/media?parent=7676"}],"wp:term":[{"taxonomy":"product_brand","embeddable":true,"href":"https:\/\/www.revuegruppen.com\/gruppen\/wp-json\/wp\/v2\/product_brand?post=7676"},{"taxonomy":"product_cat","embeddable":true,"href":"https:\/\/www.revuegruppen.com\/gruppen\/wp-json\/wp\/v2\/product_cat?post=7676"},{"taxonomy":"product_tag","embeddable":true,"href":"https:\/\/www.revuegruppen.com\/gruppen\/wp-json\/wp\/v2\/product_tag?post=7676"}],"curies":[{"name":"wp","href":"https:\/\/api.w.org\/{rel}","templated":true}]}}