{"id":7670,"date":"2012-01-01T15:47:04","date_gmt":"2012-01-01T14:47:04","guid":{"rendered":"http:\/\/www.revuegruppen.com\/gruppen2018\/?post_type=product&#038;p=7670"},"modified":"2024-04-12T17:47:41","modified_gmt":"2024-04-12T15:47:41","slug":"gruppen-n4","status":"publish","type":"product","link":"https:\/\/www.revuegruppen.com\/gruppen\/produit\/gruppen-n4\/","title":{"rendered":"Gruppen n\u00b04"},"content":{"rendered":"<p style=\"text-align: justify;\"><span class=\"Apple-style-span\"><b>Entrevue<\/b><\/span><br \/>\navec\u00a0MORGAN SPORTES\u00a0(litt\u00e9rature)<br \/>\n<span class=\"Apple-style-span\"><b><br \/>\nPo\u00e9sie<\/b><\/span><br \/>\nSERGE PEY\u00a0<em>\u2013<\/em><span class=\"Apple-converted-space\">\u00a0<\/span><em>Si on te demande\u2026<\/em><br \/>\nTHOMAS VINAU <em>\u2013\u00a0Fish for sale: des vies de bouseux et de n\u00e9gros\u2026<\/em><br \/>\nLAURENT JARFER <span class=\"Apple-converted-space\"><em>\u2013\u00a0L&rsquo;imprimerie des sueurs<\/em><\/span><\/p>\n<p style=\"text-align: justify;\"><span class=\"Apple-style-span\"><b>Musique<\/b><br \/>\nILAN KADDOUCH\u00a0<\/span><em>\u2013<\/em><span class=\"Apple-style-span\"><span class=\"Apple-converted-space\">\u00a0<\/span><em>Lecture, musique et narration.<\/em><\/span><\/p>\n<p style=\"text-align: justify;\"><span class=\"Apple-style-span\"><b>Cin\u00e9ma<\/b><\/span><br \/>\n<span class=\"Apple-style-span\">YANN BEAUVAIS<\/span>\u00a0<em>\u2013 \u00ab\u00a0It&rsquo;s all the same, you&rsquo;re queer anyhow!\u00a0\u00bb Les films de Mark Morrisroe<\/em>.<br \/>\nL&rsquo;oeuvre de Mark Morrisroe exc\u00e8de sa seule production photographique, qu&rsquo;il s&rsquo;agisse de performances ou de films.\u00a0 Ce texte explore la relation qu&rsquo;entretiennent ses films super 8 avec le reste de son travail et met en \u00e9cho sa pratique\u00a0 cin\u00e9matographique au regard du cin\u00e9ma exp\u00e9rimental du d\u00e9but des ann\u00e9es 80 et principalement \u00e0 New York.<\/p>\n<p style=\"text-align: justify;\"><b>Photographie<\/b><br \/>\n<span class=\"Apple-style-span\">MARK MORRISROE<\/span><\/p>\n<p style=\"text-align: justify;\"><b>Philosophie<\/b><br \/>\nPIERRE-ULYSSE BARRANQUE\u00a0<em>\u2013<\/em><span class=\"Apple-converted-space\">\u00a0<\/span><em>Du Parti.<\/em><em><span class=\"Apple-converted-space\">\u00a0<\/span><\/em><br \/>\nCe texte vise \u00e0 d\u00e9finir le Parti r\u00e9volutionnaire comme abolition du pouvoir, au travers notamment de la pratique rituelle de la d\u00e9mocratie directe.<\/p>\n<p style=\"text-align: justify;\">SEBASTIEN MIRAVETE<em>\u00a0<\/em><em>\u2013<\/em><em><span class=\"Apple-converted-space\">\u00a0<\/span>Possibilit\u00e9 et limites actuelles du programme de naturalisation de l&rsquo;esprit:\u00a0 sciences cognitives, neurosciences, Deleuze, philosophie analytique, ph\u00e9nom\u00e9nologie.<br \/>\n<\/em>Le programme de naturalisation de l&rsquo;esprit est aujourd&rsquo;hui un champ d&rsquo;\u00e9tude prolifique (sciences cognitives, neurosciences, philosophie de l&rsquo;esprit)\u00a0 qui anime la sph\u00e8re intellectuelle. Nous proposons d&rsquo;en saisir deux tendances essentielles qui renvoient \u00e0 un probl\u00e8me philosophique pr\u00e9cis,\u00a0 celui du nombre et du temps.<\/p>\n<p style=\"text-align: justify;\"><span class=\"Apple-style-span\"><b>Anthropologie<\/b><\/span><br \/>\nCATERINA PASQUALINO\u00a0<em>\u2013\u00a0M\u00e9tamorphoses de la voix dans les rites de possession cubains et dans l&rsquo;art contemporain.<\/em><\/p>\n<p style=\"text-align: justify;\"><span class=\"Apple-style-span\"><b>Litt\u00e9rature<\/b><\/span><br \/>\nBERNARD BOURRIT\u00a0<em>\u2013\u00a0\u00c0 propos de Moby Dick.<\/em><br \/>\nSupposons que Moby Dick ne soit pas le monstre-baleine habituellement d\u00e9crit mais simplement la triste passion du capitaine Achab,\u00a0 son cancer, une \u00eele en lui qui le ronge. Et acceptons de consid\u00e9rer que le vrai corps d&rsquo;Achab, comme l&rsquo;oc\u00e9an, soit le territoire de cet animal.<\/p>\n<p style=\"text-align: justify;\"><b>Les Mots de Bonnefoy<\/b><br \/>\nMots Crois\u00e9s de BERNARD BONNEFOY<\/p>\n<p style=\"text-align: justify;\"><strong>Illustrations<\/strong><br \/>\nLAURENCE GATTI<\/p>\n<div id='gallery-1' class='gallery galleryid-7670 gallery-columns-7 gallery-size-thumbnail'><figure class='gallery-item'>\n\t\t\t<div class='gallery-icon landscape'>\n\t\t\t\t<a href='https:\/\/www.revuegruppen.com\/gruppen\/wp-content\/uploads\/2012\/01\/Gruppen-n\u00b04-Caterina-Pasqualino-min.jpg'><img loading=\"lazy\" decoding=\"async\" width=\"200\" height=\"200\" src=\"https:\/\/www.revuegruppen.com\/gruppen\/wp-content\/uploads\/2012\/01\/Gruppen-n\u00b04-Caterina-Pasqualino-min-200x200.jpg\" class=\"attachment-thumbnail size-thumbnail\" alt=\"Gruppen n\u00b04 - Caterina Pasqualino\" srcset=\"https:\/\/www.revuegruppen.com\/gruppen\/wp-content\/uploads\/2012\/01\/Gruppen-n\u00b04-Caterina-Pasqualino-min-200x200.jpg 200w, https:\/\/www.revuegruppen.com\/gruppen\/wp-content\/uploads\/2012\/01\/Gruppen-n\u00b04-Caterina-Pasqualino-min-400x400.jpg 400w, https:\/\/www.revuegruppen.com\/gruppen\/wp-content\/uploads\/2012\/01\/Gruppen-n\u00b04-Caterina-Pasqualino-min-800x800.jpg 800w, https:\/\/www.revuegruppen.com\/gruppen\/wp-content\/uploads\/2012\/01\/Gruppen-n\u00b04-Caterina-Pasqualino-min-100x100.jpg 100w\" sizes=\"auto, (max-width: 200px) 100vw, 200px\" \/><\/a>\n\t\t\t<\/div><\/figure><figure class='gallery-item'>\n\t\t\t<div class='gallery-icon landscape'>\n\t\t\t\t<a href='https:\/\/www.revuegruppen.com\/gruppen\/wp-content\/uploads\/2012\/01\/Gruppen-n\u00b04-Mark-Morrisroe-min.jpg'><img loading=\"lazy\" decoding=\"async\" width=\"200\" height=\"200\" src=\"https:\/\/www.revuegruppen.com\/gruppen\/wp-content\/uploads\/2012\/01\/Gruppen-n\u00b04-Mark-Morrisroe-min-200x200.jpg\" class=\"attachment-thumbnail size-thumbnail\" alt=\"Gruppen n\u00b04 - Mark Morrisroe\" srcset=\"https:\/\/www.revuegruppen.com\/gruppen\/wp-content\/uploads\/2012\/01\/Gruppen-n\u00b04-Mark-Morrisroe-min-200x200.jpg 200w, https:\/\/www.revuegruppen.com\/gruppen\/wp-content\/uploads\/2012\/01\/Gruppen-n\u00b04-Mark-Morrisroe-min-400x400.jpg 400w, https:\/\/www.revuegruppen.com\/gruppen\/wp-content\/uploads\/2012\/01\/Gruppen-n\u00b04-Mark-Morrisroe-min-800x800.jpg 800w, https:\/\/www.revuegruppen.com\/gruppen\/wp-content\/uploads\/2012\/01\/Gruppen-n\u00b04-Mark-Morrisroe-min-100x100.jpg 100w\" sizes=\"auto, (max-width: 200px) 100vw, 200px\" \/><\/a>\n\t\t\t<\/div><\/figure><figure class='gallery-item'>\n\t\t\t<div class='gallery-icon landscape'>\n\t\t\t\t<a href='https:\/\/www.revuegruppen.com\/gruppen\/wp-content\/uploads\/2012\/01\/Gruppen-n\u00b04-Morgan-Sport\u00e8s-min.jpg'><img loading=\"lazy\" decoding=\"async\" width=\"200\" height=\"200\" src=\"https:\/\/www.revuegruppen.com\/gruppen\/wp-content\/uploads\/2012\/01\/Gruppen-n\u00b04-Morgan-Sport\u00e8s-min-200x200.jpg\" class=\"attachment-thumbnail size-thumbnail\" alt=\"Gruppen n\u00b04 - Morgan Sport\u00e8s\" srcset=\"https:\/\/www.revuegruppen.com\/gruppen\/wp-content\/uploads\/2012\/01\/Gruppen-n\u00b04-Morgan-Sport\u00e8s-min-200x200.jpg 200w, https:\/\/www.revuegruppen.com\/gruppen\/wp-content\/uploads\/2012\/01\/Gruppen-n\u00b04-Morgan-Sport\u00e8s-min-400x400.jpg 400w, https:\/\/www.revuegruppen.com\/gruppen\/wp-content\/uploads\/2012\/01\/Gruppen-n\u00b04-Morgan-Sport\u00e8s-min-800x800.jpg 800w, https:\/\/www.revuegruppen.com\/gruppen\/wp-content\/uploads\/2012\/01\/Gruppen-n\u00b04-Morgan-Sport\u00e8s-min-100x100.jpg 100w\" sizes=\"auto, (max-width: 200px) 100vw, 200px\" \/><\/a>\n\t\t\t<\/div><\/figure><figure class='gallery-item'>\n\t\t\t<div class='gallery-icon landscape'>\n\t\t\t\t<a href='https:\/\/www.revuegruppen.com\/gruppen\/wp-content\/uploads\/2012\/01\/Gruppen-n\u00b04-Serge-Pey-min.jpg'><img loading=\"lazy\" decoding=\"async\" width=\"200\" height=\"200\" src=\"https:\/\/www.revuegruppen.com\/gruppen\/wp-content\/uploads\/2012\/01\/Gruppen-n\u00b04-Serge-Pey-min-200x200.jpg\" class=\"attachment-thumbnail size-thumbnail\" alt=\"Gruppen n\u00b04 - Serge Pey\" srcset=\"https:\/\/www.revuegruppen.com\/gruppen\/wp-content\/uploads\/2012\/01\/Gruppen-n\u00b04-Serge-Pey-min-200x200.jpg 200w, https:\/\/www.revuegruppen.com\/gruppen\/wp-content\/uploads\/2012\/01\/Gruppen-n\u00b04-Serge-Pey-min-400x400.jpg 400w, https:\/\/www.revuegruppen.com\/gruppen\/wp-content\/uploads\/2012\/01\/Gruppen-n\u00b04-Serge-Pey-min-800x800.jpg 800w, https:\/\/www.revuegruppen.com\/gruppen\/wp-content\/uploads\/2012\/01\/Gruppen-n\u00b04-Serge-Pey-min-100x100.jpg 100w\" sizes=\"auto, (max-width: 200px) 100vw, 200px\" \/><\/a>\n\t\t\t<\/div><\/figure><figure class='gallery-item'>\n\t\t\t<div class='gallery-icon landscape'>\n\t\t\t\t<a href='https:\/\/www.revuegruppen.com\/gruppen\/wp-content\/uploads\/2012\/01\/Gruppen-n\u00b04-Thomas-Vinau-min.jpg'><img loading=\"lazy\" decoding=\"async\" width=\"200\" height=\"200\" src=\"https:\/\/www.revuegruppen.com\/gruppen\/wp-content\/uploads\/2012\/01\/Gruppen-n\u00b04-Thomas-Vinau-min-200x200.jpg\" class=\"attachment-thumbnail size-thumbnail\" alt=\"Gruppen n\u00b04 - Thomas Vinau\" srcset=\"https:\/\/www.revuegruppen.com\/gruppen\/wp-content\/uploads\/2012\/01\/Gruppen-n\u00b04-Thomas-Vinau-min-200x200.jpg 200w, https:\/\/www.revuegruppen.com\/gruppen\/wp-content\/uploads\/2012\/01\/Gruppen-n\u00b04-Thomas-Vinau-min-400x400.jpg 400w, https:\/\/www.revuegruppen.com\/gruppen\/wp-content\/uploads\/2012\/01\/Gruppen-n\u00b04-Thomas-Vinau-min-800x800.jpg 800w, https:\/\/www.revuegruppen.com\/gruppen\/wp-content\/uploads\/2012\/01\/Gruppen-n\u00b04-Thomas-Vinau-min-100x100.jpg 100w\" sizes=\"auto, (max-width: 200px) 100vw, 200px\" \/><\/a>\n\t\t\t<\/div><\/figure>\n\t\t<\/div>\n\n","protected":false},"excerpt":{"rendered":"<p style=\"text-align: justify;\">Au sommaire de ce num\u00e9ro 4,\u00a0<em>Gruppen<\/em>\u00a0vous offre une entrevue en compagnie de Morgan Sport\u00e8s, prix Interalli\u00e9 2011, qui revient, au-del\u00e0 de sa derni\u00e8re publication, sur l\u2019ensemble de son \u0153uvre et ses motivations d\u2019\u00e9crivain.<br \/>\nLe cin\u00e9aste exp\u00e9rimental Yann Beauvais livre une contribution des plus rares sur l\u2019\u0153uvre du photographe et cin\u00e9aste am\u00e9ricain Mark Morrisroe. Justice est ici rendue \u00e0 ce g\u00e9nie incontestable, tant est restreint le nombre d\u2019articles en fran\u00e7ais qui lui furent consacr\u00e9 \u00e0 ce jour.<br \/>\nCerise sur le gateau : une s\u00e9rie de photographies de Morrisroe accompagne le texte. Notez encore la pr\u00e9sence de l\u2019anthropologue Cat\u00e9rina Pasqualino, avec un article sur\u00a0<em>Les m\u00e9tamorphoses de la voix <\/em>dans les rites de possession cubains et dans l\u2019art contemporain ; de Bernard Bourrit, qui red\u00e9finit la notion de territoire \u00e0 travers une analyse du roman de Melville, <em>Moby Dick<\/em> ; du compositeur et pianiste Ilan Kaddouch ; des philosophes S\u00e9bastien Mirav\u00e8te et Pierre-Ulysse Barranque ; des po\u00e8tes Serge Pey, Thomas Vinau et Laurent Jarfer ; sans oublier, pour la conception graphique et les illustrations, Laurence Gatti, assist\u00e9e de la typographe Louise Dib.<\/p>\n","protected":false},"featured_media":8556,"template":"","meta":[],"product_brand":[],"product_cat":[66,67],"product_tag":[605,32,606,607,42,48,49,608,567,552,63,538,539,609,65],"class_list":{"0":"post-7670","1":"product","2":"type-product","3":"status-publish","4":"has-post-thumbnail","6":"tagmedia-gruppen-4","7":"product_cat-catalogue","8":"product_cat-revue","9":"product_tag-bernard-bonnefoy","10":"product_tag-bernard-bourrit","11":"product_tag-caterina-pasqualino","12":"product_tag-gruppen-n4","13":"product_tag-ilan-kaddouch","14":"product_tag-laurence-gatti","15":"product_tag-laurent-jarfer","16":"product_tag-mark-morrisroe","17":"product_tag-morgan-sportes","18":"product_tag-pierre-ulysse-barranque","19":"product_tag-revue-gruppen","20":"product_tag-sebastien-miravete","21":"product_tag-serge-pey","22":"product_tag-thomas-vinau","23":"product_tag-yann-beauvais","24":"product_shipping_class-entre-250-et-500g","25":"pa_auteur-collectif","26":"pa_date-de-parution-27-janvier-2012","27":"pa_isbn-978-2-919103-03-4","28":"pa_nombre-de-pages-176-pages","30":"first","31":"instock","32":"shipping-taxable","33":"purchasable","34":"product-type-simple"},"_links":{"self":[{"href":"https:\/\/www.revuegruppen.com\/gruppen\/wp-json\/wp\/v2\/product\/7670","targetHints":{"allow":["GET"]}}],"collection":[{"href":"https:\/\/www.revuegruppen.com\/gruppen\/wp-json\/wp\/v2\/product"}],"about":[{"href":"https:\/\/www.revuegruppen.com\/gruppen\/wp-json\/wp\/v2\/types\/product"}],"wp:featuredmedia":[{"embeddable":true,"href":"https:\/\/www.revuegruppen.com\/gruppen\/wp-json\/wp\/v2\/media\/8556"}],"wp:attachment":[{"href":"https:\/\/www.revuegruppen.com\/gruppen\/wp-json\/wp\/v2\/media?parent=7670"}],"wp:term":[{"taxonomy":"product_brand","embeddable":true,"href":"https:\/\/www.revuegruppen.com\/gruppen\/wp-json\/wp\/v2\/product_brand?post=7670"},{"taxonomy":"product_cat","embeddable":true,"href":"https:\/\/www.revuegruppen.com\/gruppen\/wp-json\/wp\/v2\/product_cat?post=7670"},{"taxonomy":"product_tag","embeddable":true,"href":"https:\/\/www.revuegruppen.com\/gruppen\/wp-json\/wp\/v2\/product_tag?post=7670"}],"curies":[{"name":"wp","href":"https:\/\/api.w.org\/{rel}","templated":true}]}}