{"id":7660,"date":"2010-06-01T15:20:19","date_gmt":"2010-06-01T13:20:19","guid":{"rendered":"http:\/\/www.revuegruppen.com\/gruppen2018\/?post_type=product&#038;p=7660"},"modified":"2024-04-12T18:07:51","modified_gmt":"2024-04-12T16:07:51","slug":"gruppen-n1","status":"publish","type":"product","link":"https:\/\/www.revuegruppen.com\/gruppen\/produit\/gruppen-n1\/","title":{"rendered":"Gruppen  n\u00b01"},"content":{"rendered":"<p><strong>Entrevue<\/strong><strong>\u00a0<\/strong><br \/>\navec<strong>\u00a0<\/strong>JACQUELINE CHALLET-HAAS\u00a0(danse)<\/p>\n<p><strong>Po\u00e9sie<\/strong><br \/>\nSERGE PEY\u00a0\u2013\u00a0<em>De la pens\u00e9e (po\u00e8me) \/ Introduction \u00e0 la langue arrach\u00e9e (critique)<\/em><br \/>\nMARC SASTRE\u00a0\u2013\u00a0<em>A d\u00e9faut de martyrs (extraits) \/ L&rsquo;homme perc\u00e9<\/em><br \/>\nLAURENT JARFER\u00a0\u2013\u00a0<em>Lettres \u00e0 Vincent Van-Gogh<\/em><\/p>\n<p><strong>Musique<\/strong><br \/>\nILAN<strong>\u00a0<\/strong>KADDOUCH\u00a0:<br \/>\n<em>\u2013 Ouverture: Interview anachronique d&rsquo;Aristox\u00e8ne de Tarente<\/em><br \/>\n(traduction de Pauline Valette)<br \/>\n\u2013\u00a0<em>Les Carolingiens et la naissance de l&rsquo;\u00e9criture musicale<\/em><\/p>\n<p><strong>Philosophie<\/strong><br \/>\nP-U BARRANQUE\u00a0\u2013\u00a0<em>\u00ab<\/em><em>Comme-un-isthme\u00bb: probl\u00e8mes et actualit\u00e9 d\u2019un mot (suite et fin)<\/em><br \/>\nSEBASTIEN MIRAVETE<em>\u00a0\u2013 Manuel du petit Bergsonien II \/ Le guide du Badiou II<\/em><\/p>\n<p><strong>Esth\u00e9tique<\/strong><br \/>\nCELINE SCHMITT<em>\u00a0\u2013 La peinture comme geste sc\u00e9nopo\u00ef\u00e9tique<\/em><\/p>\n<p>Les Mots de Bonnefoy<br \/>\nMots crois\u00e9s de BERNARD BONNEFOY<\/p>\n<p><strong>Illustrations<\/strong><br \/>\nLAURENCE GATTI<\/p>\n<div id='gallery-1' class='gallery galleryid-7660 gallery-columns-7 gallery-size-thumbnail'><figure class='gallery-item'>\n\t\t\t<div class='gallery-icon landscape'>\n\t\t\t\t<a href='https:\/\/www.revuegruppen.com\/gruppen\/wp-content\/uploads\/2010\/06\/Gruppen-n\u00b01-Celine-min.jpg'><img loading=\"lazy\" decoding=\"async\" width=\"200\" height=\"200\" src=\"https:\/\/www.revuegruppen.com\/gruppen\/wp-content\/uploads\/2010\/06\/Gruppen-n\u00b01-Celine-min-200x200.jpg\" class=\"attachment-thumbnail size-thumbnail\" alt=\"\" srcset=\"https:\/\/www.revuegruppen.com\/gruppen\/wp-content\/uploads\/2010\/06\/Gruppen-n\u00b01-Celine-min-200x200.jpg 200w, https:\/\/www.revuegruppen.com\/gruppen\/wp-content\/uploads\/2010\/06\/Gruppen-n\u00b01-Celine-min-400x400.jpg 400w, https:\/\/www.revuegruppen.com\/gruppen\/wp-content\/uploads\/2010\/06\/Gruppen-n\u00b01-Celine-min-800x800.jpg 800w, https:\/\/www.revuegruppen.com\/gruppen\/wp-content\/uploads\/2010\/06\/Gruppen-n\u00b01-Celine-min-100x100.jpg 100w\" sizes=\"auto, (max-width: 200px) 100vw, 200px\" \/><\/a>\n\t\t\t<\/div><\/figure><figure class='gallery-item'>\n\t\t\t<div class='gallery-icon landscape'>\n\t\t\t\t<a href='https:\/\/www.revuegruppen.com\/gruppen\/wp-content\/uploads\/2010\/06\/Gruppen-n\u00b01-Entretien-min.jpg'><img loading=\"lazy\" decoding=\"async\" width=\"200\" height=\"200\" src=\"https:\/\/www.revuegruppen.com\/gruppen\/wp-content\/uploads\/2010\/06\/Gruppen-n\u00b01-Entretien-min-200x200.jpg\" class=\"attachment-thumbnail size-thumbnail\" alt=\"\" srcset=\"https:\/\/www.revuegruppen.com\/gruppen\/wp-content\/uploads\/2010\/06\/Gruppen-n\u00b01-Entretien-min-200x200.jpg 200w, https:\/\/www.revuegruppen.com\/gruppen\/wp-content\/uploads\/2010\/06\/Gruppen-n\u00b01-Entretien-min-400x400.jpg 400w, https:\/\/www.revuegruppen.com\/gruppen\/wp-content\/uploads\/2010\/06\/Gruppen-n\u00b01-Entretien-min-800x800.jpg 800w, https:\/\/www.revuegruppen.com\/gruppen\/wp-content\/uploads\/2010\/06\/Gruppen-n\u00b01-Entretien-min-100x100.jpg 100w\" sizes=\"auto, (max-width: 200px) 100vw, 200px\" \/><\/a>\n\t\t\t<\/div><\/figure><figure class='gallery-item'>\n\t\t\t<div class='gallery-icon landscape'>\n\t\t\t\t<a href='https:\/\/www.revuegruppen.com\/gruppen\/wp-content\/uploads\/2010\/06\/Gruppen-n\u00b01-Kaddouch-min.jpg'><img loading=\"lazy\" decoding=\"async\" width=\"200\" height=\"200\" src=\"https:\/\/www.revuegruppen.com\/gruppen\/wp-content\/uploads\/2010\/06\/Gruppen-n\u00b01-Kaddouch-min-200x200.jpg\" class=\"attachment-thumbnail size-thumbnail\" alt=\"\" srcset=\"https:\/\/www.revuegruppen.com\/gruppen\/wp-content\/uploads\/2010\/06\/Gruppen-n\u00b01-Kaddouch-min-200x200.jpg 200w, https:\/\/www.revuegruppen.com\/gruppen\/wp-content\/uploads\/2010\/06\/Gruppen-n\u00b01-Kaddouch-min-400x400.jpg 400w, https:\/\/www.revuegruppen.com\/gruppen\/wp-content\/uploads\/2010\/06\/Gruppen-n\u00b01-Kaddouch-min-800x800.jpg 800w, https:\/\/www.revuegruppen.com\/gruppen\/wp-content\/uploads\/2010\/06\/Gruppen-n\u00b01-Kaddouch-min-100x100.jpg 100w\" sizes=\"auto, (max-width: 200px) 100vw, 200px\" \/><\/a>\n\t\t\t<\/div><\/figure><figure class='gallery-item'>\n\t\t\t<div class='gallery-icon landscape'>\n\t\t\t\t<a href='https:\/\/www.revuegruppen.com\/gruppen\/wp-content\/uploads\/2010\/06\/Gruppen-n\u00b01-Pey-min.jpg'><img loading=\"lazy\" decoding=\"async\" width=\"200\" height=\"200\" src=\"https:\/\/www.revuegruppen.com\/gruppen\/wp-content\/uploads\/2010\/06\/Gruppen-n\u00b01-Pey-min-200x200.jpg\" class=\"attachment-thumbnail size-thumbnail\" alt=\"Gruppen n\u00b01 - Pey\" aria-describedby=\"gallery-1-8996\" srcset=\"https:\/\/www.revuegruppen.com\/gruppen\/wp-content\/uploads\/2010\/06\/Gruppen-n\u00b01-Pey-min-200x200.jpg 200w, https:\/\/www.revuegruppen.com\/gruppen\/wp-content\/uploads\/2010\/06\/Gruppen-n\u00b01-Pey-min-400x400.jpg 400w, https:\/\/www.revuegruppen.com\/gruppen\/wp-content\/uploads\/2010\/06\/Gruppen-n\u00b01-Pey-min-800x800.jpg 800w, https:\/\/www.revuegruppen.com\/gruppen\/wp-content\/uploads\/2010\/06\/Gruppen-n\u00b01-Pey-min-100x100.jpg 100w\" sizes=\"auto, (max-width: 200px) 100vw, 200px\" \/><\/a>\n\t\t\t<\/div>\n\t\t\t\t<figcaption class='wp-caption-text gallery-caption' id='gallery-1-8996'>\n\t\t\t\tGruppen n\u00b01 &#8211; Pey\n\t\t\t\t<\/figcaption><\/figure><figure class='gallery-item'>\n\t\t\t<div class='gallery-icon landscape'>\n\t\t\t\t<a href='https:\/\/www.revuegruppen.com\/gruppen\/wp-content\/uploads\/2010\/06\/Gruppen-n\u00b01-Sastre-min.jpg'><img loading=\"lazy\" decoding=\"async\" width=\"200\" height=\"200\" src=\"https:\/\/www.revuegruppen.com\/gruppen\/wp-content\/uploads\/2010\/06\/Gruppen-n\u00b01-Sastre-min-200x200.jpg\" class=\"attachment-thumbnail size-thumbnail\" alt=\"\" srcset=\"https:\/\/www.revuegruppen.com\/gruppen\/wp-content\/uploads\/2010\/06\/Gruppen-n\u00b01-Sastre-min-200x200.jpg 200w, https:\/\/www.revuegruppen.com\/gruppen\/wp-content\/uploads\/2010\/06\/Gruppen-n\u00b01-Sastre-min-400x400.jpg 400w, https:\/\/www.revuegruppen.com\/gruppen\/wp-content\/uploads\/2010\/06\/Gruppen-n\u00b01-Sastre-min-800x800.jpg 800w, https:\/\/www.revuegruppen.com\/gruppen\/wp-content\/uploads\/2010\/06\/Gruppen-n\u00b01-Sastre-min-100x100.jpg 100w\" sizes=\"auto, (max-width: 200px) 100vw, 200px\" \/><\/a>\n\t\t\t<\/div><\/figure>\n\t\t<\/div>\n\n","protected":false},"excerpt":{"rendered":"<p style=\"text-align: justify;\">Dans sa deuxi\u00e8me livraison, la revue Gruppen nous fait parcourir diff\u00e9rents types d\u2019\u00e9critures. Jacqueline Challet-Haas y pr\u00e9sente dans une entrevue d\u00e9taill\u00e9e son travail sur la notation chor\u00e9graphique, Serge Pey dans sa symbolique de la langue arrach\u00e9e nous porte aux origines de l\u2019\u00e9criture po\u00e9tique, Ilan Kaddouch nous d\u00e9crit les origines carolingiennes de notre \u00e9criture musicale. \u00ab De la peinture comme geste sc\u00e9nopo\u00ef\u00e9tique \u00bb de C\u00e9line Schmitt au langage math\u00e9mathique d\u2019Alain Badiou que nous d\u00e9crypte S\u00e9bastien Mirav\u00e8te, il appara\u00eet de nouveau que les disciplines abord\u00e9es par Gruppen sont intimement li\u00e9es les unes aux autres; peut-\u00eatre une interpr\u00e9tation possible du \u00ab Comme-un-isthme \u00bb de Pierre-Ulysse Barranque, et que l\u2019on retrouve jusque dans la correspondance de Laurent Jarfer avec Vincent Van-Gogh, ou les textes de l\u2019artisan-po\u00e8te Marc Sastre.<\/p>\n","protected":false},"featured_media":8553,"template":"","meta":[],"product_brand":[],"product_cat":[66,67],"product_tag":[667,668,547,669,670,39,671,42,564,48,49,672,552,63,538,539,673],"class_list":{"0":"post-7660","1":"product","2":"type-product","3":"status-publish","4":"has-post-thumbnail","6":"tagmedia-gruppen-1","7":"product_cat-catalogue","8":"product_cat-revue","9":"product_tag-aristoxene-de-tarente","10":"product_tag-badiou","11":"product_tag-bergson","12":"product_tag-celine-schmitt","13":"product_tag-ecriture-musicale","14":"product_tag-gruppen","15":"product_tag-gruppen-n1","16":"product_tag-ilan-kaddouch","17":"product_tag-jacqueline-challet-haas","18":"product_tag-laurence-gatti","19":"product_tag-laurent-jarfer","20":"product_tag-marc-sastre","21":"product_tag-pierre-ulysse-barranque","22":"product_tag-revue-gruppen","23":"product_tag-sebastien-miravete","24":"product_tag-serge-pey","25":"product_tag-van-gogh","26":"pa_auteur-collectif","27":"pa_date-de-parution-01-juin-2010","28":"pa_isbn-978-2-919103-00-3","29":"pa_nombre-de-pages-176-pages","31":"first","32":"outofstock","33":"shipping-taxable","34":"purchasable","35":"product-type-simple"},"_links":{"self":[{"href":"https:\/\/www.revuegruppen.com\/gruppen\/wp-json\/wp\/v2\/product\/7660","targetHints":{"allow":["GET"]}}],"collection":[{"href":"https:\/\/www.revuegruppen.com\/gruppen\/wp-json\/wp\/v2\/product"}],"about":[{"href":"https:\/\/www.revuegruppen.com\/gruppen\/wp-json\/wp\/v2\/types\/product"}],"wp:featuredmedia":[{"embeddable":true,"href":"https:\/\/www.revuegruppen.com\/gruppen\/wp-json\/wp\/v2\/media\/8553"}],"wp:attachment":[{"href":"https:\/\/www.revuegruppen.com\/gruppen\/wp-json\/wp\/v2\/media?parent=7660"}],"wp:term":[{"taxonomy":"product_brand","embeddable":true,"href":"https:\/\/www.revuegruppen.com\/gruppen\/wp-json\/wp\/v2\/product_brand?post=7660"},{"taxonomy":"product_cat","embeddable":true,"href":"https:\/\/www.revuegruppen.com\/gruppen\/wp-json\/wp\/v2\/product_cat?post=7660"},{"taxonomy":"product_tag","embeddable":true,"href":"https:\/\/www.revuegruppen.com\/gruppen\/wp-json\/wp\/v2\/product_tag?post=7660"}],"curies":[{"name":"wp","href":"https:\/\/api.w.org\/{rel}","templated":true}]}}