{"id":7657,"date":"2011-01-01T15:17:56","date_gmt":"2011-01-01T14:17:56","guid":{"rendered":"http:\/\/www.revuegruppen.com\/gruppen2018\/?post_type=product&#038;p=7657"},"modified":"2024-04-12T17:56:30","modified_gmt":"2024-04-12T15:56:30","slug":"gruppen-n2","status":"publish","type":"product","link":"https:\/\/www.revuegruppen.com\/gruppen\/produit\/gruppen-n2\/","title":{"rendered":"Gruppen n\u00b02"},"content":{"rendered":"<p style=\"text-align: justify;\"><strong>Entrevue<\/strong><br \/>\navec\u00a0MARTIAL SOLAL\u00a0(jazz)<\/p>\n<p style=\"text-align: justify;\"><strong>Po\u00e9sie<\/strong><br \/>\nSERGE PEY\u00a0\u2013\u00a0<em>La longue marche de Z\u00e9non d\u2019El\u00e9e<\/em><br \/>\nLAURENT JARFER\u00a0\u2013\u00a0<em>Ko Ta\u00ef Nan\u2019, notes de voyage\u00a0pour un sc\u00e9nario intitul\u00e9 \u00ab\u00a0Dialectique du Mouvement\u00a0\u00bb<\/em><\/p>\n<p style=\"text-align: justify;\"><strong>Musique<\/strong><br \/>\nILAN KADDOUCH\u00a0\u2013\u00a0<em>Pierre Boulez- Eclat. Un essai d\u2019extrapolation du syst\u00e8me<\/em><\/p>\n<p style=\"text-align: justify;\"><strong>Photographie<\/strong><br \/>\nNICU ILFOVEANU\u00a0\u2013\u00a0<em>Guide \u00c9lectro-touristique\u00a0<\/em>(extraits)<\/p>\n<p style=\"text-align: justify;\"><strong>Philosophie<\/strong><br \/>\nPIERRE-ULYSSE BARRANQUE\u00a0\u2013\u00a0<em>Ouverture\u00a0\u2013 La jeunesse et son drapeau \/ Neuf th\u00e8ses pour le \u00ab\u00a0Comme-Un-Isthme\u00a0\u00bb<br \/>\n<\/em>SEBASTIEN MIRAVETE\u00a0\u2013\u00a0<em>Cr\u00e9ation vs r\u00e9alisation : un probl\u00e8me de d\u00e9finition<br \/>\n<\/em>LETITIA MOUZE\u00a0\u2013\u00a0<em>La critique litt\u00e9raire comme genre philosophique\u00a0: l\u2019essai de Benjamin\u00a0sur\u00a0les \u00ab\u00a0Affinit\u00e9s \u00e9lectives\u00a0\u00bb de Goethe<\/em><\/p>\n<p style=\"text-align: justify;\"><strong>Critique<\/strong><br \/>\nBARTOLOME FERRANDO\u00a0\u2013\u00a0<em>La performance et sa cr\u00e9ation \u2013 El\u00e9ments de r\u00e9flexion<\/em><br \/>\n(traduction: Anthony Cl\u00e9ment, avec le soutien d&rsquo;Odile Cass\u00e8de)<\/p>\n<p style=\"text-align: justify;\"><strong>Cin\u00e9ma<\/strong><br \/>\nAGNES BIREBENT\u00a0\u2013\u00a0<em>Andre\u00ef Tarkovski \u2013 Quand la limite manque de reste<\/em><\/p>\n<p style=\"text-align: justify;\"><strong>Les Mots de Bonnefoy<\/strong><br \/>\nMots Crois\u00e9s de BERNARD BONNEFOY<strong>\u00a0<\/strong><\/p>\n<p style=\"text-align: justify;\"><strong>Illustrations<\/strong><br \/>\nLAURENCE GATTI<\/p>\n<div id='gallery-1' class='gallery galleryid-7657 gallery-columns-5 gallery-size-thumbnail'><figure class='gallery-item'>\n\t\t\t<div class='gallery-icon landscape'>\n\t\t\t\t<a href='https:\/\/www.revuegruppen.com\/gruppen\/wp-content\/uploads\/2011\/01\/Gruppen-n\u00b02-Bartolome-Ferrando-min.jpg'><img loading=\"lazy\" decoding=\"async\" width=\"200\" height=\"200\" src=\"https:\/\/www.revuegruppen.com\/gruppen\/wp-content\/uploads\/2011\/01\/Gruppen-n\u00b02-Bartolome-Ferrando-min-200x200.jpg\" class=\"attachment-thumbnail size-thumbnail\" alt=\"\" srcset=\"https:\/\/www.revuegruppen.com\/gruppen\/wp-content\/uploads\/2011\/01\/Gruppen-n\u00b02-Bartolome-Ferrando-min-200x200.jpg 200w, https:\/\/www.revuegruppen.com\/gruppen\/wp-content\/uploads\/2011\/01\/Gruppen-n\u00b02-Bartolome-Ferrando-min-400x400.jpg 400w, https:\/\/www.revuegruppen.com\/gruppen\/wp-content\/uploads\/2011\/01\/Gruppen-n\u00b02-Bartolome-Ferrando-min-800x800.jpg 800w, https:\/\/www.revuegruppen.com\/gruppen\/wp-content\/uploads\/2011\/01\/Gruppen-n\u00b02-Bartolome-Ferrando-min-100x100.jpg 100w\" sizes=\"auto, (max-width: 200px) 100vw, 200px\" \/><\/a>\n\t\t\t<\/div><\/figure><figure class='gallery-item'>\n\t\t\t<div class='gallery-icon landscape'>\n\t\t\t\t<a href='https:\/\/www.revuegruppen.com\/gruppen\/wp-content\/uploads\/2011\/01\/Gruppen-n\u00b02-Ilan-Kaddouch-min.jpg'><img loading=\"lazy\" decoding=\"async\" width=\"200\" height=\"200\" src=\"https:\/\/www.revuegruppen.com\/gruppen\/wp-content\/uploads\/2011\/01\/Gruppen-n\u00b02-Ilan-Kaddouch-min-200x200.jpg\" class=\"attachment-thumbnail size-thumbnail\" alt=\"\" srcset=\"https:\/\/www.revuegruppen.com\/gruppen\/wp-content\/uploads\/2011\/01\/Gruppen-n\u00b02-Ilan-Kaddouch-min-200x200.jpg 200w, https:\/\/www.revuegruppen.com\/gruppen\/wp-content\/uploads\/2011\/01\/Gruppen-n\u00b02-Ilan-Kaddouch-min-400x400.jpg 400w, https:\/\/www.revuegruppen.com\/gruppen\/wp-content\/uploads\/2011\/01\/Gruppen-n\u00b02-Ilan-Kaddouch-min-800x800.jpg 800w, https:\/\/www.revuegruppen.com\/gruppen\/wp-content\/uploads\/2011\/01\/Gruppen-n\u00b02-Ilan-Kaddouch-min-100x100.jpg 100w\" sizes=\"auto, (max-width: 200px) 100vw, 200px\" \/><\/a>\n\t\t\t<\/div><\/figure><figure class='gallery-item'>\n\t\t\t<div class='gallery-icon landscape'>\n\t\t\t\t<a href='https:\/\/www.revuegruppen.com\/gruppen\/wp-content\/uploads\/2011\/01\/Ilan-min.jpg'><img loading=\"lazy\" decoding=\"async\" width=\"200\" height=\"200\" src=\"https:\/\/www.revuegruppen.com\/gruppen\/wp-content\/uploads\/2011\/01\/Ilan-min-200x200.jpg\" class=\"attachment-thumbnail size-thumbnail\" alt=\"\" srcset=\"https:\/\/www.revuegruppen.com\/gruppen\/wp-content\/uploads\/2011\/01\/Ilan-min-200x200.jpg 200w, https:\/\/www.revuegruppen.com\/gruppen\/wp-content\/uploads\/2011\/01\/Ilan-min-400x400.jpg 400w, https:\/\/www.revuegruppen.com\/gruppen\/wp-content\/uploads\/2011\/01\/Ilan-min-800x800.jpg 800w, https:\/\/www.revuegruppen.com\/gruppen\/wp-content\/uploads\/2011\/01\/Ilan-min-100x100.jpg 100w\" sizes=\"auto, (max-width: 200px) 100vw, 200px\" \/><\/a>\n\t\t\t<\/div><\/figure><figure class='gallery-item'>\n\t\t\t<div class='gallery-icon landscape'>\n\t\t\t\t<a href='https:\/\/www.revuegruppen.com\/gruppen\/wp-content\/uploads\/2011\/01\/Gruppen-n\u00b02-Letitia-Mouze-min.jpg'><img loading=\"lazy\" decoding=\"async\" width=\"200\" height=\"200\" src=\"https:\/\/www.revuegruppen.com\/gruppen\/wp-content\/uploads\/2011\/01\/Gruppen-n\u00b02-Letitia-Mouze-min-200x200.jpg\" class=\"attachment-thumbnail size-thumbnail\" alt=\"\" srcset=\"https:\/\/www.revuegruppen.com\/gruppen\/wp-content\/uploads\/2011\/01\/Gruppen-n\u00b02-Letitia-Mouze-min-200x200.jpg 200w, https:\/\/www.revuegruppen.com\/gruppen\/wp-content\/uploads\/2011\/01\/Gruppen-n\u00b02-Letitia-Mouze-min-400x400.jpg 400w, https:\/\/www.revuegruppen.com\/gruppen\/wp-content\/uploads\/2011\/01\/Gruppen-n\u00b02-Letitia-Mouze-min-800x800.jpg 800w, https:\/\/www.revuegruppen.com\/gruppen\/wp-content\/uploads\/2011\/01\/Gruppen-n\u00b02-Letitia-Mouze-min-100x100.jpg 100w\" sizes=\"auto, (max-width: 200px) 100vw, 200px\" \/><\/a>\n\t\t\t<\/div><\/figure><figure class='gallery-item'>\n\t\t\t<div class='gallery-icon landscape'>\n\t\t\t\t<a href='https:\/\/www.revuegruppen.com\/gruppen\/wp-content\/uploads\/2011\/01\/Gruppen-n\u00b02-Martial-Solal-min.jpg'><img loading=\"lazy\" decoding=\"async\" width=\"200\" height=\"200\" src=\"https:\/\/www.revuegruppen.com\/gruppen\/wp-content\/uploads\/2011\/01\/Gruppen-n\u00b02-Martial-Solal-min-200x200.jpg\" class=\"attachment-thumbnail size-thumbnail\" alt=\"\" srcset=\"https:\/\/www.revuegruppen.com\/gruppen\/wp-content\/uploads\/2011\/01\/Gruppen-n\u00b02-Martial-Solal-min-200x200.jpg 200w, https:\/\/www.revuegruppen.com\/gruppen\/wp-content\/uploads\/2011\/01\/Gruppen-n\u00b02-Martial-Solal-min-400x400.jpg 400w, https:\/\/www.revuegruppen.com\/gruppen\/wp-content\/uploads\/2011\/01\/Gruppen-n\u00b02-Martial-Solal-min-800x800.jpg 800w, https:\/\/www.revuegruppen.com\/gruppen\/wp-content\/uploads\/2011\/01\/Gruppen-n\u00b02-Martial-Solal-min-100x100.jpg 100w\" sizes=\"auto, (max-width: 200px) 100vw, 200px\" \/><\/a>\n\t\t\t<\/div><\/figure>\n\t\t<\/div>\n\n","protected":false},"excerpt":{"rendered":"<p style=\"text-align: justify;\">Ce\u00a0<em>Gruppen n\u00b02<\/em>\u00a0nous entra\u00eene notamment sur la piste du compositeur et pianiste de jazz Martial Solal. L&rsquo;occasion nous est donc offerte, avec une longue interview, de d\u00e9couvrir l\u2019originalit\u00e9 du travail de cr\u00e9ation de ce grand musicien. Martial Solal a fait travailler la repr\u00e9sentation du temps en musique en l&rsquo;\u00e9largissant par diff\u00e9rentes techniques qu&rsquo;il nous expose ici.<br \/>\nDans son article sur Pierre Boulez le compositeur Ilan Kaddouch apporte des \u00e9l\u00e9ments de d\u00e9finition concernant la conception du temps en musique. Le temps d&rsquo;un voyage, le po\u00e8te Laurent Jarfer nous emporte au Viet Nam : un accident s&rsquo;est produit, un \u00e9l\u00e9phant s&rsquo;est \u00e9cras\u00e9 sur la voiture, comme illustr\u00e9 par Laurence Gatti.<br \/>\nQuel lien ici, entre les po\u00e8tes d\u2019actions Bartolom\u00e9 Ferrando et Serge Pey, et les philosophes L\u00e9titia Mouze, S\u00e9bastien Miravete et Pierre-Ulysse Barranque ? Libre au lecteur de former son id\u00e9e.<\/p>\n","protected":false},"featured_media":8554,"template":"","meta":[],"product_brand":[],"product_cat":[66,67],"product_tag":[577,578,513,579,580,39,581,42,45,48,49,582,565,583,584,585,552,63,538,539,586,587,588,589],"class_list":{"0":"post-7657","1":"product","2":"type-product","3":"status-publish","4":"has-post-thumbnail","6":"tagmedia-gruppen-2","7":"product_cat-catalogue","8":"product_cat-revue","9":"product_tag-affinites-electives","10":"product_tag-agnes-birebent","11":"product_tag-bartolome-ferrando","12":"product_tag-eclat","13":"product_tag-goethe","14":"product_tag-gruppen","15":"product_tag-gruppen-n2","16":"product_tag-ilan-kaddouch","17":"product_tag-jazz","18":"product_tag-laurence-gatti","19":"product_tag-laurent-jarfer","20":"product_tag-letitia-mouze","21":"product_tag-martial-solal","22":"product_tag-nicu-ilfoveanu","23":"product_tag-performance","24":"product_tag-pierre-boulez","25":"product_tag-pierre-ulysse-barranque","26":"product_tag-revue-gruppen","27":"product_tag-sebastien-miravete","28":"product_tag-serge-pey","29":"product_tag-tarkovski","30":"product_tag-walter-benjamin","31":"product_tag-zenon","32":"product_tag-zenon-delee","33":"product_shipping_class-entre-250-et-500g","34":"pa_auteur-collectif","35":"pa_date-de-parution-10-fevrier-2011","36":"pa_isbn-978-2-919103-01-0","37":"pa_nombre-de-pages-176-pages","39":"first","40":"instock","41":"shipping-taxable","42":"purchasable","43":"product-type-simple"},"_links":{"self":[{"href":"https:\/\/www.revuegruppen.com\/gruppen\/wp-json\/wp\/v2\/product\/7657","targetHints":{"allow":["GET"]}}],"collection":[{"href":"https:\/\/www.revuegruppen.com\/gruppen\/wp-json\/wp\/v2\/product"}],"about":[{"href":"https:\/\/www.revuegruppen.com\/gruppen\/wp-json\/wp\/v2\/types\/product"}],"wp:featuredmedia":[{"embeddable":true,"href":"https:\/\/www.revuegruppen.com\/gruppen\/wp-json\/wp\/v2\/media\/8554"}],"wp:attachment":[{"href":"https:\/\/www.revuegruppen.com\/gruppen\/wp-json\/wp\/v2\/media?parent=7657"}],"wp:term":[{"taxonomy":"product_brand","embeddable":true,"href":"https:\/\/www.revuegruppen.com\/gruppen\/wp-json\/wp\/v2\/product_brand?post=7657"},{"taxonomy":"product_cat","embeddable":true,"href":"https:\/\/www.revuegruppen.com\/gruppen\/wp-json\/wp\/v2\/product_cat?post=7657"},{"taxonomy":"product_tag","embeddable":true,"href":"https:\/\/www.revuegruppen.com\/gruppen\/wp-json\/wp\/v2\/product_tag?post=7657"}],"curies":[{"name":"wp","href":"https:\/\/api.w.org\/{rel}","templated":true}]}}