{"id":7649,"date":"2012-09-01T14:35:02","date_gmt":"2012-09-01T12:35:02","guid":{"rendered":"http:\/\/www.revuegruppen.com\/gruppen2018\/?post_type=product&#038;p=7649"},"modified":"2024-04-12T17:34:27","modified_gmt":"2024-04-12T15:34:27","slug":"des-mimes-et-des-murs","status":"publish","type":"product","link":"https:\/\/www.revuegruppen.com\/gruppen\/produit\/des-mimes-et-des-murs\/","title":{"rendered":"Des Mimes et des Murs"},"content":{"rendered":"<p style=\"text-align: justify;\">Apr\u00e8s de nombreuses ann\u00e9es de pratique en tant qu&rsquo;enseignant et formateur d&rsquo;enseignants, Robert Kaddouch propose dans ce livre un expos\u00e9 clair, concret et complet de ce qu&rsquo;est la cr\u00e9ation, et pr\u00e9sente une m\u00e9thode pour la d\u00e9velopper. Pour cela, il a choisi de d\u00e9crire avec pr\u00e9cision deux s\u00e9ances repr\u00e9sentatives de sa d\u00e9marche.<br \/>\nEn effet, ces deux \u00e9tudes p\u00e9dagogiques nous apprennent le fonctionnement pr\u00e9cis de la cr\u00e9ation de son point de vue d&rsquo;enseignant de la musique, et les dispositifs qu\u2019il est n\u00e9cessaire de mettre en place. Elles nous rappellent en derni\u00e8re instance que la cr\u00e9ation ne peut exister sans communication, et r\u00e9ciproquement.<br \/>\nLes p\u00e9dagogies de la cr\u00e9ation que nous connaissons actuellement se focalisent sur l\u2019id\u00e9e que toute cr\u00e9ation serait un mode d&rsquo;expression, mais aussi sur une volont\u00e9 de laisser l&rsquo;enfant d\u00e9couvrir librement ses potentialit\u00e9s, comme si cela pouvait suffire. Pourtant, Pierre (un jeune autiste)\u00a0et Th\u00e9odore (dou\u00e9 d\u2019un haut potentiel)\u00a0nous montrent bien que l\u2019on ne s&rsquo;exprime pas toujours lorsqu&rsquo;on cr\u00e9e, et que s&rsquo;exprimer ne se r\u00e9duit pas \u00e0 faire ce que l&rsquo;on veut.<br \/>\nLa t\u00e2che de l&rsquo;enseignant ne peut se limiter au fait d\u2019exposer l&rsquo;\u00e9l\u00e8ve \u00e0 des activit\u00e9s de cr\u00e9ation (improvisation, situations-probl\u00e8mes non standards, etc.), ou de libre expression. Son r\u00f4le est d&rsquo;intervenir activement durant l&rsquo;acte m\u00eame de cr\u00e9ation afin de le soutenir, de bloquer ce qui en freine l&rsquo;accomplissement, et d&rsquo;aider l&rsquo;enfant \u00e0 le relier \u00e0 ce qui lui correspond. Soutenir, bloquer, relier, tel est le r\u00f4le d&rsquo;un enseignant qui cherche \u00e0 \u00e9veiller et \u00e0 rendre autonome ce qui est plus qu&rsquo;un simple acte de cr\u00e9ation ou de communication et que Robert Kaddouch nomme\u00a0<i>conductibilit\u00e9<\/i>.<\/p>\n<div id='gallery-1' class='gallery galleryid-7649 gallery-columns-4 gallery-size-medium'><figure class='gallery-item'>\n\t\t\t<div class='gallery-icon landscape'>\n\t\t\t\t<a href='https:\/\/www.revuegruppen.com\/gruppen\/wp-content\/uploads\/2012\/09\/P1030875.jpeg'><img loading=\"lazy\" decoding=\"async\" width=\"400\" height=\"225\" src=\"https:\/\/www.revuegruppen.com\/gruppen\/wp-content\/uploads\/2012\/09\/P1030875-400x225.jpeg\" class=\"attachment-medium size-medium\" alt=\"\" srcset=\"https:\/\/www.revuegruppen.com\/gruppen\/wp-content\/uploads\/2012\/09\/P1030875-400x225.jpeg 400w, https:\/\/www.revuegruppen.com\/gruppen\/wp-content\/uploads\/2012\/09\/P1030875-600x338.jpeg 600w, https:\/\/www.revuegruppen.com\/gruppen\/wp-content\/uploads\/2012\/09\/P1030875-768x432.jpeg 768w\" sizes=\"auto, (max-width: 400px) 100vw, 400px\" \/><\/a>\n\t\t\t<\/div><\/figure><figure class='gallery-item'>\n\t\t\t<div class='gallery-icon landscape'>\n\t\t\t\t<a href='https:\/\/www.revuegruppen.com\/gruppen\/wp-content\/uploads\/2012\/09\/P1030877.jpeg'><img loading=\"lazy\" decoding=\"async\" width=\"400\" height=\"225\" src=\"https:\/\/www.revuegruppen.com\/gruppen\/wp-content\/uploads\/2012\/09\/P1030877-400x225.jpeg\" class=\"attachment-medium size-medium\" alt=\"\" srcset=\"https:\/\/www.revuegruppen.com\/gruppen\/wp-content\/uploads\/2012\/09\/P1030877-400x225.jpeg 400w, https:\/\/www.revuegruppen.com\/gruppen\/wp-content\/uploads\/2012\/09\/P1030877-768x432.jpeg 768w, https:\/\/www.revuegruppen.com\/gruppen\/wp-content\/uploads\/2012\/09\/P1030877-600x338.jpeg 600w\" sizes=\"auto, (max-width: 400px) 100vw, 400px\" \/><\/a>\n\t\t\t<\/div><\/figure><figure class='gallery-item'>\n\t\t\t<div class='gallery-icon landscape'>\n\t\t\t\t<a href='https:\/\/www.revuegruppen.com\/gruppen\/wp-content\/uploads\/2012\/09\/P1030868.jpeg'><img loading=\"lazy\" decoding=\"async\" width=\"400\" height=\"225\" src=\"https:\/\/www.revuegruppen.com\/gruppen\/wp-content\/uploads\/2012\/09\/P1030868-400x225.jpeg\" class=\"attachment-medium size-medium\" alt=\"\" srcset=\"https:\/\/www.revuegruppen.com\/gruppen\/wp-content\/uploads\/2012\/09\/P1030868-400x225.jpeg 400w, https:\/\/www.revuegruppen.com\/gruppen\/wp-content\/uploads\/2012\/09\/P1030868-768x432.jpeg 768w, https:\/\/www.revuegruppen.com\/gruppen\/wp-content\/uploads\/2012\/09\/P1030868-600x338.jpeg 600w\" sizes=\"auto, (max-width: 400px) 100vw, 400px\" \/><\/a>\n\t\t\t<\/div><\/figure><figure class='gallery-item'>\n\t\t\t<div class='gallery-icon landscape'>\n\t\t\t\t<a href='https:\/\/www.revuegruppen.com\/gruppen\/wp-content\/uploads\/2012\/09\/P1030872.jpeg'><img loading=\"lazy\" decoding=\"async\" width=\"400\" height=\"225\" src=\"https:\/\/www.revuegruppen.com\/gruppen\/wp-content\/uploads\/2012\/09\/P1030872-400x225.jpeg\" class=\"attachment-medium size-medium\" alt=\"\" srcset=\"https:\/\/www.revuegruppen.com\/gruppen\/wp-content\/uploads\/2012\/09\/P1030872-400x225.jpeg 400w, https:\/\/www.revuegruppen.com\/gruppen\/wp-content\/uploads\/2012\/09\/P1030872-768x432.jpeg 768w, https:\/\/www.revuegruppen.com\/gruppen\/wp-content\/uploads\/2012\/09\/P1030872-600x338.jpeg 600w\" sizes=\"auto, (max-width: 400px) 100vw, 400px\" \/><\/a>\n\t\t\t<\/div><\/figure>\n\t\t<\/div>\n\n","protected":false},"excerpt":{"rendered":"<p>Deux \u00e9tudes de cas pour une autre p\u00e9dagogie.<br \/>\n<span style=\"font-size: 10pt;\">(en collaboration avec\u00a0S\u00e9bastien Mirav\u00e8te)<\/span><\/p>\n<p style=\"text-align: justify;\">Apr\u00e8s de nombreuses ann\u00e9es de pratique en tant qu&rsquo;enseignant et formateur d&rsquo;enseignants, Robert Kaddouch propose dans ce livre un expos\u00e9 clair, concret et complet de ce qu&rsquo;est la cr\u00e9ation, et pr\u00e9sente une m\u00e9thode pour la d\u00e9velopper. Pour cela, il a choisi de d\u00e9crire avec pr\u00e9cision deux s\u00e9ances repr\u00e9sentatives de sa d\u00e9marche.<\/p>\n<div><\/div>\n<div class=\"postmeta\"><\/div>\n","protected":false},"featured_media":8648,"template":"","meta":[],"product_brand":[],"product_cat":[66,68],"product_tag":[561,41,54,534,553,538],"class_list":{"0":"post-7649","1":"product","2":"type-product","3":"status-publish","4":"has-post-thumbnail","6":"tagmedia-des-mimes-et-des-murs","7":"product_cat-catalogue","8":"product_cat-livres","9":"product_tag-es-mimes-et-des-murs","10":"product_tag-gruppen-editions","11":"product_tag-musique","12":"product_tag-pedagogie","13":"product_tag-robert-kaddouch","14":"product_tag-sebastien-miravete","15":"product_shipping_class-jusqua-250g","16":"pa_auteur-robert-kaddouch","17":"pa_date-de-parution-3-septembre-2012","18":"pa_isbn-558","20":"first","21":"instock","22":"shipping-taxable","23":"purchasable","24":"product-type-simple"},"_links":{"self":[{"href":"https:\/\/www.revuegruppen.com\/gruppen\/wp-json\/wp\/v2\/product\/7649","targetHints":{"allow":["GET"]}}],"collection":[{"href":"https:\/\/www.revuegruppen.com\/gruppen\/wp-json\/wp\/v2\/product"}],"about":[{"href":"https:\/\/www.revuegruppen.com\/gruppen\/wp-json\/wp\/v2\/types\/product"}],"wp:featuredmedia":[{"embeddable":true,"href":"https:\/\/www.revuegruppen.com\/gruppen\/wp-json\/wp\/v2\/media\/8648"}],"wp:attachment":[{"href":"https:\/\/www.revuegruppen.com\/gruppen\/wp-json\/wp\/v2\/media?parent=7649"}],"wp:term":[{"taxonomy":"product_brand","embeddable":true,"href":"https:\/\/www.revuegruppen.com\/gruppen\/wp-json\/wp\/v2\/product_brand?post=7649"},{"taxonomy":"product_cat","embeddable":true,"href":"https:\/\/www.revuegruppen.com\/gruppen\/wp-json\/wp\/v2\/product_cat?post=7649"},{"taxonomy":"product_tag","embeddable":true,"href":"https:\/\/www.revuegruppen.com\/gruppen\/wp-json\/wp\/v2\/product_tag?post=7649"}],"curies":[{"name":"wp","href":"https:\/\/api.w.org\/{rel}","templated":true}]}}