{"id":7626,"date":"2013-06-01T14:06:53","date_gmt":"2013-06-01T12:06:53","guid":{"rendered":"http:\/\/www.revuegruppen.com\/gruppen2018\/?post_type=product&#038;p=7626"},"modified":"2024-04-12T17:02:53","modified_gmt":"2024-04-12T15:02:53","slug":"tombeau-pour-un-miaulement","status":"publish","type":"product","link":"https:\/\/www.revuegruppen.com\/gruppen\/produit\/tombeau-pour-un-miaulement\/","title":{"rendered":"Tombeau pour un miaulement"},"content":{"rendered":"<p>Extraits de l&rsquo;ouvrage dits par Serge Pey<br \/>\nen compagnie de Be\u00f1at Achiary (voix) et Julen Achiary (percussions),<br \/>\nenregistr\u00e9 le 10 juin 2013 au studio 106 de Radio France pour l&rsquo;\u00e9mission\u00a0<em>\u00c0 l&rsquo;improviste.<\/em><\/p>\n<p><strong><br \/>\nA\u00efcha jamais Ha\u00efcha<\/strong><br \/>\nDes mains pour les femmes de Hassi Messaoud<br \/>\n<em>Charade \u00e0 r\u00e9citer par les enfants avec les doigts et les mains pour les femmes martyres de Hassi Messaoud<\/em><br \/>\n\u00ab\u00a0Tes paroles seront gard\u00e9es aussi par tes ennemis\u00a0\u00bb<br \/>\n<em>Po\u00e8mes \u00e0 compl\u00e9ter par ceux qui le liront<\/em><\/p>\n<audio class=\"wp-audio-shortcode\" id=\"audio-7626-1\" preload=\"none\" style=\"width: 100%;\" controls=\"controls\"><source type=\"audio\/mpeg\" src=\"https:\/\/www.revuegruppen.com\/gruppen\/wp-content\/uploads\/2018\/07\/aicha-jamais-haicha.mp3?_=1\" \/><a href=\"https:\/\/www.revuegruppen.com\/gruppen\/wp-content\/uploads\/2018\/07\/aicha-jamais-haicha.mp3\">https:\/\/www.revuegruppen.com\/gruppen\/wp-content\/uploads\/2018\/07\/aicha-jamais-haicha.mp3<\/a><\/audio>\n<p><strong><br \/>\nLe temps des assassins\u00a0<\/strong>\/<strong>\u00a0Dialogue avec Bertolt Brecht<\/strong>\u00a0(\u00e0 partir de certains de ses aphorismes)<\/p>\n<audio class=\"wp-audio-shortcode\" id=\"audio-7626-2\" preload=\"none\" style=\"width: 100%;\" controls=\"controls\"><source type=\"audio\/mpeg\" src=\"https:\/\/www.revuegruppen.com\/gruppen\/wp-content\/uploads\/2018\/07\/le-temps-des-assassins.mp3?_=2\" \/><a href=\"https:\/\/www.revuegruppen.com\/gruppen\/wp-content\/uploads\/2018\/07\/le-temps-des-assassins.mp3\">https:\/\/www.revuegruppen.com\/gruppen\/wp-content\/uploads\/2018\/07\/le-temps-des-assassins.mp3<\/a><\/audio>\n<p>&nbsp;<\/p>\n<hr \/>\n<div id='gallery-1' class='gallery galleryid-7626 gallery-columns-7 gallery-size-thumbnail'><figure class='gallery-item'>\n\t\t\t<div class='gallery-icon landscape'>\n\t\t\t\t<a href='https:\/\/www.revuegruppen.com\/gruppen\/wp-content\/uploads\/2018\/07\/Tombeau-pour-un-miaulement-Serge-Pey-Gruppen-e\u0301ditions-2013-min.jpg'><img loading=\"lazy\" decoding=\"async\" width=\"200\" height=\"200\" src=\"https:\/\/www.revuegruppen.com\/gruppen\/wp-content\/uploads\/2018\/07\/Tombeau-pour-un-miaulement-Serge-Pey-Gruppen-e\u0301ditions-2013-min-200x200.jpg\" class=\"attachment-thumbnail size-thumbnail\" alt=\"Tombeau pour un miaulement - Serge Pey\" srcset=\"https:\/\/www.revuegruppen.com\/gruppen\/wp-content\/uploads\/2018\/07\/Tombeau-pour-un-miaulement-Serge-Pey-Gruppen-e\u0301ditions-2013-min-200x200.jpg 200w, https:\/\/www.revuegruppen.com\/gruppen\/wp-content\/uploads\/2018\/07\/Tombeau-pour-un-miaulement-Serge-Pey-Gruppen-e\u0301ditions-2013-min-400x400.jpg 400w, https:\/\/www.revuegruppen.com\/gruppen\/wp-content\/uploads\/2018\/07\/Tombeau-pour-un-miaulement-Serge-Pey-Gruppen-e\u0301ditions-2013-min-100x100.jpg 100w\" sizes=\"auto, (max-width: 200px) 100vw, 200px\" \/><\/a>\n\t\t\t<\/div><\/figure><figure class='gallery-item'>\n\t\t\t<div class='gallery-icon landscape'>\n\t\t\t\t<a href='https:\/\/www.revuegruppen.com\/gruppen\/wp-content\/uploads\/2018\/07\/Serge-Pey-de\u0301dicace-son-livre-Tombeau-pour-un-miaulement-Gruppen-e\u0301ditions-2013-marche\u0301-poe\u0301sie-paris-2013-1-min.jpg'><img loading=\"lazy\" decoding=\"async\" width=\"200\" height=\"200\" src=\"https:\/\/www.revuegruppen.com\/gruppen\/wp-content\/uploads\/2018\/07\/Serge-Pey-de\u0301dicace-son-livre-Tombeau-pour-un-miaulement-Gruppen-e\u0301ditions-2013-marche\u0301-poe\u0301sie-paris-2013-1-min-200x200.jpg\" class=\"attachment-thumbnail size-thumbnail\" alt=\"Serge Pey de\u0301dicace son livre\" srcset=\"https:\/\/www.revuegruppen.com\/gruppen\/wp-content\/uploads\/2018\/07\/Serge-Pey-de\u0301dicace-son-livre-Tombeau-pour-un-miaulement-Gruppen-e\u0301ditions-2013-marche\u0301-poe\u0301sie-paris-2013-1-min-200x200.jpg 200w, https:\/\/www.revuegruppen.com\/gruppen\/wp-content\/uploads\/2018\/07\/Serge-Pey-de\u0301dicace-son-livre-Tombeau-pour-un-miaulement-Gruppen-e\u0301ditions-2013-marche\u0301-poe\u0301sie-paris-2013-1-min-400x400.jpg 400w, https:\/\/www.revuegruppen.com\/gruppen\/wp-content\/uploads\/2018\/07\/Serge-Pey-de\u0301dicace-son-livre-Tombeau-pour-un-miaulement-Gruppen-e\u0301ditions-2013-marche\u0301-poe\u0301sie-paris-2013-1-min-100x100.jpg 100w\" sizes=\"auto, (max-width: 200px) 100vw, 200px\" \/><\/a>\n\t\t\t<\/div><\/figure><figure class='gallery-item'>\n\t\t\t<div class='gallery-icon landscape'>\n\t\t\t\t<a href='https:\/\/www.revuegruppen.com\/gruppen\/wp-content\/uploads\/2018\/07\/Serge-Pey-de\u0301dicace-son-dernier-livre-Tombeau-pour-un-miaulement-Gruppen-e\u0301ditions-2013-marche\u0301-de-la-poe\u0301sie-paris-2013-min.jpg'><img loading=\"lazy\" decoding=\"async\" width=\"200\" height=\"200\" src=\"https:\/\/www.revuegruppen.com\/gruppen\/wp-content\/uploads\/2018\/07\/Serge-Pey-de\u0301dicace-son-dernier-livre-Tombeau-pour-un-miaulement-Gruppen-e\u0301ditions-2013-marche\u0301-de-la-poe\u0301sie-paris-2013-min-200x200.jpg\" class=\"attachment-thumbnail size-thumbnail\" alt=\"Serge Pey de\u0301dicace son livre\" srcset=\"https:\/\/www.revuegruppen.com\/gruppen\/wp-content\/uploads\/2018\/07\/Serge-Pey-de\u0301dicace-son-dernier-livre-Tombeau-pour-un-miaulement-Gruppen-e\u0301ditions-2013-marche\u0301-de-la-poe\u0301sie-paris-2013-min-200x200.jpg 200w, https:\/\/www.revuegruppen.com\/gruppen\/wp-content\/uploads\/2018\/07\/Serge-Pey-de\u0301dicace-son-dernier-livre-Tombeau-pour-un-miaulement-Gruppen-e\u0301ditions-2013-marche\u0301-de-la-poe\u0301sie-paris-2013-min-400x400.jpg 400w, https:\/\/www.revuegruppen.com\/gruppen\/wp-content\/uploads\/2018\/07\/Serge-Pey-de\u0301dicace-son-dernier-livre-Tombeau-pour-un-miaulement-Gruppen-e\u0301ditions-2013-marche\u0301-de-la-poe\u0301sie-paris-2013-min-100x100.jpg 100w\" sizes=\"auto, (max-width: 200px) 100vw, 200px\" \/><\/a>\n\t\t\t<\/div><\/figure><figure class='gallery-item'>\n\t\t\t<div class='gallery-icon landscape'>\n\t\t\t\t<a href='https:\/\/www.revuegruppen.com\/gruppen\/wp-content\/uploads\/2018\/07\/Serge-Pey-de\u0301dicace-son-dernier-livre-Gruppen-e\u0301ditions-2013-marche\u0301-poe\u0301sie-paris-2013-1-min.jpg'><img loading=\"lazy\" decoding=\"async\" width=\"200\" height=\"200\" src=\"https:\/\/www.revuegruppen.com\/gruppen\/wp-content\/uploads\/2018\/07\/Serge-Pey-de\u0301dicace-son-dernier-livre-Gruppen-e\u0301ditions-2013-marche\u0301-poe\u0301sie-paris-2013-1-min-200x200.jpg\" class=\"attachment-thumbnail size-thumbnail\" alt=\"Serge Pey de\u0301dicace son livre\" srcset=\"https:\/\/www.revuegruppen.com\/gruppen\/wp-content\/uploads\/2018\/07\/Serge-Pey-de\u0301dicace-son-dernier-livre-Gruppen-e\u0301ditions-2013-marche\u0301-poe\u0301sie-paris-2013-1-min-200x200.jpg 200w, https:\/\/www.revuegruppen.com\/gruppen\/wp-content\/uploads\/2018\/07\/Serge-Pey-de\u0301dicace-son-dernier-livre-Gruppen-e\u0301ditions-2013-marche\u0301-poe\u0301sie-paris-2013-1-min-400x400.jpg 400w, https:\/\/www.revuegruppen.com\/gruppen\/wp-content\/uploads\/2018\/07\/Serge-Pey-de\u0301dicace-son-dernier-livre-Gruppen-e\u0301ditions-2013-marche\u0301-poe\u0301sie-paris-2013-1-min-100x100.jpg 100w\" sizes=\"auto, (max-width: 200px) 100vw, 200px\" \/><\/a>\n\t\t\t<\/div><\/figure><figure class='gallery-item'>\n\t\t\t<div class='gallery-icon portrait'>\n\t\t\t\t<a href='https:\/\/www.revuegruppen.com\/gruppen\/wp-content\/uploads\/2018\/07\/de\u0301dicace-Serge-Pey-Gruppen-e\u0301ditions-marche\u0301-poe\u0301sie-paris-2013-min.jpg'><img loading=\"lazy\" decoding=\"async\" width=\"200\" height=\"200\" src=\"https:\/\/www.revuegruppen.com\/gruppen\/wp-content\/uploads\/2018\/07\/de\u0301dicace-Serge-Pey-Gruppen-e\u0301ditions-marche\u0301-poe\u0301sie-paris-2013-min-200x200.jpg\" class=\"attachment-thumbnail size-thumbnail\" alt=\"Serge Pey de\u0301dicace son livre\" srcset=\"https:\/\/www.revuegruppen.com\/gruppen\/wp-content\/uploads\/2018\/07\/de\u0301dicace-Serge-Pey-Gruppen-e\u0301ditions-marche\u0301-poe\u0301sie-paris-2013-min-200x200.jpg 200w, https:\/\/www.revuegruppen.com\/gruppen\/wp-content\/uploads\/2018\/07\/de\u0301dicace-Serge-Pey-Gruppen-e\u0301ditions-marche\u0301-poe\u0301sie-paris-2013-min-100x100.jpg 100w\" sizes=\"auto, (max-width: 200px) 100vw, 200px\" \/><\/a>\n\t\t\t<\/div><\/figure><figure class='gallery-item'>\n\t\t\t<div class='gallery-icon portrait'>\n\t\t\t\t<a href='https:\/\/www.revuegruppen.com\/gruppen\/wp-content\/uploads\/2013\/06\/SERGE-PEY.jpg'><img loading=\"lazy\" decoding=\"async\" width=\"200\" height=\"200\" src=\"https:\/\/www.revuegruppen.com\/gruppen\/wp-content\/uploads\/2013\/06\/SERGE-PEY-200x200.jpg\" class=\"attachment-thumbnail size-thumbnail\" alt=\"\" srcset=\"https:\/\/www.revuegruppen.com\/gruppen\/wp-content\/uploads\/2013\/06\/SERGE-PEY-200x200.jpg 200w, https:\/\/www.revuegruppen.com\/gruppen\/wp-content\/uploads\/2013\/06\/SERGE-PEY-100x100.jpg 100w\" sizes=\"auto, (max-width: 200px) 100vw, 200px\" \/><\/a>\n\t\t\t<\/div><\/figure>\n\t\t<\/div>\n\n","protected":false},"excerpt":{"rendered":"<p style=\"text-align: justify;\"><span lang=\"FR\">Le po\u00e8me appartient davantage aux r\u00e9parations de l\u2019\u00e9ph\u00e9m\u00e8re et aux possibles des bifurcations qu\u2019il contient, qu\u2019aux inscriptions irr\u00e9vocables des pierres tombales. Aucun po\u00e8me n\u2019est d\u00e9finitif. Aucun po\u00e8me n\u2019est arr\u00eat\u00e9, fix\u00e9 ou r\u00e9gl\u00e9 par son temps. Il est continu\u00e9, poursuivi, tourment\u00e9 et harcel\u00e9 en m\u00eame temps par son lecteur et par son auteur.<br \/>\n<\/span>Un po\u00e8me est l\u2019illustration majeure du\u00a0<i>\u00abTa Panta rei<\/i>\u00bb d\u2019H\u00e9raclite. On ne se baigne jamais deux fois dans les m\u00eames verbes. Les \u00eeles qu\u2019il cr\u00e9e, dans ses remous dangereux, d\u00e9tournent son courant et cr\u00e9ent les nouvelles mers o\u00f9 il vient boire.<br \/>\nAinsi dans ce livre, o\u00f9 tous les textes sont in\u00e9dits, certains ont modifi\u00e9 leur pass\u00e9 pour enfanter de nouveaux pr\u00e9sents. Lorsqu\u2019on retranche un mot ou que l\u2019on change le temps d\u2019une conjugaison, on cr\u00e9e un d\u00e9placement dans le mouvement de la pens\u00e9e. Un po\u00e8me n\u2019est pas un souvenir\u00a0 mais une proposition d\u2019action dans la pens\u00e9e.<\/p>\n","protected":false},"featured_media":9860,"template":"","meta":[],"product_brand":[],"product_cat":[66,68],"product_tag":[41,60,539,610],"class_list":{"0":"post-7626","1":"product","2":"type-product","3":"status-publish","4":"has-post-thumbnail","6":"tagmedia-tombeau-pour-un-miaulement","7":"product_cat-catalogue","8":"product_cat-livres","9":"product_tag-gruppen-editions","10":"product_tag-poesie","11":"product_tag-serge-pey","12":"product_tag-tombeau-pour-un-miaulement","13":"product_shipping_class-entre-250-et-500g","14":"pa_auteur-serge-pey","15":"pa_date-de-parution-1-juin-2013","16":"pa_isbn-978-2-919103-09-6","17":"pa_nombre-de-pages-216-pages","19":"first","20":"instock","21":"shipping-taxable","22":"purchasable","23":"product-type-simple"},"_links":{"self":[{"href":"https:\/\/www.revuegruppen.com\/gruppen\/wp-json\/wp\/v2\/product\/7626","targetHints":{"allow":["GET"]}}],"collection":[{"href":"https:\/\/www.revuegruppen.com\/gruppen\/wp-json\/wp\/v2\/product"}],"about":[{"href":"https:\/\/www.revuegruppen.com\/gruppen\/wp-json\/wp\/v2\/types\/product"}],"wp:featuredmedia":[{"embeddable":true,"href":"https:\/\/www.revuegruppen.com\/gruppen\/wp-json\/wp\/v2\/media\/9860"}],"wp:attachment":[{"href":"https:\/\/www.revuegruppen.com\/gruppen\/wp-json\/wp\/v2\/media?parent=7626"}],"wp:term":[{"taxonomy":"product_brand","embeddable":true,"href":"https:\/\/www.revuegruppen.com\/gruppen\/wp-json\/wp\/v2\/product_brand?post=7626"},{"taxonomy":"product_cat","embeddable":true,"href":"https:\/\/www.revuegruppen.com\/gruppen\/wp-json\/wp\/v2\/product_cat?post=7626"},{"taxonomy":"product_tag","embeddable":true,"href":"https:\/\/www.revuegruppen.com\/gruppen\/wp-json\/wp\/v2\/product_tag?post=7626"}],"curies":[{"name":"wp","href":"https:\/\/api.w.org\/{rel}","templated":true}]}}