{"id":7612,"date":"2010-01-01T14:46:17","date_gmt":"2010-01-01T13:46:17","guid":{"rendered":"http:\/\/www.revuegruppen.com\/gruppen2018\/?post_type=product&#038;p=7612"},"modified":"2024-04-12T18:07:06","modified_gmt":"2024-04-12T16:07:06","slug":"gruppen-n0","status":"publish","type":"product","link":"https:\/\/www.revuegruppen.com\/gruppen\/produit\/gruppen-n0\/","title":{"rendered":"Gruppen n\u00b00"},"content":{"rendered":"<p><strong>Entrevue<\/strong><br \/>\navec\u00a0ROBERT KADDOUCH\u00a0(p\u00e9dagogie)<\/p>\n<p><strong>Po\u00e9sie<\/strong><br \/>\nSERGE PEY\u00a0\u2013\u00a0Quand les os se chargeront-ils de leur prochaine chair ?<br \/>\nVINCENT LE DIAGON\u00a0\u2013\u00a0Variations Burroughs \/ Kantara<br \/>\nLAURENT JARFER\u00a0\u2013\u00a0Ouverture \/ Si nous sommes inutiles<\/p>\n<p><strong>Musique<\/strong><br \/>\nILAN KADDOUCH\u00a0\u2013\u00a0Jaillissement du copeau: Helmut Lachenmann<\/p>\n<p><strong>Philosophie<\/strong><br \/>\nEMMANUEL BAROT\u00a0\u2013\u00a0Cyberpunk et R\u00e9volution<br \/>\nP-U BARRANQUE\u00a0\u2013\u00a0\u00abComme-un-isthme\u00bb: probl\u00e8mes et actualit\u00e9 d\u2019un mot (1ere partie)<br \/>\nSEBASTIEN MIRAVETE\u00a0\u2013\u00a0Manuel du petit Bergsonien \/ Le guide du Badiou<br \/>\nILAN KADDOUCH\u00a0\u2013\u00a0Les s\u00e9ries t\u00e9l\u00e9vis\u00e9es<\/p>\n<p><strong>Les Mots de Bonnefoy<\/strong><br \/>\nMots crois\u00e9s de BERNARD BONNEFOY<\/p>\n<p><strong>Illustrations<\/strong><br \/>\nLAURENCE GATTI<\/p>\n<div id='gallery-1' class='gallery galleryid-7612 gallery-columns-7 gallery-size-thumbnail'><figure class='gallery-item'>\n\t\t\t<div class='gallery-icon landscape'>\n\t\t\t\t<a href='https:\/\/www.revuegruppen.com\/gruppen\/wp-content\/uploads\/2010\/01\/Gruppen-n\u00b00-Badiou-min.jpg'><img loading=\"lazy\" decoding=\"async\" width=\"200\" height=\"200\" src=\"https:\/\/www.revuegruppen.com\/gruppen\/wp-content\/uploads\/2010\/01\/Gruppen-n\u00b00-Badiou-min-200x200.jpg\" class=\"attachment-thumbnail size-thumbnail\" alt=\"\" srcset=\"https:\/\/www.revuegruppen.com\/gruppen\/wp-content\/uploads\/2010\/01\/Gruppen-n\u00b00-Badiou-min-200x200.jpg 200w, https:\/\/www.revuegruppen.com\/gruppen\/wp-content\/uploads\/2010\/01\/Gruppen-n\u00b00-Badiou-min-400x400.jpg 400w, https:\/\/www.revuegruppen.com\/gruppen\/wp-content\/uploads\/2010\/01\/Gruppen-n\u00b00-Badiou-min-800x800.jpg 800w, https:\/\/www.revuegruppen.com\/gruppen\/wp-content\/uploads\/2010\/01\/Gruppen-n\u00b00-Badiou-min-100x100.jpg 100w\" sizes=\"auto, (max-width: 200px) 100vw, 200px\" \/><\/a>\n\t\t\t<\/div><\/figure><figure class='gallery-item'>\n\t\t\t<div class='gallery-icon landscape'>\n\t\t\t\t<a href='https:\/\/www.revuegruppen.com\/gruppen\/wp-content\/uploads\/2010\/01\/Gruppen-n\u00b00-Cyberpunk-min.jpg'><img loading=\"lazy\" decoding=\"async\" width=\"200\" height=\"200\" src=\"https:\/\/www.revuegruppen.com\/gruppen\/wp-content\/uploads\/2010\/01\/Gruppen-n\u00b00-Cyberpunk-min-200x200.jpg\" class=\"attachment-thumbnail size-thumbnail\" alt=\"\" srcset=\"https:\/\/www.revuegruppen.com\/gruppen\/wp-content\/uploads\/2010\/01\/Gruppen-n\u00b00-Cyberpunk-min-200x200.jpg 200w, https:\/\/www.revuegruppen.com\/gruppen\/wp-content\/uploads\/2010\/01\/Gruppen-n\u00b00-Cyberpunk-min-400x400.jpg 400w, https:\/\/www.revuegruppen.com\/gruppen\/wp-content\/uploads\/2010\/01\/Gruppen-n\u00b00-Cyberpunk-min-800x800.jpg 800w, https:\/\/www.revuegruppen.com\/gruppen\/wp-content\/uploads\/2010\/01\/Gruppen-n\u00b00-Cyberpunk-min-100x100.jpg 100w\" sizes=\"auto, (max-width: 200px) 100vw, 200px\" \/><\/a>\n\t\t\t<\/div><\/figure><figure class='gallery-item'>\n\t\t\t<div class='gallery-icon landscape'>\n\t\t\t\t<a href='https:\/\/www.revuegruppen.com\/gruppen\/wp-content\/uploads\/2010\/01\/Gruppen-n\u00b00-Ilan-min.jpg'><img loading=\"lazy\" decoding=\"async\" width=\"200\" height=\"200\" src=\"https:\/\/www.revuegruppen.com\/gruppen\/wp-content\/uploads\/2010\/01\/Gruppen-n\u00b00-Ilan-min-200x200.jpg\" class=\"attachment-thumbnail size-thumbnail\" alt=\"\" srcset=\"https:\/\/www.revuegruppen.com\/gruppen\/wp-content\/uploads\/2010\/01\/Gruppen-n\u00b00-Ilan-min-200x200.jpg 200w, https:\/\/www.revuegruppen.com\/gruppen\/wp-content\/uploads\/2010\/01\/Gruppen-n\u00b00-Ilan-min-400x400.jpg 400w, https:\/\/www.revuegruppen.com\/gruppen\/wp-content\/uploads\/2010\/01\/Gruppen-n\u00b00-Ilan-min-800x800.jpg 800w, https:\/\/www.revuegruppen.com\/gruppen\/wp-content\/uploads\/2010\/01\/Gruppen-n\u00b00-Ilan-min-100x100.jpg 100w\" sizes=\"auto, (max-width: 200px) 100vw, 200px\" \/><\/a>\n\t\t\t<\/div><\/figure><figure class='gallery-item'>\n\t\t\t<div class='gallery-icon landscape'>\n\t\t\t\t<a href='https:\/\/www.revuegruppen.com\/gruppen\/wp-content\/uploads\/2010\/01\/Gruppen-n\u00b00-Le-Diagon-min.jpg'><img loading=\"lazy\" decoding=\"async\" width=\"200\" height=\"200\" src=\"https:\/\/www.revuegruppen.com\/gruppen\/wp-content\/uploads\/2010\/01\/Gruppen-n\u00b00-Le-Diagon-min-200x200.jpg\" class=\"attachment-thumbnail size-thumbnail\" alt=\"\" srcset=\"https:\/\/www.revuegruppen.com\/gruppen\/wp-content\/uploads\/2010\/01\/Gruppen-n\u00b00-Le-Diagon-min-200x200.jpg 200w, https:\/\/www.revuegruppen.com\/gruppen\/wp-content\/uploads\/2010\/01\/Gruppen-n\u00b00-Le-Diagon-min-400x400.jpg 400w, https:\/\/www.revuegruppen.com\/gruppen\/wp-content\/uploads\/2010\/01\/Gruppen-n\u00b00-Le-Diagon-min-800x800.jpg 800w, https:\/\/www.revuegruppen.com\/gruppen\/wp-content\/uploads\/2010\/01\/Gruppen-n\u00b00-Le-Diagon-min-100x100.jpg 100w\" sizes=\"auto, (max-width: 200px) 100vw, 200px\" \/><\/a>\n\t\t\t<\/div><\/figure><figure class='gallery-item'>\n\t\t\t<div class='gallery-icon landscape'>\n\t\t\t\t<a href='https:\/\/www.revuegruppen.com\/gruppen\/wp-content\/uploads\/2010\/01\/Gruppen-n\u00b00-pub-min.jpg'><img loading=\"lazy\" decoding=\"async\" width=\"200\" height=\"200\" src=\"https:\/\/www.revuegruppen.com\/gruppen\/wp-content\/uploads\/2010\/01\/Gruppen-n\u00b00-pub-min-200x200.jpg\" class=\"attachment-thumbnail size-thumbnail\" alt=\"\" srcset=\"https:\/\/www.revuegruppen.com\/gruppen\/wp-content\/uploads\/2010\/01\/Gruppen-n\u00b00-pub-min-200x200.jpg 200w, https:\/\/www.revuegruppen.com\/gruppen\/wp-content\/uploads\/2010\/01\/Gruppen-n\u00b00-pub-min-400x400.jpg 400w, https:\/\/www.revuegruppen.com\/gruppen\/wp-content\/uploads\/2010\/01\/Gruppen-n\u00b00-pub-min-800x800.jpg 800w, https:\/\/www.revuegruppen.com\/gruppen\/wp-content\/uploads\/2010\/01\/Gruppen-n\u00b00-pub-min-100x100.jpg 100w\" sizes=\"auto, (max-width: 200px) 100vw, 200px\" \/><\/a>\n\t\t\t<\/div><\/figure>\n\t\t<\/div>\n\n","protected":false},"excerpt":{"rendered":"<p style=\"text-align: justify;\">Dans cette premi\u00e8re publication : des po\u00e8mes, des textes philosophiques, une r\u00e9flexion sur la musique&#8230; Le po\u00e8te Serge Pey, le philosophe Emmanuel Barot, le p\u00e9dagogue et sp\u00e9cialiste de la cr\u00e9ation musicale Robert Kaddouch&#8230; Le caract\u00e8re transdisciplinaire de cette revue est explicitement affirm\u00e9. Les fondateurs de Gruppen sont convaincus que le d\u00e9passement du caract\u00e8re monomaniaque des productions artistiques et th\u00e9oriques est la condition n\u00e9cessaire \u00e0 toute activit\u00e9 cr\u00e9ative r\u00e9ellement contemporaine.<\/p>\n","protected":false},"featured_media":8624,"template":"","meta":[],"product_brand":[],"product_cat":[66,67],"product_tag":[546,547,548,549,39,550,551,42,49,552,63,553,538,539],"class_list":{"0":"post-7612","1":"product","2":"type-product","3":"status-publish","4":"has-post-thumbnail","6":"tagmedia-gruppen-0","7":"product_cat-catalogue","8":"product_cat-revue","9":"product_tag-alain-badiou","10":"product_tag-bergson","11":"product_tag-cyberpunk","12":"product_tag-emmanuel-barot","13":"product_tag-gruppen","14":"product_tag-gruppen-n0","15":"product_tag-helmut-lachenmann","16":"product_tag-ilan-kaddouch","17":"product_tag-laurent-jarfer","18":"product_tag-pierre-ulysse-barranque","19":"product_tag-revue-gruppen","20":"product_tag-robert-kaddouch","21":"product_tag-sebastien-miravete","22":"product_tag-serge-pey","23":"pa_auteur-collectif","24":"pa_date-de-parution-01-janvier-2010","25":"pa_isbn-2106-377x","26":"pa_nombre-de-pages-120-pages","28":"first","29":"outofstock","30":"shipping-taxable","31":"purchasable","32":"product-type-simple"},"_links":{"self":[{"href":"https:\/\/www.revuegruppen.com\/gruppen\/wp-json\/wp\/v2\/product\/7612","targetHints":{"allow":["GET"]}}],"collection":[{"href":"https:\/\/www.revuegruppen.com\/gruppen\/wp-json\/wp\/v2\/product"}],"about":[{"href":"https:\/\/www.revuegruppen.com\/gruppen\/wp-json\/wp\/v2\/types\/product"}],"wp:featuredmedia":[{"embeddable":true,"href":"https:\/\/www.revuegruppen.com\/gruppen\/wp-json\/wp\/v2\/media\/8624"}],"wp:attachment":[{"href":"https:\/\/www.revuegruppen.com\/gruppen\/wp-json\/wp\/v2\/media?parent=7612"}],"wp:term":[{"taxonomy":"product_brand","embeddable":true,"href":"https:\/\/www.revuegruppen.com\/gruppen\/wp-json\/wp\/v2\/product_brand?post=7612"},{"taxonomy":"product_cat","embeddable":true,"href":"https:\/\/www.revuegruppen.com\/gruppen\/wp-json\/wp\/v2\/product_cat?post=7612"},{"taxonomy":"product_tag","embeddable":true,"href":"https:\/\/www.revuegruppen.com\/gruppen\/wp-json\/wp\/v2\/product_tag?post=7612"}],"curies":[{"name":"wp","href":"https:\/\/api.w.org\/{rel}","templated":true}]}}