{"id":7594,"date":"2015-02-01T14:20:51","date_gmt":"2015-02-01T13:20:51","guid":{"rendered":"http:\/\/www.revuegruppen.com\/gruppen2018\/?post_type=product&#038;p=7594"},"modified":"2024-04-12T16:29:37","modified_gmt":"2024-04-12T14:29:37","slug":"sole-medere-pede-ede-perede-melos","status":"publish","type":"product","link":"https:\/\/www.revuegruppen.com\/gruppen\/produit\/sole-medere-pede-ede-perede-melos\/","title":{"rendered":"Sole medere pede ede perede melos"},"content":{"rendered":"<p style=\"font-weight: 400;\"><strong>Politique<br \/>\n<\/strong><strong>GEORGE JACKSON<\/strong>\u00a0\u2014\u00a0<em>Le Mar\u00e9chal George Jackson analyse la bonne m\u00e9thode pour combattre le fascisme am\u00e9ricain.<\/em><br \/>\n<span style=\"font-size: 10pt;\">(traduction et pr\u00e9sentation de Laurent Jarfer)<\/span><\/p>\n<p style=\"font-weight: 400;\"><strong>Histoire<br \/>\n<\/strong><strong>MARIUS LORIS<\/strong>\u00a0\u2014\u00a0<em>La guerre contre-r\u00e9volutionnaire en Alg\u00e9rie : tortures, guerre subversive et lutte contre le communisme.<\/em><\/p>\n<p style=\"font-weight: 400;\"><strong>Collage<br \/>\n<\/strong><strong>MATHIEU RIGOUSTE<\/strong>\u00a0\u2014\u00a0<em>\u00ab\u00a0Syst\u00e8me Hoggar P7\u00a0\u00bb \u2013\u00a0<\/em>Petite Panoplie de Prototypes Pour Pourrir la Propagande du Pouvoir.<\/p>\n<p><strong>Litt\u00e9rature<br \/>\nBERNARD BOURRIT<\/strong>\u00a0\u2014\u00a0<em>La vie absente<br \/>\n<\/em><strong>VICENTE ENRIQUE MONTES NOGALES<\/strong><em>\u00a0\u2014\u00a0La femme dans \u00ab Celles qui attendent \u00bb de Fatou Diome : de l&rsquo;exclusion \u00e0 la\u00a0<\/em><em>reconnaissance.<\/em><\/p>\n<p><strong>Anthropologie<br \/>\n<\/strong><strong>PIERRE D\u00c9L\u00c9AGE<\/strong>\u00a0\u2014\u00a0<em>Dialogue nocturne entre un Allemand et un Bororo.<\/em><\/p>\n<p style=\"font-weight: 400;\"><strong>Cin\u00e9ma<br \/>\nYANN BEAUVAIS<\/strong>\u00a0\u2014\u00a0<em>Ladislav Galeta et la question de la sym\u00e9trie.<\/em><\/p>\n<p style=\"font-weight: 400;\"><strong>Dessin<br \/>\n<\/strong><strong>MARTINET &amp; TEXEREAU<\/strong>\u00a0\u2014\u00a0<em>S\u00e9ries 1 et 2<\/em><\/p>\n<p style=\"font-weight: 400;\"><strong>Musique<br \/>\n<\/strong><strong>FRANK ZAPPA<\/strong>\u00a0\u2014\u00a0<em>Edgar Var\u00e8se : l&rsquo;idole de ma jeunesse. <\/em><span style=\"font-size: 10pt;\">(traduit par Jeanne Gatti)<\/span><br \/>\n<strong>ILAN KADDOUCH<\/strong>\u00a0\u2014\u00a0<em>Musique de concert vs relation p\u00e9dagogique.<\/em><\/p>\n<p style=\"font-weight: 400;\"><strong>Psychologie<br \/>\n<\/strong><strong>JULIEN LAROCHE<\/strong>\u00a0\u2014\u00a0<em>L&rsquo;exp\u00e9rience comme signification : de la musique aux sciences cognitives.<\/em><\/p>\n<p style=\"font-weight: 400;\"><strong>Photographie<br \/>\n<\/strong><strong>DAISUKE YOKOTA<\/strong>\u00a0\u2014\u00a0<em>Site \/ Cloud<\/em><\/p>\n<p style=\"font-weight: 400;\"><strong>Po\u00e9sie<br \/>\nLAURENT JARFER<\/strong>\u00a0\u00a0\u2013\u00a0<em>Obst\u00e9trique et cin\u00e9ma (II)<\/em><br \/>\n<strong>BARTOLOM\u00c9 FERRANDO<\/strong>\u00a0\u2013\u00a0<em>Sur le chemin. Vers la po\u00e9sie. \u00c0 propos de Vicente Huidobro<\/em><strong>.<br \/>\n<\/strong><span style=\"font-size: 10pt;\">(traduit par G\u00e9raldine Golsse, Odile Cass\u00e8de, Anthony Cl\u00e9ment, Vicente Montes, et Laurent Jarfer)<\/span><strong><br \/>\nCHARLES PENNEQUIN\u00a0<\/strong>\u2013\u00a0<em>Quand j\u2019\u00e9tais petit<\/em>.<strong><br \/>\nSERGE PEY<\/strong>\u00a0\u2013\u00a0<em>La loupe et le soleil &amp; Insurrection Cut-up (pour Err\u00f3)<\/em><\/p>\n<p><strong>Philosophie<br \/>\n<\/strong><strong>PIERRE MONTEBELLO<\/strong>\u00a0\u2013\u00a0<em>Kant, philosophe du papier-peint.<br \/>\n<\/em><strong>FLORA BASTIANI<\/strong><em>\u00a0\u2013\u00a0La violence du politique dans \u00ab Autrement qu\u2019\u00eatre ou au-del\u00e0 de l\u2019essence \u00bb<\/em><strong>.<br \/>\nS\u00c9BASTIEN MIRAV\u00c8TE<\/strong>\u00a0\u2013\u00a0<em>La fin de l\u2019esth\u00e9tique.<\/em><\/p>\n<p><strong>Illustrations<\/strong>\u00a0<strong><br \/>\n<\/strong><strong>LAURENCE GATTI<\/strong><\/p>\n<div id='gallery-1' class='gallery galleryid-7594 gallery-columns-7 gallery-size-thumbnail'><figure class='gallery-item'>\n\t\t\t<div class='gallery-icon landscape'>\n\t\t\t\t<a href='https:\/\/www.revuegruppen.com\/gruppen\/wp-content\/uploads\/2015\/02\/P1030185.jpeg'><img loading=\"lazy\" decoding=\"async\" width=\"200\" height=\"200\" src=\"https:\/\/www.revuegruppen.com\/gruppen\/wp-content\/uploads\/2015\/02\/P1030185-200x200.jpeg\" class=\"attachment-thumbnail size-thumbnail\" alt=\"\" srcset=\"https:\/\/www.revuegruppen.com\/gruppen\/wp-content\/uploads\/2015\/02\/P1030185-200x200.jpeg 200w, https:\/\/www.revuegruppen.com\/gruppen\/wp-content\/uploads\/2015\/02\/P1030185-400x400.jpeg 400w, https:\/\/www.revuegruppen.com\/gruppen\/wp-content\/uploads\/2015\/02\/P1030185-800x800.jpeg 800w, https:\/\/www.revuegruppen.com\/gruppen\/wp-content\/uploads\/2015\/02\/P1030185-100x100.jpeg 100w\" sizes=\"auto, (max-width: 200px) 100vw, 200px\" \/><\/a>\n\t\t\t<\/div><\/figure><figure class='gallery-item'>\n\t\t\t<div class='gallery-icon landscape'>\n\t\t\t\t<a href='https:\/\/www.revuegruppen.com\/gruppen\/wp-content\/uploads\/2015\/02\/P1030194.jpeg'><img loading=\"lazy\" decoding=\"async\" width=\"200\" height=\"200\" src=\"https:\/\/www.revuegruppen.com\/gruppen\/wp-content\/uploads\/2015\/02\/P1030194-200x200.jpeg\" class=\"attachment-thumbnail size-thumbnail\" alt=\"\" srcset=\"https:\/\/www.revuegruppen.com\/gruppen\/wp-content\/uploads\/2015\/02\/P1030194-200x200.jpeg 200w, https:\/\/www.revuegruppen.com\/gruppen\/wp-content\/uploads\/2015\/02\/P1030194-400x400.jpeg 400w, https:\/\/www.revuegruppen.com\/gruppen\/wp-content\/uploads\/2015\/02\/P1030194-800x800.jpeg 800w, https:\/\/www.revuegruppen.com\/gruppen\/wp-content\/uploads\/2015\/02\/P1030194-100x100.jpeg 100w\" sizes=\"auto, (max-width: 200px) 100vw, 200px\" \/><\/a>\n\t\t\t<\/div><\/figure><figure class='gallery-item'>\n\t\t\t<div class='gallery-icon landscape'>\n\t\t\t\t<a href='https:\/\/www.revuegruppen.com\/gruppen\/wp-content\/uploads\/2015\/02\/d.jpeg'><img loading=\"lazy\" decoding=\"async\" width=\"200\" height=\"200\" src=\"https:\/\/www.revuegruppen.com\/gruppen\/wp-content\/uploads\/2015\/02\/d-200x200.jpeg\" class=\"attachment-thumbnail size-thumbnail\" alt=\"\" srcset=\"https:\/\/www.revuegruppen.com\/gruppen\/wp-content\/uploads\/2015\/02\/d-200x200.jpeg 200w, https:\/\/www.revuegruppen.com\/gruppen\/wp-content\/uploads\/2015\/02\/d-400x400.jpeg 400w, https:\/\/www.revuegruppen.com\/gruppen\/wp-content\/uploads\/2015\/02\/d-100x100.jpeg 100w\" sizes=\"auto, (max-width: 200px) 100vw, 200px\" \/><\/a>\n\t\t\t<\/div><\/figure><figure class='gallery-item'>\n\t\t\t<div class='gallery-icon landscape'>\n\t\t\t\t<a href='https:\/\/www.revuegruppen.com\/gruppen\/wp-content\/uploads\/2015\/02\/e.jpeg'><img loading=\"lazy\" decoding=\"async\" width=\"200\" height=\"200\" src=\"https:\/\/www.revuegruppen.com\/gruppen\/wp-content\/uploads\/2015\/02\/e-200x200.jpeg\" class=\"attachment-thumbnail size-thumbnail\" alt=\"\" srcset=\"https:\/\/www.revuegruppen.com\/gruppen\/wp-content\/uploads\/2015\/02\/e-200x200.jpeg 200w, https:\/\/www.revuegruppen.com\/gruppen\/wp-content\/uploads\/2015\/02\/e-400x400.jpeg 400w, https:\/\/www.revuegruppen.com\/gruppen\/wp-content\/uploads\/2015\/02\/e-100x100.jpeg 100w\" sizes=\"auto, (max-width: 200px) 100vw, 200px\" \/><\/a>\n\t\t\t<\/div><\/figure><figure class='gallery-item'>\n\t\t\t<div class='gallery-icon landscape'>\n\t\t\t\t<a href='https:\/\/www.revuegruppen.com\/gruppen\/wp-content\/uploads\/2015\/02\/P1030191.jpeg'><img loading=\"lazy\" decoding=\"async\" width=\"200\" height=\"200\" src=\"https:\/\/www.revuegruppen.com\/gruppen\/wp-content\/uploads\/2015\/02\/P1030191-200x200.jpeg\" class=\"attachment-thumbnail size-thumbnail\" alt=\"\" srcset=\"https:\/\/www.revuegruppen.com\/gruppen\/wp-content\/uploads\/2015\/02\/P1030191-200x200.jpeg 200w, https:\/\/www.revuegruppen.com\/gruppen\/wp-content\/uploads\/2015\/02\/P1030191-400x400.jpeg 400w, https:\/\/www.revuegruppen.com\/gruppen\/wp-content\/uploads\/2015\/02\/P1030191-800x800.jpeg 800w, https:\/\/www.revuegruppen.com\/gruppen\/wp-content\/uploads\/2015\/02\/P1030191-100x100.jpeg 100w\" sizes=\"auto, (max-width: 200px) 100vw, 200px\" \/><\/a>\n\t\t\t<\/div><\/figure><figure class='gallery-item'>\n\t\t\t<div class='gallery-icon landscape'>\n\t\t\t\t<a href='https:\/\/www.revuegruppen.com\/gruppen\/wp-content\/uploads\/2015\/02\/g.jpeg'><img loading=\"lazy\" decoding=\"async\" width=\"200\" height=\"200\" src=\"https:\/\/www.revuegruppen.com\/gruppen\/wp-content\/uploads\/2015\/02\/g-200x200.jpeg\" class=\"attachment-thumbnail size-thumbnail\" alt=\"\" srcset=\"https:\/\/www.revuegruppen.com\/gruppen\/wp-content\/uploads\/2015\/02\/g-200x200.jpeg 200w, https:\/\/www.revuegruppen.com\/gruppen\/wp-content\/uploads\/2015\/02\/g-400x400.jpeg 400w, https:\/\/www.revuegruppen.com\/gruppen\/wp-content\/uploads\/2015\/02\/g-100x100.jpeg 100w\" sizes=\"auto, (max-width: 200px) 100vw, 200px\" \/><\/a>\n\t\t\t<\/div><\/figure><figure class='gallery-item'>\n\t\t\t<div class='gallery-icon landscape'>\n\t\t\t\t<a href='https:\/\/www.revuegruppen.com\/gruppen\/wp-content\/uploads\/2015\/02\/j.jpeg'><img loading=\"lazy\" decoding=\"async\" width=\"200\" height=\"200\" src=\"https:\/\/www.revuegruppen.com\/gruppen\/wp-content\/uploads\/2015\/02\/j-200x200.jpeg\" class=\"attachment-thumbnail size-thumbnail\" alt=\"\" srcset=\"https:\/\/www.revuegruppen.com\/gruppen\/wp-content\/uploads\/2015\/02\/j-200x200.jpeg 200w, https:\/\/www.revuegruppen.com\/gruppen\/wp-content\/uploads\/2015\/02\/j-400x400.jpeg 400w, https:\/\/www.revuegruppen.com\/gruppen\/wp-content\/uploads\/2015\/02\/j-100x100.jpeg 100w\" sizes=\"auto, (max-width: 200px) 100vw, 200px\" \/><\/a>\n\t\t\t<\/div><\/figure><figure class='gallery-item'>\n\t\t\t<div class='gallery-icon landscape'>\n\t\t\t\t<a href='https:\/\/www.revuegruppen.com\/gruppen\/wp-content\/uploads\/2015\/02\/P1030183.jpeg'><img loading=\"lazy\" decoding=\"async\" width=\"200\" height=\"200\" src=\"https:\/\/www.revuegruppen.com\/gruppen\/wp-content\/uploads\/2015\/02\/P1030183-200x200.jpeg\" class=\"attachment-thumbnail size-thumbnail\" alt=\"\" srcset=\"https:\/\/www.revuegruppen.com\/gruppen\/wp-content\/uploads\/2015\/02\/P1030183-200x200.jpeg 200w, https:\/\/www.revuegruppen.com\/gruppen\/wp-content\/uploads\/2015\/02\/P1030183-400x400.jpeg 400w, https:\/\/www.revuegruppen.com\/gruppen\/wp-content\/uploads\/2015\/02\/P1030183-800x800.jpeg 800w, https:\/\/www.revuegruppen.com\/gruppen\/wp-content\/uploads\/2015\/02\/P1030183-100x100.jpeg 100w\" sizes=\"auto, (max-width: 200px) 100vw, 200px\" \/><\/a>\n\t\t\t<\/div><\/figure><figure class='gallery-item'>\n\t\t\t<div class='gallery-icon landscape'>\n\t\t\t\t<a href='https:\/\/www.revuegruppen.com\/gruppen\/wp-content\/uploads\/2015\/02\/k.jpeg'><img loading=\"lazy\" decoding=\"async\" width=\"200\" height=\"200\" src=\"https:\/\/www.revuegruppen.com\/gruppen\/wp-content\/uploads\/2015\/02\/k-200x200.jpeg\" class=\"attachment-thumbnail size-thumbnail\" alt=\"\" srcset=\"https:\/\/www.revuegruppen.com\/gruppen\/wp-content\/uploads\/2015\/02\/k-200x200.jpeg 200w, https:\/\/www.revuegruppen.com\/gruppen\/wp-content\/uploads\/2015\/02\/k-400x400.jpeg 400w, https:\/\/www.revuegruppen.com\/gruppen\/wp-content\/uploads\/2015\/02\/k-100x100.jpeg 100w\" sizes=\"auto, (max-width: 200px) 100vw, 200px\" \/><\/a>\n\t\t\t<\/div><\/figure><figure class='gallery-item'>\n\t\t\t<div class='gallery-icon landscape'>\n\t\t\t\t<a href='https:\/\/www.revuegruppen.com\/gruppen\/wp-content\/uploads\/2015\/02\/P1030179.jpeg'><img loading=\"lazy\" decoding=\"async\" width=\"200\" height=\"200\" src=\"https:\/\/www.revuegruppen.com\/gruppen\/wp-content\/uploads\/2015\/02\/P1030179-200x200.jpeg\" class=\"attachment-thumbnail size-thumbnail\" alt=\"\" srcset=\"https:\/\/www.revuegruppen.com\/gruppen\/wp-content\/uploads\/2015\/02\/P1030179-200x200.jpeg 200w, https:\/\/www.revuegruppen.com\/gruppen\/wp-content\/uploads\/2015\/02\/P1030179-400x400.jpeg 400w, https:\/\/www.revuegruppen.com\/gruppen\/wp-content\/uploads\/2015\/02\/P1030179-800x800.jpeg 800w, https:\/\/www.revuegruppen.com\/gruppen\/wp-content\/uploads\/2015\/02\/P1030179-100x100.jpeg 100w\" sizes=\"auto, (max-width: 200px) 100vw, 200px\" \/><\/a>\n\t\t\t<\/div><\/figure>\n\t\t<\/div>\n\n","protected":false},"excerpt":{"rendered":"<p style=\"text-align: justify;\">Les r\u00e9alit\u00e9s que nous avons \u00e0 b\u00e2tir exigent que l\u2019on traite les probl\u00e8mes dans tous les \u00absens\u00bb possibles. La cr\u00e9ation est un pluriel et doit passer par le collectif. D\u2019aucuns appr\u00e9cieraient que nous restions isol\u00e9s dans nos travaux respectifs \u00e0 soigner notre image d\u2019expert. Mais cette pens\u00e9e classificatoire, qui ne cesse de vouloir s\u00e9parer les id\u00e9es, les champs de r\u00e9flexion, r\u00e9v\u00e8le chaque jour le tragique \u00e9chec de sa p\u00e9dagogie. Cette \u00ab pens\u00e9e \u00bb au pouvoir sape le pouvoir de penser. Ainsi, nous sommes nombreux \u00e0 d\u00e9fendre l\u2019id\u00e9e qu\u2019il est urgent de penser \u00e0 plusieurs, que tout lecteur accomplira son chemin dans ce paysage que nous partageons avec lui, un lieu qui ne peut se limiter \u00e0 un seul th\u00e8me, ni se contenter d\u2019un seul ordre des choses. Si certains y voient le signe d\u2019une pens\u00e9e en d\u00e9sordre, qu\u2019ils sachent que nous tentons ici de penser autrement.<\/p>\n","protected":false},"featured_media":8533,"template":"","meta":[],"product_brand":[],"product_cat":[66,67],"product_tag":[512,31,513,32,514,515,33,516,517,35,518,519,520,521,522,523,524,525,526,42,527,528,529,48,49,530,50,531,532,533,54,534,535,59,536,537,538,539,540,511,541,542,65],"class_list":{"0":"post-7594","1":"product","2":"type-product","3":"status-publish","4":"has-post-thumbnail","6":"tagmedia-sole-medere-pede-ede-perede-melos","7":"product_cat-catalogue","8":"product_cat-revue","9":"product_tag-afrique","10":"product_tag-anthropologie","11":"product_tag-bartolome-ferrando","12":"product_tag-bernard-bourrit","13":"product_tag-black-panthers","14":"product_tag-bororo","15":"product_tag-charles-pennequin","16":"product_tag-cinema-experimental","17":"product_tag-daisuke-yokota","18":"product_tag-dessin","19":"product_tag-edgar-varese","20":"product_tag-esthetique","21":"product_tag-fatou-diome","22":"product_tag-femme","23":"product_tag-flora-bastiani","24":"product_tag-frank-zappa","25":"product_tag-georges-jackson","26":"product_tag-guerre-dalgerie","27":"product_tag-histoire","28":"product_tag-ilan-kaddouch","29":"product_tag-julien-laroche","30":"product_tag-kant","31":"product_tag-ladislav-galeta","32":"product_tag-laurence-gatti","33":"product_tag-laurent-jarfer","34":"product_tag-levinas","35":"product_tag-litterature","36":"product_tag-marius-loris","37":"product_tag-martinettexereau","38":"product_tag-mathieu-rigouste","39":"product_tag-musique","40":"product_tag-pedagogie","41":"product_tag-photographie","42":"product_tag-pierre-deleage","43":"product_tag-pierre-montebello","44":"product_tag-sciences-cognitives","45":"product_tag-sebastien-miravete","46":"product_tag-serge-pey","47":"product_tag-site-cloud","48":"product_tag-sole-medere-pede-ede-perede-melos","49":"product_tag-vicente-huidobro","50":"product_tag-vicente-montes","51":"product_tag-yann-beauvais","52":"product_shipping_class-plus-de-500-g","53":"pa_auteur-collectif","54":"pa_date-de-parution-15-mars-2015","55":"pa_isbn-978-2-919103-12-6","56":"pa_nombre-de-pages-320-pages","58":"first","59":"instock","60":"shipping-taxable","61":"purchasable","62":"product-type-simple"},"_links":{"self":[{"href":"https:\/\/www.revuegruppen.com\/gruppen\/wp-json\/wp\/v2\/product\/7594","targetHints":{"allow":["GET"]}}],"collection":[{"href":"https:\/\/www.revuegruppen.com\/gruppen\/wp-json\/wp\/v2\/product"}],"about":[{"href":"https:\/\/www.revuegruppen.com\/gruppen\/wp-json\/wp\/v2\/types\/product"}],"wp:featuredmedia":[{"embeddable":true,"href":"https:\/\/www.revuegruppen.com\/gruppen\/wp-json\/wp\/v2\/media\/8533"}],"wp:attachment":[{"href":"https:\/\/www.revuegruppen.com\/gruppen\/wp-json\/wp\/v2\/media?parent=7594"}],"wp:term":[{"taxonomy":"product_brand","embeddable":true,"href":"https:\/\/www.revuegruppen.com\/gruppen\/wp-json\/wp\/v2\/product_brand?post=7594"},{"taxonomy":"product_cat","embeddable":true,"href":"https:\/\/www.revuegruppen.com\/gruppen\/wp-json\/wp\/v2\/product_cat?post=7594"},{"taxonomy":"product_tag","embeddable":true,"href":"https:\/\/www.revuegruppen.com\/gruppen\/wp-json\/wp\/v2\/product_tag?post=7594"}],"curies":[{"name":"wp","href":"https:\/\/api.w.org\/{rel}","templated":true}]}}