{"id":7453,"date":"2016-04-01T12:41:43","date_gmt":"2016-04-01T10:41:43","guid":{"rendered":"http:\/\/www.revuegruppen.com\/gruppen2018\/?post_type=product&#038;p=7453"},"modified":"2024-04-12T16:21:39","modified_gmt":"2024-04-12T14:21:39","slug":"hypalampuses-hemeras","status":"publish","type":"product","link":"https:\/\/www.revuegruppen.com\/gruppen\/produit\/hypalampuses-hemeras\/","title":{"rendered":"Hypalampuses Hemeras"},"content":{"rendered":"<p style=\"font-weight: 400;\"><strong>Entrevue<br \/>\n<\/strong>avec<strong>\u00a0<\/strong><strong>\u00a0<\/strong><strong>FRAN\u00c7OIS JARRIGE<\/strong>\u00a0(r\u00e9alis\u00e9 par Gatien Elie et Marius Loris)<\/p>\n<p style=\"font-weight: 400;\"><strong>Anthropologie<br \/>\n<\/strong><strong>PIERRE D\u00c9L\u00c9AGE<\/strong>\u00a0\u2014\u00a0<em>Retour \u00e0 Pucallpa.<\/em><br \/>\n<strong>GR\u00c9GORY DESHOULLI\u00c8RE<\/strong>\u00a0\u2014<em>\u00a0Vanit\u00e9s aux livres, variations magiques en pays jivaro.<\/em><br \/>\n<strong>R\u00c9GIS MEYRAN<\/strong>\u00a0\u2014<em>\u00a0Mythologies contemporaines de la nature humaine : neurosciences sociales, anthropologie cognitive, psychologie \u00e9volutionniste.<br \/>\nLe cas de l&rsquo;explication du djihadisme par l&rsquo;anthropologie cognitive<\/em>.<br \/>\n<strong>EMMANUEL PARENT\u00a0\u2014\u00a0<\/strong><em>Faulkner contre Faulkner, lectures anthropologiques de l&rsquo;\u0153uvre du grand romancier du sud.<\/em><\/p>\n<p style=\"font-weight: 400;\"><strong>Litt\u00e9rature<br \/>\n<\/strong><strong>BERNARD BOURRIT\u00a0\u2014\u00a0<\/strong><em>Les deux \u00e9picuriens.<\/em><\/p>\n<p style=\"font-weight: 400;\"><strong>Cin\u00e9ma<br \/>\n<\/strong><strong>JEAN-MICHEL BOUHOURS<\/strong>\u00a0\u2014\u00a0<em>Yb 150213.<\/em><\/p>\n<p style=\"font-weight: 400;\"><strong>Dossier : L&rsquo;IMPROVISATION<br \/>\n<\/strong><strong>JEAN-MARC CHOUVEL<\/strong>\u00a0\u2014\u00a0<em>Improviser n&rsquo;est pas jouer.<\/em><br \/>\n<strong>ILAN KADDOUCH<\/strong>\u00a0\u2014\u00a0<em>L&rsquo;improvisation p\u00e9dagogique.<\/em><br \/>\n<strong>FRANCESCO CADDEO\u00a0<\/strong><strong>\u2014\u00a0<\/strong><em>Laisser les sons libres d&rsquo;improviser, ou l&rsquo;improvisation selon John Cage.<\/em><br \/>\n<strong>YANN BEAUVAIS\u00a0<\/strong>\u2014\u00a0<em>ImProVISatioN, l&rsquo;aCciDeNt Ma\u00eeTRis\u00e9.<\/em><\/p>\n<p style=\"font-weight: 400;\"><strong>Photographie<br \/>\n<\/strong><strong>OLVIER PIN-FAT<\/strong>\u00a0\u2014\u00a0<em>Pabaiga.<\/em><\/p>\n<p style=\"font-weight: 400;\"><strong>Po\u00e9sie<br \/>\n<\/strong><strong>LAURENT JARFER<\/strong>\u00a0\u00a0\u2014\u00a0<em>Le salaire de la peur.<\/em><br \/>\n<strong>AMANDINE ANDR\u00c9<\/strong>\u00a0\u2014\u00a0<em>Mes 47 kg contre le monde.<\/em><br \/>\n<strong>CHARLES PENNEQUIN\u00a0<\/strong>\u2014\u00a0<em>Lettre \u00e0 J. S. , suivi de Le probl\u00e8me.<\/em><\/p>\n<p style=\"font-weight: 400;\"><strong>Politique<br \/>\n<\/strong><strong>JOHN WATSON<\/strong>\u00a0\u2014\u00a0<em>Jusqu&rsquo;au point de\u2026 production. Une interview avec John Watson.<\/em>\u00a0(traduit par Laurent Jarfer)<br \/>\n<strong>MARIUS LORIS<\/strong>\u00a0\u2014\u00a0<em>Pratiques et d\u00e9sarroi militants dans le contexte de la lutte des migrants de la Chapelle. Juin 2015.<\/em><\/p>\n<p style=\"font-weight: 400;\"><strong>Philosophie<br \/>\n<\/strong><strong>LUDIVINE BANTIGNY<\/strong>\u00a0\u2014\u00a0<em>Du possible, sinon j&rsquo;\u00e9touffe. Po\u00e9sie et cr\u00e9ation en mai-juin 1968.<\/em><br \/>\n<strong>DILETTA MANSELLA<em>\u00a0<\/em><\/strong>\u2014<em> Artaud m\u00e9decin de lui-m\u00eame et de la soci\u00e9t\u00e9. Mise en sc\u00e8ne de son impouvoir et puissance de ses rem\u00e8des.<\/em><br \/>\n<strong>LILIAN TRUCHON<\/strong>\u00a0\u2014\u00a0<em>En quoi l\u2019anthropologie darwinienne est-elle n\u00e9cessaire \u00e0 la psychanalyse ?<\/em><\/p>\n<p style=\"font-weight: 400;\"><strong>Illustrations<br \/>\n<\/strong><strong>LAURENCE GATTI<\/strong><\/p>\n<div id='gallery-1' class='gallery galleryid-7453 gallery-columns-7 gallery-size-thumbnail'><figure class='gallery-item'>\n\t\t\t<div class='gallery-icon landscape'>\n\t\t\t\t<a href='https:\/\/www.revuegruppen.com\/gruppen\/wp-content\/uploads\/2016\/04\/P1030212.jpeg'><img loading=\"lazy\" decoding=\"async\" width=\"200\" height=\"200\" src=\"https:\/\/www.revuegruppen.com\/gruppen\/wp-content\/uploads\/2016\/04\/P1030212-200x200.jpeg\" class=\"attachment-thumbnail size-thumbnail\" alt=\"\" srcset=\"https:\/\/www.revuegruppen.com\/gruppen\/wp-content\/uploads\/2016\/04\/P1030212-200x200.jpeg 200w, https:\/\/www.revuegruppen.com\/gruppen\/wp-content\/uploads\/2016\/04\/P1030212-400x400.jpeg 400w, https:\/\/www.revuegruppen.com\/gruppen\/wp-content\/uploads\/2016\/04\/P1030212-100x100.jpeg 100w\" sizes=\"auto, (max-width: 200px) 100vw, 200px\" \/><\/a>\n\t\t\t<\/div><\/figure><figure class='gallery-item'>\n\t\t\t<div class='gallery-icon landscape'>\n\t\t\t\t<a href='https:\/\/www.revuegruppen.com\/gruppen\/wp-content\/uploads\/2016\/04\/P1030214.jpeg'><img loading=\"lazy\" decoding=\"async\" width=\"200\" height=\"200\" src=\"https:\/\/www.revuegruppen.com\/gruppen\/wp-content\/uploads\/2016\/04\/P1030214-200x200.jpeg\" class=\"attachment-thumbnail size-thumbnail\" alt=\"\" srcset=\"https:\/\/www.revuegruppen.com\/gruppen\/wp-content\/uploads\/2016\/04\/P1030214-200x200.jpeg 200w, https:\/\/www.revuegruppen.com\/gruppen\/wp-content\/uploads\/2016\/04\/P1030214-400x400.jpeg 400w, https:\/\/www.revuegruppen.com\/gruppen\/wp-content\/uploads\/2016\/04\/P1030214-100x100.jpeg 100w\" sizes=\"auto, (max-width: 200px) 100vw, 200px\" \/><\/a>\n\t\t\t<\/div><\/figure><figure class='gallery-item'>\n\t\t\t<div class='gallery-icon landscape'>\n\t\t\t\t<a href='https:\/\/www.revuegruppen.com\/gruppen\/wp-content\/uploads\/2016\/04\/P1030216.jpeg'><img loading=\"lazy\" decoding=\"async\" width=\"200\" height=\"200\" src=\"https:\/\/www.revuegruppen.com\/gruppen\/wp-content\/uploads\/2016\/04\/P1030216-200x200.jpeg\" class=\"attachment-thumbnail size-thumbnail\" alt=\"\" srcset=\"https:\/\/www.revuegruppen.com\/gruppen\/wp-content\/uploads\/2016\/04\/P1030216-200x200.jpeg 200w, https:\/\/www.revuegruppen.com\/gruppen\/wp-content\/uploads\/2016\/04\/P1030216-400x400.jpeg 400w, https:\/\/www.revuegruppen.com\/gruppen\/wp-content\/uploads\/2016\/04\/P1030216-100x100.jpeg 100w\" sizes=\"auto, (max-width: 200px) 100vw, 200px\" \/><\/a>\n\t\t\t<\/div><\/figure><figure class='gallery-item'>\n\t\t\t<div class='gallery-icon landscape'>\n\t\t\t\t<a href='https:\/\/www.revuegruppen.com\/gruppen\/wp-content\/uploads\/2016\/04\/P1030220.jpeg'><img loading=\"lazy\" decoding=\"async\" width=\"200\" height=\"200\" src=\"https:\/\/www.revuegruppen.com\/gruppen\/wp-content\/uploads\/2016\/04\/P1030220-200x200.jpeg\" class=\"attachment-thumbnail size-thumbnail\" alt=\"\" srcset=\"https:\/\/www.revuegruppen.com\/gruppen\/wp-content\/uploads\/2016\/04\/P1030220-200x200.jpeg 200w, https:\/\/www.revuegruppen.com\/gruppen\/wp-content\/uploads\/2016\/04\/P1030220-400x400.jpeg 400w, https:\/\/www.revuegruppen.com\/gruppen\/wp-content\/uploads\/2016\/04\/P1030220-100x100.jpeg 100w\" sizes=\"auto, (max-width: 200px) 100vw, 200px\" \/><\/a>\n\t\t\t<\/div><\/figure><figure class='gallery-item'>\n\t\t\t<div class='gallery-icon landscape'>\n\t\t\t\t<a href='https:\/\/www.revuegruppen.com\/gruppen\/wp-content\/uploads\/2016\/04\/P1030222.jpeg'><img loading=\"lazy\" decoding=\"async\" width=\"200\" height=\"200\" src=\"https:\/\/www.revuegruppen.com\/gruppen\/wp-content\/uploads\/2016\/04\/P1030222-200x200.jpeg\" class=\"attachment-thumbnail size-thumbnail\" alt=\"\" srcset=\"https:\/\/www.revuegruppen.com\/gruppen\/wp-content\/uploads\/2016\/04\/P1030222-200x200.jpeg 200w, https:\/\/www.revuegruppen.com\/gruppen\/wp-content\/uploads\/2016\/04\/P1030222-400x400.jpeg 400w, https:\/\/www.revuegruppen.com\/gruppen\/wp-content\/uploads\/2016\/04\/P1030222-100x100.jpeg 100w\" sizes=\"auto, (max-width: 200px) 100vw, 200px\" \/><\/a>\n\t\t\t<\/div><\/figure><figure class='gallery-item'>\n\t\t\t<div class='gallery-icon landscape'>\n\t\t\t\t<a href='https:\/\/www.revuegruppen.com\/gruppen\/wp-content\/uploads\/2016\/04\/P1030224.jpeg'><img loading=\"lazy\" decoding=\"async\" width=\"200\" height=\"200\" src=\"https:\/\/www.revuegruppen.com\/gruppen\/wp-content\/uploads\/2016\/04\/P1030224-200x200.jpeg\" class=\"attachment-thumbnail size-thumbnail\" alt=\"\" srcset=\"https:\/\/www.revuegruppen.com\/gruppen\/wp-content\/uploads\/2016\/04\/P1030224-200x200.jpeg 200w, https:\/\/www.revuegruppen.com\/gruppen\/wp-content\/uploads\/2016\/04\/P1030224-400x400.jpeg 400w, https:\/\/www.revuegruppen.com\/gruppen\/wp-content\/uploads\/2016\/04\/P1030224-100x100.jpeg 100w\" sizes=\"auto, (max-width: 200px) 100vw, 200px\" \/><\/a>\n\t\t\t<\/div><\/figure><figure class='gallery-item'>\n\t\t\t<div class='gallery-icon landscape'>\n\t\t\t\t<a href='https:\/\/www.revuegruppen.com\/gruppen\/wp-content\/uploads\/2016\/04\/P1030227.jpeg'><img loading=\"lazy\" decoding=\"async\" width=\"200\" height=\"200\" src=\"https:\/\/www.revuegruppen.com\/gruppen\/wp-content\/uploads\/2016\/04\/P1030227-200x200.jpeg\" class=\"attachment-thumbnail size-thumbnail\" alt=\"\" srcset=\"https:\/\/www.revuegruppen.com\/gruppen\/wp-content\/uploads\/2016\/04\/P1030227-200x200.jpeg 200w, https:\/\/www.revuegruppen.com\/gruppen\/wp-content\/uploads\/2016\/04\/P1030227-400x400.jpeg 400w, https:\/\/www.revuegruppen.com\/gruppen\/wp-content\/uploads\/2016\/04\/P1030227-100x100.jpeg 100w\" sizes=\"auto, (max-width: 200px) 100vw, 200px\" \/><\/a>\n\t\t\t<\/div><\/figure><figure class='gallery-item'>\n\t\t\t<div class='gallery-icon landscape'>\n\t\t\t\t<a href='https:\/\/www.revuegruppen.com\/gruppen\/wp-content\/uploads\/2016\/04\/P1030230.jpeg'><img loading=\"lazy\" decoding=\"async\" width=\"200\" height=\"200\" src=\"https:\/\/www.revuegruppen.com\/gruppen\/wp-content\/uploads\/2016\/04\/P1030230-200x200.jpeg\" class=\"attachment-thumbnail size-thumbnail\" alt=\"\" srcset=\"https:\/\/www.revuegruppen.com\/gruppen\/wp-content\/uploads\/2016\/04\/P1030230-200x200.jpeg 200w, https:\/\/www.revuegruppen.com\/gruppen\/wp-content\/uploads\/2016\/04\/P1030230-400x400.jpeg 400w, https:\/\/www.revuegruppen.com\/gruppen\/wp-content\/uploads\/2016\/04\/P1030230-100x100.jpeg 100w\" sizes=\"auto, (max-width: 200px) 100vw, 200px\" \/><\/a>\n\t\t\t<\/div><\/figure><figure class='gallery-item'>\n\t\t\t<div class='gallery-icon landscape'>\n\t\t\t\t<a href='https:\/\/www.revuegruppen.com\/gruppen\/wp-content\/uploads\/2016\/04\/P1030231.jpeg'><img loading=\"lazy\" decoding=\"async\" width=\"200\" height=\"200\" src=\"https:\/\/www.revuegruppen.com\/gruppen\/wp-content\/uploads\/2016\/04\/P1030231-200x200.jpeg\" class=\"attachment-thumbnail size-thumbnail\" alt=\"\" srcset=\"https:\/\/www.revuegruppen.com\/gruppen\/wp-content\/uploads\/2016\/04\/P1030231-200x200.jpeg 200w, https:\/\/www.revuegruppen.com\/gruppen\/wp-content\/uploads\/2016\/04\/P1030231-400x400.jpeg 400w, https:\/\/www.revuegruppen.com\/gruppen\/wp-content\/uploads\/2016\/04\/P1030231-100x100.jpeg 100w\" sizes=\"auto, (max-width: 200px) 100vw, 200px\" \/><\/a>\n\t\t\t<\/div><\/figure><figure class='gallery-item'>\n\t\t\t<div class='gallery-icon landscape'>\n\t\t\t\t<a href='https:\/\/www.revuegruppen.com\/gruppen\/wp-content\/uploads\/2016\/04\/P1030234.jpeg'><img loading=\"lazy\" decoding=\"async\" width=\"200\" height=\"200\" src=\"https:\/\/www.revuegruppen.com\/gruppen\/wp-content\/uploads\/2016\/04\/P1030234-200x200.jpeg\" class=\"attachment-thumbnail size-thumbnail\" alt=\"\" srcset=\"https:\/\/www.revuegruppen.com\/gruppen\/wp-content\/uploads\/2016\/04\/P1030234-200x200.jpeg 200w, https:\/\/www.revuegruppen.com\/gruppen\/wp-content\/uploads\/2016\/04\/P1030234-400x400.jpeg 400w, https:\/\/www.revuegruppen.com\/gruppen\/wp-content\/uploads\/2016\/04\/P1030234-100x100.jpeg 100w\" sizes=\"auto, (max-width: 200px) 100vw, 200px\" \/><\/a>\n\t\t\t<\/div><\/figure><figure class='gallery-item'>\n\t\t\t<div class='gallery-icon landscape'>\n\t\t\t\t<a href='https:\/\/www.revuegruppen.com\/gruppen\/wp-content\/uploads\/2016\/04\/P1030238.jpeg'><img loading=\"lazy\" decoding=\"async\" width=\"200\" height=\"200\" src=\"https:\/\/www.revuegruppen.com\/gruppen\/wp-content\/uploads\/2016\/04\/P1030238-200x200.jpeg\" class=\"attachment-thumbnail size-thumbnail\" alt=\"\" srcset=\"https:\/\/www.revuegruppen.com\/gruppen\/wp-content\/uploads\/2016\/04\/P1030238-200x200.jpeg 200w, https:\/\/www.revuegruppen.com\/gruppen\/wp-content\/uploads\/2016\/04\/P1030238-400x400.jpeg 400w, https:\/\/www.revuegruppen.com\/gruppen\/wp-content\/uploads\/2016\/04\/P1030238-100x100.jpeg 100w\" sizes=\"auto, (max-width: 200px) 100vw, 200px\" \/><\/a>\n\t\t\t<\/div><\/figure><figure class='gallery-item'>\n\t\t\t<div class='gallery-icon landscape'>\n\t\t\t\t<a href='https:\/\/www.revuegruppen.com\/gruppen\/wp-content\/uploads\/2016\/04\/P1030241.jpeg'><img loading=\"lazy\" decoding=\"async\" width=\"200\" height=\"200\" src=\"https:\/\/www.revuegruppen.com\/gruppen\/wp-content\/uploads\/2016\/04\/P1030241-200x200.jpeg\" class=\"attachment-thumbnail size-thumbnail\" alt=\"\" srcset=\"https:\/\/www.revuegruppen.com\/gruppen\/wp-content\/uploads\/2016\/04\/P1030241-200x200.jpeg 200w, https:\/\/www.revuegruppen.com\/gruppen\/wp-content\/uploads\/2016\/04\/P1030241-400x400.jpeg 400w, https:\/\/www.revuegruppen.com\/gruppen\/wp-content\/uploads\/2016\/04\/P1030241-100x100.jpeg 100w\" sizes=\"auto, (max-width: 200px) 100vw, 200px\" \/><\/a>\n\t\t\t<\/div><\/figure><figure class='gallery-item'>\n\t\t\t<div class='gallery-icon landscape'>\n\t\t\t\t<a href='https:\/\/www.revuegruppen.com\/gruppen\/wp-content\/uploads\/2016\/04\/P1030242.jpeg'><img loading=\"lazy\" decoding=\"async\" width=\"200\" height=\"200\" src=\"https:\/\/www.revuegruppen.com\/gruppen\/wp-content\/uploads\/2016\/04\/P1030242-200x200.jpeg\" class=\"attachment-thumbnail size-thumbnail\" alt=\"\" srcset=\"https:\/\/www.revuegruppen.com\/gruppen\/wp-content\/uploads\/2016\/04\/P1030242-200x200.jpeg 200w, https:\/\/www.revuegruppen.com\/gruppen\/wp-content\/uploads\/2016\/04\/P1030242-400x400.jpeg 400w, https:\/\/www.revuegruppen.com\/gruppen\/wp-content\/uploads\/2016\/04\/P1030242-100x100.jpeg 100w\" sizes=\"auto, (max-width: 200px) 100vw, 200px\" \/><\/a>\n\t\t\t<\/div><\/figure><figure class='gallery-item'>\n\t\t\t<div class='gallery-icon landscape'>\n\t\t\t\t<a href='https:\/\/www.revuegruppen.com\/gruppen\/wp-content\/uploads\/2016\/04\/P1030244.jpeg'><img loading=\"lazy\" decoding=\"async\" width=\"200\" height=\"200\" src=\"https:\/\/www.revuegruppen.com\/gruppen\/wp-content\/uploads\/2016\/04\/P1030244-200x200.jpeg\" class=\"attachment-thumbnail size-thumbnail\" alt=\"\" srcset=\"https:\/\/www.revuegruppen.com\/gruppen\/wp-content\/uploads\/2016\/04\/P1030244-200x200.jpeg 200w, https:\/\/www.revuegruppen.com\/gruppen\/wp-content\/uploads\/2016\/04\/P1030244-400x400.jpeg 400w, https:\/\/www.revuegruppen.com\/gruppen\/wp-content\/uploads\/2016\/04\/P1030244-100x100.jpeg 100w\" sizes=\"auto, (max-width: 200px) 100vw, 200px\" \/><\/a>\n\t\t\t<\/div><\/figure><figure class='gallery-item'>\n\t\t\t<div class='gallery-icon landscape'>\n\t\t\t\t<a href='https:\/\/www.revuegruppen.com\/gruppen\/wp-content\/uploads\/2016\/04\/P1030246.jpeg'><img loading=\"lazy\" decoding=\"async\" width=\"200\" height=\"200\" src=\"https:\/\/www.revuegruppen.com\/gruppen\/wp-content\/uploads\/2016\/04\/P1030246-200x200.jpeg\" class=\"attachment-thumbnail size-thumbnail\" alt=\"\" srcset=\"https:\/\/www.revuegruppen.com\/gruppen\/wp-content\/uploads\/2016\/04\/P1030246-200x200.jpeg 200w, https:\/\/www.revuegruppen.com\/gruppen\/wp-content\/uploads\/2016\/04\/P1030246-400x400.jpeg 400w, https:\/\/www.revuegruppen.com\/gruppen\/wp-content\/uploads\/2016\/04\/P1030246-100x100.jpeg 100w\" sizes=\"auto, (max-width: 200px) 100vw, 200px\" \/><\/a>\n\t\t\t<\/div><\/figure><figure class='gallery-item'>\n\t\t\t<div class='gallery-icon landscape'>\n\t\t\t\t<a href='https:\/\/www.revuegruppen.com\/gruppen\/wp-content\/uploads\/2016\/04\/P1030250.jpeg'><img loading=\"lazy\" decoding=\"async\" width=\"200\" height=\"200\" src=\"https:\/\/www.revuegruppen.com\/gruppen\/wp-content\/uploads\/2016\/04\/P1030250-200x200.jpeg\" class=\"attachment-thumbnail size-thumbnail\" alt=\"\" srcset=\"https:\/\/www.revuegruppen.com\/gruppen\/wp-content\/uploads\/2016\/04\/P1030250-200x200.jpeg 200w, https:\/\/www.revuegruppen.com\/gruppen\/wp-content\/uploads\/2016\/04\/P1030250-400x400.jpeg 400w, https:\/\/www.revuegruppen.com\/gruppen\/wp-content\/uploads\/2016\/04\/P1030250-100x100.jpeg 100w\" sizes=\"auto, (max-width: 200px) 100vw, 200px\" \/><\/a>\n\t\t\t<\/div><\/figure><figure class='gallery-item'>\n\t\t\t<div class='gallery-icon landscape'>\n\t\t\t\t<a href='https:\/\/www.revuegruppen.com\/gruppen\/wp-content\/uploads\/2016\/04\/P1030251.jpeg'><img loading=\"lazy\" decoding=\"async\" width=\"200\" height=\"200\" src=\"https:\/\/www.revuegruppen.com\/gruppen\/wp-content\/uploads\/2016\/04\/P1030251-200x200.jpeg\" class=\"attachment-thumbnail size-thumbnail\" alt=\"\" srcset=\"https:\/\/www.revuegruppen.com\/gruppen\/wp-content\/uploads\/2016\/04\/P1030251-200x200.jpeg 200w, https:\/\/www.revuegruppen.com\/gruppen\/wp-content\/uploads\/2016\/04\/P1030251-400x400.jpeg 400w, https:\/\/www.revuegruppen.com\/gruppen\/wp-content\/uploads\/2016\/04\/P1030251-100x100.jpeg 100w\" sizes=\"auto, (max-width: 200px) 100vw, 200px\" \/><\/a>\n\t\t\t<\/div><\/figure><figure class='gallery-item'>\n\t\t\t<div class='gallery-icon landscape'>\n\t\t\t\t<a href='https:\/\/www.revuegruppen.com\/gruppen\/wp-content\/uploads\/2016\/04\/P1030256.jpeg'><img loading=\"lazy\" decoding=\"async\" width=\"200\" height=\"200\" src=\"https:\/\/www.revuegruppen.com\/gruppen\/wp-content\/uploads\/2016\/04\/P1030256-200x200.jpeg\" class=\"attachment-thumbnail size-thumbnail\" alt=\"\" srcset=\"https:\/\/www.revuegruppen.com\/gruppen\/wp-content\/uploads\/2016\/04\/P1030256-200x200.jpeg 200w, https:\/\/www.revuegruppen.com\/gruppen\/wp-content\/uploads\/2016\/04\/P1030256-400x400.jpeg 400w, https:\/\/www.revuegruppen.com\/gruppen\/wp-content\/uploads\/2016\/04\/P1030256-100x100.jpeg 100w\" sizes=\"auto, (max-width: 200px) 100vw, 200px\" \/><\/a>\n\t\t\t<\/div><\/figure><figure class='gallery-item'>\n\t\t\t<div class='gallery-icon landscape'>\n\t\t\t\t<a href='https:\/\/www.revuegruppen.com\/gruppen\/wp-content\/uploads\/2016\/04\/P1030257.jpeg'><img loading=\"lazy\" decoding=\"async\" width=\"200\" height=\"200\" src=\"https:\/\/www.revuegruppen.com\/gruppen\/wp-content\/uploads\/2016\/04\/P1030257-200x200.jpeg\" class=\"attachment-thumbnail size-thumbnail\" alt=\"\" srcset=\"https:\/\/www.revuegruppen.com\/gruppen\/wp-content\/uploads\/2016\/04\/P1030257-200x200.jpeg 200w, https:\/\/www.revuegruppen.com\/gruppen\/wp-content\/uploads\/2016\/04\/P1030257-400x400.jpeg 400w, https:\/\/www.revuegruppen.com\/gruppen\/wp-content\/uploads\/2016\/04\/P1030257-100x100.jpeg 100w\" sizes=\"auto, (max-width: 200px) 100vw, 200px\" \/><\/a>\n\t\t\t<\/div><\/figure><figure class='gallery-item'>\n\t\t\t<div class='gallery-icon landscape'>\n\t\t\t\t<a href='https:\/\/www.revuegruppen.com\/gruppen\/wp-content\/uploads\/2016\/04\/P1030260.jpeg'><img loading=\"lazy\" decoding=\"async\" width=\"200\" height=\"200\" src=\"https:\/\/www.revuegruppen.com\/gruppen\/wp-content\/uploads\/2016\/04\/P1030260-200x200.jpeg\" class=\"attachment-thumbnail size-thumbnail\" alt=\"\" srcset=\"https:\/\/www.revuegruppen.com\/gruppen\/wp-content\/uploads\/2016\/04\/P1030260-200x200.jpeg 200w, https:\/\/www.revuegruppen.com\/gruppen\/wp-content\/uploads\/2016\/04\/P1030260-400x400.jpeg 400w, https:\/\/www.revuegruppen.com\/gruppen\/wp-content\/uploads\/2016\/04\/P1030260-100x100.jpeg 100w\" sizes=\"auto, (max-width: 200px) 100vw, 200px\" \/><\/a>\n\t\t\t<\/div><\/figure><figure class='gallery-item'>\n\t\t\t<div class='gallery-icon landscape'>\n\t\t\t\t<a href='https:\/\/www.revuegruppen.com\/gruppen\/wp-content\/uploads\/2016\/04\/P1030262.jpeg'><img loading=\"lazy\" decoding=\"async\" width=\"200\" height=\"200\" src=\"https:\/\/www.revuegruppen.com\/gruppen\/wp-content\/uploads\/2016\/04\/P1030262-200x200.jpeg\" class=\"attachment-thumbnail size-thumbnail\" alt=\"\" srcset=\"https:\/\/www.revuegruppen.com\/gruppen\/wp-content\/uploads\/2016\/04\/P1030262-200x200.jpeg 200w, https:\/\/www.revuegruppen.com\/gruppen\/wp-content\/uploads\/2016\/04\/P1030262-400x400.jpeg 400w, https:\/\/www.revuegruppen.com\/gruppen\/wp-content\/uploads\/2016\/04\/P1030262-100x100.jpeg 100w\" sizes=\"auto, (max-width: 200px) 100vw, 200px\" \/><\/a>\n\t\t\t<\/div><\/figure><figure class='gallery-item'>\n\t\t\t<div class='gallery-icon landscape'>\n\t\t\t\t<a href='https:\/\/www.revuegruppen.com\/gruppen\/wp-content\/uploads\/2016\/04\/P1030263.jpeg'><img loading=\"lazy\" decoding=\"async\" width=\"200\" height=\"200\" src=\"https:\/\/www.revuegruppen.com\/gruppen\/wp-content\/uploads\/2016\/04\/P1030263-200x200.jpeg\" class=\"attachment-thumbnail size-thumbnail\" alt=\"\" srcset=\"https:\/\/www.revuegruppen.com\/gruppen\/wp-content\/uploads\/2016\/04\/P1030263-200x200.jpeg 200w, https:\/\/www.revuegruppen.com\/gruppen\/wp-content\/uploads\/2016\/04\/P1030263-400x400.jpeg 400w, https:\/\/www.revuegruppen.com\/gruppen\/wp-content\/uploads\/2016\/04\/P1030263-100x100.jpeg 100w\" sizes=\"auto, (max-width: 200px) 100vw, 200px\" \/><\/a>\n\t\t\t<\/div><\/figure>\n\t\t<\/div>\n\n","protected":false},"excerpt":{"rendered":"<p style=\"text-align: justify;\">Ce livre est un \u00ab Gruppen \u00bb, un ouvrage collectif, une revue, un atelier de travail ind\u00e9pendant qui soutient la cr\u00e9ation et la p\u00e9dagogie. Tout \u00ab Gruppen \u00bb est par d\u00e9finition pluridisciplinaire, et ne s\u2019impose aucun th\u00e8me g\u00e9n\u00e9ral. Sciences Humaines, Arts et Philosophie dialoguent ici naturellement, et invitent le lecteur \u00e0 tisser de nouveaux liens parmi ces champs de r\u00e9flexion.<br \/>\nDans ce volume, un dossier est toutefois consacr\u00e9 \u00e0 l\u2019Improvisation. Un \u00ab Gruppen \u00bb se rumine et se d\u00e9cortique. \u00c9noncer tout ce qu\u2019on y trouve est impossible : l\u2019Alabama, Artaud, Mai 68, Darwin &amp; Freud, un photographe, des indiens, la r\u00e9volution, des films et de la po\u00e9sie, Jarrige et les techniques, un piano, du dessin&#8230;<\/p>\n","protected":false},"featured_media":9856,"template":"","meta":[],"product_brand":[],"product_cat":[66,67],"product_tag":[700,31,701,32,702,33,516,703,704,705,706,707,708,563,709,39,710,42,711,712,46,713,714,715,48,49,716,717,718,719,531,720,721,534,535,59,60,722,63,723,724,65],"class_list":{"0":"post-7453","1":"product","2":"type-product","3":"status-publish","4":"has-post-thumbnail","6":"tagmedia-hypalampuses-hemeras","7":"product_cat-catalogue","8":"product_cat-revue","9":"product_tag-amandine-andre","10":"product_tag-anthropologie","11":"product_tag-antonin-artaud","12":"product_tag-bernard-bourrit","13":"product_tag-charles-darwin","14":"product_tag-charles-pennequin","15":"product_tag-cinema-experimental","16":"product_tag-diletta-mansella","17":"product_tag-djihadisme","18":"product_tag-drum","19":"product_tag-emmanuel-parent","20":"product_tag-faulkner","21":"product_tag-francesco-caddeo","22":"product_tag-francois-jarrige","23":"product_tag-gregory-deshoulliere","24":"product_tag-gruppen","25":"product_tag-hypalampuses-hemeras","26":"product_tag-ilan-kaddouch","27":"product_tag-improvisation","28":"product_tag-jean-marc-chouvel","29":"product_tag-jean-michel-bouhours","30":"product_tag-jivaro","31":"product_tag-john-cage","32":"product_tag-john-watson","33":"product_tag-laurence-gatti","34":"product_tag-laurent-jarfer","35":"product_tag-ligue-des-travailleurs-noirs-revolutionnaires","36":"product_tag-lilian-truchon","37":"product_tag-ludivine-bantigny","38":"product_tag-mai-68","39":"product_tag-marius-loris","40":"product_tag-migrants","41":"product_tag-olivier-pin-fat","42":"product_tag-pedagogie","43":"product_tag-photographie","44":"product_tag-pierre-deleage","45":"product_tag-poesie","46":"product_tag-regis-meyran","47":"product_tag-revue-gruppen","48":"product_tag-sigmund-freud","49":"product_tag-technique","50":"product_tag-yann-beauvais","51":"product_shipping_class-plus-de-500-g","52":"pa_auteur-collectif","53":"pa_date-de-parution-14-avril-2016","54":"pa_isbn-978-2-919103-13-3","55":"pa_nombre-de-pages-320-pages","57":"first","58":"instock","59":"shipping-taxable","60":"purchasable","61":"product-type-simple"},"_links":{"self":[{"href":"https:\/\/www.revuegruppen.com\/gruppen\/wp-json\/wp\/v2\/product\/7453","targetHints":{"allow":["GET"]}}],"collection":[{"href":"https:\/\/www.revuegruppen.com\/gruppen\/wp-json\/wp\/v2\/product"}],"about":[{"href":"https:\/\/www.revuegruppen.com\/gruppen\/wp-json\/wp\/v2\/types\/product"}],"wp:featuredmedia":[{"embeddable":true,"href":"https:\/\/www.revuegruppen.com\/gruppen\/wp-json\/wp\/v2\/media\/9856"}],"wp:attachment":[{"href":"https:\/\/www.revuegruppen.com\/gruppen\/wp-json\/wp\/v2\/media?parent=7453"}],"wp:term":[{"taxonomy":"product_brand","embeddable":true,"href":"https:\/\/www.revuegruppen.com\/gruppen\/wp-json\/wp\/v2\/product_brand?post=7453"},{"taxonomy":"product_cat","embeddable":true,"href":"https:\/\/www.revuegruppen.com\/gruppen\/wp-json\/wp\/v2\/product_cat?post=7453"},{"taxonomy":"product_tag","embeddable":true,"href":"https:\/\/www.revuegruppen.com\/gruppen\/wp-json\/wp\/v2\/product_tag?post=7453"}],"curies":[{"name":"wp","href":"https:\/\/api.w.org\/{rel}","templated":true}]}}