{"id":7428,"date":"2016-12-02T12:19:31","date_gmt":"2016-12-02T11:19:31","guid":{"rendered":"http:\/\/www.revuegruppen.com\/gruppen2018\/?post_type=product&#038;p=7428"},"modified":"2024-04-12T16:11:41","modified_gmt":"2024-04-12T14:11:41","slug":"les-entretiens-de-la-revue-gruppen","status":"publish","type":"product","link":"https:\/\/www.revuegruppen.com\/gruppen\/produit\/les-entretiens-de-la-revue-gruppen\/","title":{"rendered":"Les Entretiens de la revue Gruppen"},"content":{"rendered":"<div id='gallery-1' class='gallery galleryid-7428 gallery-columns-4 gallery-size-medium'><figure class='gallery-item'>\n\t\t\t<div class='gallery-icon landscape'>\n\t\t\t\t<a href='https:\/\/www.revuegruppen.com\/gruppen\/wp-content\/uploads\/2016\/12\/P1030341.jpeg'><img loading=\"lazy\" decoding=\"async\" width=\"400\" height=\"225\" src=\"https:\/\/www.revuegruppen.com\/gruppen\/wp-content\/uploads\/2016\/12\/P1030341-400x225.jpeg\" class=\"attachment-medium size-medium\" alt=\"\" srcset=\"https:\/\/www.revuegruppen.com\/gruppen\/wp-content\/uploads\/2016\/12\/P1030341-400x225.jpeg 400w, https:\/\/www.revuegruppen.com\/gruppen\/wp-content\/uploads\/2016\/12\/P1030341-768x432.jpeg 768w, https:\/\/www.revuegruppen.com\/gruppen\/wp-content\/uploads\/2016\/12\/P1030341-600x338.jpeg 600w\" sizes=\"auto, (max-width: 400px) 100vw, 400px\" \/><\/a>\n\t\t\t<\/div><\/figure><figure class='gallery-item'>\n\t\t\t<div class='gallery-icon landscape'>\n\t\t\t\t<a href='https:\/\/www.revuegruppen.com\/gruppen\/wp-content\/uploads\/2016\/12\/P1030347.jpeg'><img loading=\"lazy\" decoding=\"async\" width=\"400\" height=\"225\" src=\"https:\/\/www.revuegruppen.com\/gruppen\/wp-content\/uploads\/2016\/12\/P1030347-400x225.jpeg\" class=\"attachment-medium size-medium\" alt=\"\" srcset=\"https:\/\/www.revuegruppen.com\/gruppen\/wp-content\/uploads\/2016\/12\/P1030347-400x225.jpeg 400w, https:\/\/www.revuegruppen.com\/gruppen\/wp-content\/uploads\/2016\/12\/P1030347-768x432.jpeg 768w, https:\/\/www.revuegruppen.com\/gruppen\/wp-content\/uploads\/2016\/12\/P1030347-600x338.jpeg 600w\" sizes=\"auto, (max-width: 400px) 100vw, 400px\" \/><\/a>\n\t\t\t<\/div><\/figure><figure class='gallery-item'>\n\t\t\t<div class='gallery-icon landscape'>\n\t\t\t\t<a href='https:\/\/www.revuegruppen.com\/gruppen\/wp-content\/uploads\/2016\/12\/P1030349.jpeg'><img loading=\"lazy\" decoding=\"async\" width=\"400\" height=\"225\" src=\"https:\/\/www.revuegruppen.com\/gruppen\/wp-content\/uploads\/2016\/12\/P1030349-400x225.jpeg\" class=\"attachment-medium size-medium\" alt=\"\" srcset=\"https:\/\/www.revuegruppen.com\/gruppen\/wp-content\/uploads\/2016\/12\/P1030349-400x225.jpeg 400w, https:\/\/www.revuegruppen.com\/gruppen\/wp-content\/uploads\/2016\/12\/P1030349-768x432.jpeg 768w, https:\/\/www.revuegruppen.com\/gruppen\/wp-content\/uploads\/2016\/12\/P1030349-600x338.jpeg 600w\" sizes=\"auto, (max-width: 400px) 100vw, 400px\" \/><\/a>\n\t\t\t<\/div><\/figure><figure class='gallery-item'>\n\t\t\t<div class='gallery-icon landscape'>\n\t\t\t\t<a href='https:\/\/www.revuegruppen.com\/gruppen\/wp-content\/uploads\/2016\/12\/P1030351.jpeg'><img loading=\"lazy\" decoding=\"async\" width=\"400\" height=\"225\" src=\"https:\/\/www.revuegruppen.com\/gruppen\/wp-content\/uploads\/2016\/12\/P1030351-400x225.jpeg\" class=\"attachment-medium size-medium\" alt=\"\" srcset=\"https:\/\/www.revuegruppen.com\/gruppen\/wp-content\/uploads\/2016\/12\/P1030351-400x225.jpeg 400w, https:\/\/www.revuegruppen.com\/gruppen\/wp-content\/uploads\/2016\/12\/P1030351-768x432.jpeg 768w, https:\/\/www.revuegruppen.com\/gruppen\/wp-content\/uploads\/2016\/12\/P1030351-600x338.jpeg 600w\" sizes=\"auto, (max-width: 400px) 100vw, 400px\" \/><\/a>\n\t\t\t<\/div><\/figure><figure class='gallery-item'>\n\t\t\t<div class='gallery-icon landscape'>\n\t\t\t\t<a href='https:\/\/www.revuegruppen.com\/gruppen\/wp-content\/uploads\/2016\/12\/P1030353.jpeg'><img loading=\"lazy\" decoding=\"async\" width=\"400\" height=\"225\" src=\"https:\/\/www.revuegruppen.com\/gruppen\/wp-content\/uploads\/2016\/12\/P1030353-400x225.jpeg\" class=\"attachment-medium size-medium\" alt=\"\" srcset=\"https:\/\/www.revuegruppen.com\/gruppen\/wp-content\/uploads\/2016\/12\/P1030353-400x225.jpeg 400w, https:\/\/www.revuegruppen.com\/gruppen\/wp-content\/uploads\/2016\/12\/P1030353-768x432.jpeg 768w, https:\/\/www.revuegruppen.com\/gruppen\/wp-content\/uploads\/2016\/12\/P1030353-600x338.jpeg 600w\" sizes=\"auto, (max-width: 400px) 100vw, 400px\" \/><\/a>\n\t\t\t<\/div><\/figure><figure class='gallery-item'>\n\t\t\t<div class='gallery-icon landscape'>\n\t\t\t\t<a href='https:\/\/www.revuegruppen.com\/gruppen\/wp-content\/uploads\/2016\/12\/P1030356.jpeg'><img loading=\"lazy\" decoding=\"async\" width=\"400\" height=\"225\" src=\"https:\/\/www.revuegruppen.com\/gruppen\/wp-content\/uploads\/2016\/12\/P1030356-400x225.jpeg\" class=\"attachment-medium size-medium\" alt=\"\" srcset=\"https:\/\/www.revuegruppen.com\/gruppen\/wp-content\/uploads\/2016\/12\/P1030356-400x225.jpeg 400w, https:\/\/www.revuegruppen.com\/gruppen\/wp-content\/uploads\/2016\/12\/P1030356-768x432.jpeg 768w, https:\/\/www.revuegruppen.com\/gruppen\/wp-content\/uploads\/2016\/12\/P1030356-600x338.jpeg 600w\" sizes=\"auto, (max-width: 400px) 100vw, 400px\" \/><\/a>\n\t\t\t<\/div><\/figure><figure class='gallery-item'>\n\t\t\t<div class='gallery-icon landscape'>\n\t\t\t\t<a href='https:\/\/www.revuegruppen.com\/gruppen\/wp-content\/uploads\/2016\/12\/P1030359.jpeg'><img loading=\"lazy\" decoding=\"async\" width=\"400\" height=\"225\" src=\"https:\/\/www.revuegruppen.com\/gruppen\/wp-content\/uploads\/2016\/12\/P1030359-400x225.jpeg\" class=\"attachment-medium size-medium\" alt=\"\" srcset=\"https:\/\/www.revuegruppen.com\/gruppen\/wp-content\/uploads\/2016\/12\/P1030359-400x225.jpeg 400w, https:\/\/www.revuegruppen.com\/gruppen\/wp-content\/uploads\/2016\/12\/P1030359-768x432.jpeg 768w, https:\/\/www.revuegruppen.com\/gruppen\/wp-content\/uploads\/2016\/12\/P1030359-600x338.jpeg 600w\" sizes=\"auto, (max-width: 400px) 100vw, 400px\" \/><\/a>\n\t\t\t<\/div><\/figure><figure class='gallery-item'>\n\t\t\t<div class='gallery-icon landscape'>\n\t\t\t\t<a href='https:\/\/www.revuegruppen.com\/gruppen\/wp-content\/uploads\/2016\/12\/P1030343.jpeg'><img loading=\"lazy\" decoding=\"async\" width=\"400\" height=\"225\" src=\"https:\/\/www.revuegruppen.com\/gruppen\/wp-content\/uploads\/2016\/12\/P1030343-400x225.jpeg\" class=\"attachment-medium size-medium\" alt=\"\" srcset=\"https:\/\/www.revuegruppen.com\/gruppen\/wp-content\/uploads\/2016\/12\/P1030343-400x225.jpeg 400w, https:\/\/www.revuegruppen.com\/gruppen\/wp-content\/uploads\/2016\/12\/P1030343-768x432.jpeg 768w, https:\/\/www.revuegruppen.com\/gruppen\/wp-content\/uploads\/2016\/12\/P1030343-600x338.jpeg 600w\" sizes=\"auto, (max-width: 400px) 100vw, 400px\" \/><\/a>\n\t\t\t<\/div><\/figure>\n\t\t<\/div>\n\n","protected":false},"excerpt":{"rendered":"<p style=\"text-align: justify;\">Cette anthologie des Entretiens r\u00e9alis\u00e9s depuis 2010 par la revue\u00a0<strong>Gruppen<\/strong>, est une occasion nouvelle d\u2019aborder le parcours et les travaux de penseurs et artistes parmi les plus importants de notre \u00e9poque.<\/p>\n<p style=\"text-align: justify;\">Par la pluralit\u00e9 des regards qu\u2019elle associe, elle pr\u00e9sente une somme de connaissances et d\u2019\u00e9clairages qui nous permet de mieux appr\u00e9hender la complexit\u00e9 du monde actuel.<br \/>\n<strong>Gruppen<\/strong> r\u00e9affirme la n\u00e9cessaire collaboration des savoirs propres \u00e0 chaque discipline, et forme ainsi un espace o\u00f9 l\u2019anthropologie, les arts, l\u2019histoire, la p\u00e9dagogie, la philosophie, le\u00a0politique, ou encore les sciences, dialoguent au service d\u2019une pens\u00e9e qui se veut r\u00e9solument critique.<\/p>\n","protected":false},"featured_media":9863,"template":"","meta":[],"product_brand":[],"product_cat":[66,68],"product_tag":[597,563,39,41,564,565,566,567,55,568,569,570,553,571],"class_list":{"0":"post-7428","1":"product","2":"type-product","3":"status-publish","4":"has-post-thumbnail","6":"tagmedia-les-entretiens-de-la-revue-gruppen","7":"product_cat-catalogue","8":"product_cat-livres","9":"product_tag-bernard-stiegler","10":"product_tag-francois-jarrige","11":"product_tag-gruppen","12":"product_tag-gruppen-editions","13":"product_tag-jacqueline-challet-haas","14":"product_tag-martial-solal","15":"product_tag-michael-levinas","16":"product_tag-morgan-sportes","17":"product_tag-patrick-tort","18":"product_tag-philippe-descola","19":"product_tag-pierre-etaix","20":"product_tag-raoul-vaneigem","21":"product_tag-robert-kaddouch","22":"product_tag-simha-arom","23":"product_shipping_class-entre-250-et-500g","24":"pa_auteur-bernard-stiegler","25":"pa_auteur-francois-jarrige","26":"pa_auteur-jacqueline-challet-haas","27":"pa_auteur-martial-solal","28":"pa_auteur-michael-levinas","29":"pa_auteur-morgan-sportes","30":"pa_auteur-patrick-tort","31":"pa_auteur-philippe-descola","32":"pa_auteur-pierre-etaix","33":"pa_auteur-raoul-vaneigem","34":"pa_auteur-robert-kaddouch","35":"pa_auteur-simha-arom","36":"pa_date-de-parution-08-decembre-2016","37":"pa_isbn-430","38":"pa_nombre-de-pages-272-pages","40":"first","41":"instock","42":"shipping-taxable","43":"purchasable","44":"product-type-simple"},"_links":{"self":[{"href":"https:\/\/www.revuegruppen.com\/gruppen\/wp-json\/wp\/v2\/product\/7428","targetHints":{"allow":["GET"]}}],"collection":[{"href":"https:\/\/www.revuegruppen.com\/gruppen\/wp-json\/wp\/v2\/product"}],"about":[{"href":"https:\/\/www.revuegruppen.com\/gruppen\/wp-json\/wp\/v2\/types\/product"}],"wp:featuredmedia":[{"embeddable":true,"href":"https:\/\/www.revuegruppen.com\/gruppen\/wp-json\/wp\/v2\/media\/9863"}],"wp:attachment":[{"href":"https:\/\/www.revuegruppen.com\/gruppen\/wp-json\/wp\/v2\/media?parent=7428"}],"wp:term":[{"taxonomy":"product_brand","embeddable":true,"href":"https:\/\/www.revuegruppen.com\/gruppen\/wp-json\/wp\/v2\/product_brand?post=7428"},{"taxonomy":"product_cat","embeddable":true,"href":"https:\/\/www.revuegruppen.com\/gruppen\/wp-json\/wp\/v2\/product_cat?post=7428"},{"taxonomy":"product_tag","embeddable":true,"href":"https:\/\/www.revuegruppen.com\/gruppen\/wp-json\/wp\/v2\/product_tag?post=7428"}],"curies":[{"name":"wp","href":"https:\/\/api.w.org\/{rel}","templated":true}]}}