{"id":7397,"date":"2017-04-01T11:16:01","date_gmt":"2017-04-01T09:16:01","guid":{"rendered":"http:\/\/www.revuegruppen.com\/gruppen2018\/?post_type=product&#038;p=7397"},"modified":"2024-04-12T16:06:14","modified_gmt":"2024-04-12T14:06:14","slug":"gruppen-deux-mille-dix-sept","status":"publish","type":"product","link":"https:\/\/www.revuegruppen.com\/gruppen\/produit\/gruppen-deux-mille-dix-sept\/","title":{"rendered":"GRUPPEN Deux mille dix sept"},"content":{"rendered":"<p style=\"font-weight: 400;\"><strong>Entretiens<\/strong><br \/>\navec<strong>\u00a0<\/strong><strong>\u00a0<\/strong><strong>MAX ROACH<\/strong>\u00a0\u2014\u00a0<em>L&rsquo;Autod\u00e9termination et l&rsquo;Esth\u00e9tique Noire.\u00a0<\/em>(traduit par\u00a0Laurent Jarfer)<br \/>\navec\u00a0\u00a0<strong>JOS\u00c9 ANTONIO SISTIAGA<\/strong>\u00a0\u2014\u00a0<em>(r\u00e9alis\u00e9 par<strong>\u00a0<\/strong>Jean-Michel Bouhours\u00a0)<\/em><\/p>\n<p style=\"font-weight: 400;\"><strong>Anthropologie<\/strong><br \/>\n<strong>PIERRE D\u00c9L\u00c9AGE<\/strong>\u00a0\u2014\u00a0<em>Nouvelles impressions d&rsquo;Afrique.<\/em><\/p>\n<p style=\"font-weight: 400;\"><strong>Litt\u00e9rature<\/strong><br \/>\n<strong>BERNARD BOURRIT<\/strong><strong>\u00a0\u2014\u00a0<\/strong><em>Russell Lee, impossible inventaire.<\/em><\/p>\n<p style=\"font-weight: 400;\"><strong>Cin\u00e9ma<\/strong><br \/>\n<strong>YANN BEAUVAIS\u00a0<\/strong>\u2014\u00a0<em>Du nuage au p\u00e9n\u00e9trable, une incursion dans le transcin\u00e9ma. (partie 1)<\/em><\/p>\n<p style=\"font-weight: 400;\"><strong>Dossier : \u00c9DUCATION<\/strong><br \/>\n<strong>GR\u00c9GORY CHAMBAT<\/strong>\u00a0\u2014\u00a0<em>Petite histoire subversive de l&rsquo;\u00e9cole.<\/em><br \/>\n<strong>S\u00c9BASTIEN CHARBONNIER<\/strong><strong>\u00a0\u00a0<\/strong>\u2014\u00a0<em>R\u00e9\u00e9duquer l&rsquo;autre, les limites du volontarisme p\u00e9dagogique pour l&rsquo;\u00e9mancipation.<\/em><br \/>\n<strong>ALICE DOUBLIER\u00a0<\/strong><strong>\u2014\u00a0<\/strong><em>Terres rev\u00eaches et savoirs incertains. Sur quelques experiences d&rsquo;apprentissage de la c\u00e9ramique au Japon.<\/em><br \/>\n<strong>PATRIZIA ATZEI\u00a0<\/strong>\u2014\u00a0<em>Malaise dans la p\u00e9dagogie. \u00c0 propos du Ma\u00eetre ignorant et de ses le\u00e7ons.<\/em><br \/>\n<strong>MARCO SARACENO\u00a0<\/strong>\u2014\u00a0<em>Pourquoi l&rsquo;\u00e9ducation physique est-elle apparue au XXe si\u00e8cle? R\u00e9flexion sur les rationalisations et les raisons du corps.<\/em><br \/>\n<strong>PATRICK TORT\u00a0<\/strong>\u2014\u00a0<em>Entretien \u2013 L&rsquo;\u00e9ducation chez Darwin.<\/em><\/p>\n<p style=\"font-weight: 400;\"><strong>Psychiatrie<\/strong><br \/>\n<strong>MATHIEU BELLAHSEN<\/strong>\u00a0\u2014\u00a0<em>La sant\u00e9 mentale : sous le masque de l&rsquo;autonomie individuelle\u2026 l&rsquo;h\u00e9t\u00e9ronomie lib\u00e9rale.<\/em><\/p>\n<p style=\"font-weight: 400;\"><strong>Musique<\/strong><br \/>\n<strong>ILAN KADDOUCH\u00a0<\/strong>\u2014\u00a0<em>Coming on the Hudson \u2013 Thelonious Monk, de l&rsquo;id\u00e9e \u00e0 l&rsquo;\u00e9criture.<\/em><\/p>\n<p style=\"font-weight: 400;\"><strong>Po\u00e9sie<\/strong><br \/>\n<strong>JACOB BROMBERG\u00a0<\/strong>\u2014\u00a0<em>Measuring Dick<\/em><em>.<\/em><br \/>\n<strong>LAURENT JARFER\u00a0<\/strong>\u2014\u00a0<em>Arr\u00eats sur images.<\/em><br \/>\n<strong>MANUEL JOSEPH<\/strong>\u00a0\u2014\u00a0<em>DARD Chanteur.<\/em><br \/>\n<strong>CHARLES PENNEQUIN\u00a0<\/strong>\u2014\u00a0<em>J\u00e9sus \u00e9tait dans la ville.<\/em><\/p>\n<p style=\"font-weight: 400;\"><strong>Politique<\/strong><br \/>\n<strong>FLORENCE JOHSUA<\/strong>\u00a0\u2014\u00a0<em>Une autre fin du monde est possible\u2026<\/em><\/p>\n<p style=\"font-weight: 400;\"><strong>Philosophie<\/strong><br \/>\n<strong>IVAN SEGR\u00c9<\/strong>\u00a0\u2014\u00a0<em>Controverse (bis) \u2013 Sur la question de \u201c l&rsquo;homme Mo\u00efse<\/em>\u00a0\u201d.<\/p>\n<p style=\"font-weight: 400;\"><strong>Dessin<\/strong><br \/>\n<strong>LAURENCE GATTI<\/strong>\u00a0\u2014\u00a0<em>Hybridations.<\/em><\/p>\n<div id='gallery-1' class='gallery galleryid-7397 gallery-columns-7 gallery-size-thumbnail'><figure class='gallery-item'>\n\t\t\t<div class='gallery-icon landscape'>\n\t\t\t\t<a href='https:\/\/www.revuegruppen.com\/gruppen\/wp-content\/uploads\/2017\/04\/Gruppen-2017.png'><img loading=\"lazy\" decoding=\"async\" width=\"200\" height=\"200\" src=\"https:\/\/www.revuegruppen.com\/gruppen\/wp-content\/uploads\/2017\/04\/Gruppen-2017-200x200.png\" class=\"attachment-thumbnail size-thumbnail\" alt=\"\" srcset=\"https:\/\/www.revuegruppen.com\/gruppen\/wp-content\/uploads\/2017\/04\/Gruppen-2017-200x200.png 200w, https:\/\/www.revuegruppen.com\/gruppen\/wp-content\/uploads\/2017\/04\/Gruppen-2017-400x400.png 400w, https:\/\/www.revuegruppen.com\/gruppen\/wp-content\/uploads\/2017\/04\/Gruppen-2017-100x100.png 100w\" sizes=\"auto, (max-width: 200px) 100vw, 200px\" \/><\/a>\n\t\t\t<\/div><\/figure><figure class='gallery-item'>\n\t\t\t<div class='gallery-icon landscape'>\n\t\t\t\t<a href='https:\/\/www.revuegruppen.com\/gruppen\/wp-content\/uploads\/2017\/04\/Gruppen-2017Jose-Antonio-Sistiaga.png'><img loading=\"lazy\" decoding=\"async\" width=\"200\" height=\"200\" src=\"https:\/\/www.revuegruppen.com\/gruppen\/wp-content\/uploads\/2017\/04\/Gruppen-2017Jose-Antonio-Sistiaga-200x200.png\" class=\"attachment-thumbnail size-thumbnail\" alt=\"\" srcset=\"https:\/\/www.revuegruppen.com\/gruppen\/wp-content\/uploads\/2017\/04\/Gruppen-2017Jose-Antonio-Sistiaga-200x200.png 200w, https:\/\/www.revuegruppen.com\/gruppen\/wp-content\/uploads\/2017\/04\/Gruppen-2017Jose-Antonio-Sistiaga-400x400.png 400w, https:\/\/www.revuegruppen.com\/gruppen\/wp-content\/uploads\/2017\/04\/Gruppen-2017Jose-Antonio-Sistiaga-100x100.png 100w\" sizes=\"auto, (max-width: 200px) 100vw, 200px\" \/><\/a>\n\t\t\t<\/div><\/figure><figure class='gallery-item'>\n\t\t\t<div class='gallery-icon landscape'>\n\t\t\t\t<a href='https:\/\/www.revuegruppen.com\/gruppen\/wp-content\/uploads\/2017\/04\/Gruppen-2017-Russell-Lee-par-Bernard-Bourrit.png'><img loading=\"lazy\" decoding=\"async\" width=\"200\" height=\"200\" src=\"https:\/\/www.revuegruppen.com\/gruppen\/wp-content\/uploads\/2017\/04\/Gruppen-2017-Russell-Lee-par-Bernard-Bourrit-200x200.png\" class=\"attachment-thumbnail size-thumbnail\" alt=\"\" srcset=\"https:\/\/www.revuegruppen.com\/gruppen\/wp-content\/uploads\/2017\/04\/Gruppen-2017-Russell-Lee-par-Bernard-Bourrit-200x200.png 200w, https:\/\/www.revuegruppen.com\/gruppen\/wp-content\/uploads\/2017\/04\/Gruppen-2017-Russell-Lee-par-Bernard-Bourrit-400x400.png 400w, https:\/\/www.revuegruppen.com\/gruppen\/wp-content\/uploads\/2017\/04\/Gruppen-2017-Russell-Lee-par-Bernard-Bourrit-100x100.png 100w\" sizes=\"auto, (max-width: 200px) 100vw, 200px\" \/><\/a>\n\t\t\t<\/div><\/figure><figure class='gallery-item'>\n\t\t\t<div class='gallery-icon landscape'>\n\t\t\t\t<a href='https:\/\/www.revuegruppen.com\/gruppen\/wp-content\/uploads\/2017\/04\/Gruppen-2017-par-Pierre-Deleage.png'><img loading=\"lazy\" decoding=\"async\" width=\"200\" height=\"200\" src=\"https:\/\/www.revuegruppen.com\/gruppen\/wp-content\/uploads\/2017\/04\/Gruppen-2017-par-Pierre-Deleage-200x200.png\" class=\"attachment-thumbnail size-thumbnail\" alt=\"\" srcset=\"https:\/\/www.revuegruppen.com\/gruppen\/wp-content\/uploads\/2017\/04\/Gruppen-2017-par-Pierre-Deleage-200x200.png 200w, https:\/\/www.revuegruppen.com\/gruppen\/wp-content\/uploads\/2017\/04\/Gruppen-2017-par-Pierre-Deleage-400x400.png 400w, https:\/\/www.revuegruppen.com\/gruppen\/wp-content\/uploads\/2017\/04\/Gruppen-2017-par-Pierre-Deleage-100x100.png 100w\" sizes=\"auto, (max-width: 200px) 100vw, 200px\" \/><\/a>\n\t\t\t<\/div><\/figure><figure class='gallery-item'>\n\t\t\t<div class='gallery-icon landscape'>\n\t\t\t\t<a href='https:\/\/www.revuegruppen.com\/gruppen\/wp-content\/uploads\/2017\/04\/Gruppen-2017-par-Ivan-Segre.png'><img loading=\"lazy\" decoding=\"async\" width=\"200\" height=\"200\" src=\"https:\/\/www.revuegruppen.com\/gruppen\/wp-content\/uploads\/2017\/04\/Gruppen-2017-par-Ivan-Segre-200x200.png\" class=\"attachment-thumbnail size-thumbnail\" alt=\"\" srcset=\"https:\/\/www.revuegruppen.com\/gruppen\/wp-content\/uploads\/2017\/04\/Gruppen-2017-par-Ivan-Segre-200x200.png 200w, https:\/\/www.revuegruppen.com\/gruppen\/wp-content\/uploads\/2017\/04\/Gruppen-2017-par-Ivan-Segre-400x400.png 400w, https:\/\/www.revuegruppen.com\/gruppen\/wp-content\/uploads\/2017\/04\/Gruppen-2017-par-Ivan-Segre-100x100.png 100w\" sizes=\"auto, (max-width: 200px) 100vw, 200px\" \/><\/a>\n\t\t\t<\/div><\/figure><figure class='gallery-item'>\n\t\t\t<div class='gallery-icon landscape'>\n\t\t\t\t<a href='https:\/\/www.revuegruppen.com\/gruppen\/wp-content\/uploads\/2017\/04\/Gruppen-2017-Entretien-Max-Roach.png'><img loading=\"lazy\" decoding=\"async\" width=\"200\" height=\"200\" src=\"https:\/\/www.revuegruppen.com\/gruppen\/wp-content\/uploads\/2017\/04\/Gruppen-2017-Entretien-Max-Roach-200x200.png\" class=\"attachment-thumbnail size-thumbnail\" alt=\"\" srcset=\"https:\/\/www.revuegruppen.com\/gruppen\/wp-content\/uploads\/2017\/04\/Gruppen-2017-Entretien-Max-Roach-200x200.png 200w, https:\/\/www.revuegruppen.com\/gruppen\/wp-content\/uploads\/2017\/04\/Gruppen-2017-Entretien-Max-Roach-400x400.png 400w, https:\/\/www.revuegruppen.com\/gruppen\/wp-content\/uploads\/2017\/04\/Gruppen-2017-Entretien-Max-Roach-100x100.png 100w\" sizes=\"auto, (max-width: 200px) 100vw, 200px\" \/><\/a>\n\t\t\t<\/div><\/figure>\n\t\t<\/div>\n\n","protected":false},"excerpt":{"rendered":"<p style=\"text-align: justify;\">Le \u00ab\u00a0Gruppen\u00a0\u00bb de l&rsquo;ann\u00e9e 2017 d\u00e9fend toujours la r\u00e9flexion au pluriel, avec un dossier consacr\u00e9 \u00e0 l&rsquo;\u00e9ducation (Patrizia Atzei, Gr\u00e9gory Chambat, S\u00e9bastien Charbonnier, Alice Doublier, Marco Saraceno, Patrick Tort) et un tissus de cr\u00e9ations o\u00f9 dialoguent Sciences Humaines, Arts et Philosophie (Yann Beauvais, Mathieu Bellahsen, Jean-Michel Bouhours, Bernard Bourrit, Jacob Bromberg, Pierre D\u00e9l\u00e9age, Laurent Jarfer, Manuel Joseph, Florence Johsua, Ilan Kaddouch, Charles Pennequin, Max Roach, Ivan Segr\u00e9).<\/p>\n<p>&nbsp;<\/p>\n","protected":false},"featured_media":9038,"template":"","meta":[],"product_brand":[],"product_cat":[66,67],"product_tag":[30,31,32,33,34,35,36,37,38,39,40,41,42,43,44,45,46,47,48,49,50,51,52,53,54,55,56,57,58,59,60,61,62,63,64,65],"class_list":{"0":"post-7397","1":"product","2":"type-product","3":"status-publish","4":"has-post-thumbnail","6":"tagmedia-gruppen-deux-mille-dix-sept","7":"product_cat-catalogue","8":"product_cat-revue","9":"product_tag-alice-doublier","10":"product_tag-anthropologie","11":"product_tag-bernard-bourrit","12":"product_tag-charles-pennequin","13":"product_tag-cinema","14":"product_tag-dessin","15":"product_tag-education","16":"product_tag-florence-johsua","17":"product_tag-gregory-chambat","18":"product_tag-gruppen","19":"product_tag-gruppen-deux-mille-dix-sept","20":"product_tag-gruppen-editions","21":"product_tag-ilan-kaddouch","22":"product_tag-ivan-segre","23":"product_tag-jacob-bromberg","24":"product_tag-jazz","25":"product_tag-jean-michel-bouhours","26":"product_tag-jose-antonio-sistiaga","27":"product_tag-laurence-gatti","28":"product_tag-laurent-jarfer","29":"product_tag-litterature","30":"product_tag-manuel-joseph","31":"product_tag-mathieu-bellahsen","32":"product_tag-max-roach","33":"product_tag-musique","34":"product_tag-patrick-tort","35":"product_tag-patrizia-atzei","36":"product_tag-philosophie","37":"product_tag-photo","38":"product_tag-pierre-deleage","39":"product_tag-poesie","40":"product_tag-politique","41":"product_tag-psychiatrie","42":"product_tag-revue-gruppen","43":"product_tag-sebastien-charbonnier","44":"product_tag-yann-beauvais","45":"product_shipping_class-plus-de-500-g","46":"pa_auteur-collectif","47":"pa_date-de-parution-28-avril-2017","48":"pa_isbn-978-2-919103-16-4","49":"pa_nombre-de-pages-320-pages","51":"first","52":"instock","53":"shipping-taxable","54":"purchasable","55":"product-type-simple"},"_links":{"self":[{"href":"https:\/\/www.revuegruppen.com\/gruppen\/wp-json\/wp\/v2\/product\/7397","targetHints":{"allow":["GET"]}}],"collection":[{"href":"https:\/\/www.revuegruppen.com\/gruppen\/wp-json\/wp\/v2\/product"}],"about":[{"href":"https:\/\/www.revuegruppen.com\/gruppen\/wp-json\/wp\/v2\/types\/product"}],"wp:featuredmedia":[{"embeddable":true,"href":"https:\/\/www.revuegruppen.com\/gruppen\/wp-json\/wp\/v2\/media\/9038"}],"wp:attachment":[{"href":"https:\/\/www.revuegruppen.com\/gruppen\/wp-json\/wp\/v2\/media?parent=7397"}],"wp:term":[{"taxonomy":"product_brand","embeddable":true,"href":"https:\/\/www.revuegruppen.com\/gruppen\/wp-json\/wp\/v2\/product_brand?post=7397"},{"taxonomy":"product_cat","embeddable":true,"href":"https:\/\/www.revuegruppen.com\/gruppen\/wp-json\/wp\/v2\/product_cat?post=7397"},{"taxonomy":"product_tag","embeddable":true,"href":"https:\/\/www.revuegruppen.com\/gruppen\/wp-json\/wp\/v2\/product_tag?post=7397"}],"curies":[{"name":"wp","href":"https:\/\/api.w.org\/{rel}","templated":true}]}}