{"id":10416,"date":"2022-01-12T12:19:51","date_gmt":"2022-01-12T11:19:51","guid":{"rendered":"https:\/\/www.revuegruppen.com\/gruppen\/?post_type=product&#038;p=10416"},"modified":"2024-04-12T14:49:20","modified_gmt":"2024-04-12T12:49:20","slug":"marx-et-le-probleme-de-lideologie","status":"publish","type":"product","link":"https:\/\/www.revuegruppen.com\/gruppen\/produit\/marx-et-le-probleme-de-lideologie\/","title":{"rendered":"Marx et le probl\u00e8me de l&rsquo;id\u00e9ologie"},"content":{"rendered":"<p><strong>MARX ET LE PROBL\u00c8ME\u00a0<\/strong><strong>DE L\u2019ID\u00c9OLOGIE &#8211;\u00a0<\/strong><strong><em>Le mod\u00e8le \u00e9gyptien<br \/>\n<\/em><\/strong><strong>suivi de <\/strong><strong><em>Introduction \u00e0 l\u2019anthropologie darwinienne<\/em><\/strong><\/p>\n<p><i>Pr\u00e9face de Patrick Tort<br \/>\n<\/i>Introduction<span class=\"Apple-converted-space\">\u00a0<\/span><\/p>\n<p>I. De l\u2019id\u00e9ol\u00e2trie<span class=\"Apple-converted-space\"><br \/>\n<\/span>1. Du reflet, de l\u2019illusion et de l\u2019innocence <span class=\"Apple-converted-space\"><br \/>\n<\/span>\u00a0 2. L\u2019id\u00e9ol\u00e2trie et son mod\u00e8le <span class=\"Apple-converted-space\">\u00a0<\/span><\/p>\n<p>II. Le hi\u00e9roglyphe du pouvoir <span class=\"Apple-converted-space\"><br \/>\n<\/span>\u00a0 1. De l\u2019hypostase et de son interpr\u00e9tation<span class=\"Apple-converted-space\"><br \/>\n<\/span>\u00a0 2. Le f\u00e9tichisme et l\u2019oubli <span class=\"Apple-converted-space\">\u00a0<\/span><\/p>\n<p>Conclusion<span class=\"Apple-converted-space\"><br \/>\n<\/span>Prospective marxiste <span class=\"Apple-converted-space\">\u00a0<\/span><\/p>\n<p><i>Annexes<br \/>\n<\/i>1. La connaissance de l\u2019id\u00e9ologie<br \/>\n2. Introduction \u00e0 l\u2019anthropologie darwinienne :<span class=\"Apple-converted-space\"><br \/>\n<\/span>\u00a0\u00a0\u00a0 Marx-Engels, Malthus, Spencer, Darwin<span class=\"Apple-converted-space\"><br \/>\n<\/span>\u00a0\u00a0\u00a0 [entretien avec Georges Guille-Escuret]<\/p>\n<p><i>Postface de Bernadette Menu\u00a0<\/i><\/p>\n","protected":false},"excerpt":{"rendered":"<p style=\"text-align: justify;\">La th\u00e9orie de l\u2019<em>id\u00e9ologie dominante\u00a0<\/em>renferme chez Marx une contradiction.<\/p>\n<p style=\"text-align: justify;\">R\u00e9duite \u00e0 sa th\u00e8se manifeste, explicit\u00e9e au c\u0153ur de la pol\u00e9mique contre la nouvelle philosophie critique, <em>L\u2019Id\u00e9ologie allemande <\/em>installe son objet dans l\u2019innocence d\u2019un <em>reflet<\/em>, dans l\u2019involontaire d\u2019une croyance, dans la sinc\u00e9rit\u00e9 d\u2019une\u00a0<em>illusion <\/em>que partagent ceux-l\u00e0 m\u00eames qui l\u2019\u00e9laborent \u2013 les \u00ab\u00a0id\u00e9ologues\u00a0\u00bb de la classe dominante \u2013 et, tout autant, ceux qui la d\u00e9noncent comme telle et qui pensent ainsi changer le monde en corrigeant des repr\u00e9sentations\u00a0: les philosophes \u00ab\u00a0critiques\u00a0\u00bb allemands.<\/p>\n<p style=\"text-align: justify;\">Mais, dans les interstices de ce texte, et plus nettement encore dans le premier livre du <em>Capital<\/em>, la r\u00e9f\u00e9rence expresse de Marx, \u00e0 travers le XVIII<sup>e\u00a0<\/sup>si\u00e8cle, \u00e0 ces arch\u00e9types de la fonction politico-id\u00e9ologique et \u00e0 ces sp\u00e9cialistes de la r\u00e9gulation sociale qu\u2019\u00e9taient les pr\u00eatres de l\u2019\u00c9gypte initiateurs des cultes idol\u00e2triques fait basculer la th\u00e8se de l&rsquo;innocence de la production id\u00e9ologique dans son extr\u00eame oppos\u00e9. L\u2019id\u00e9ologie dominante devient alors une mystification calcul\u00e9e, un jeu d\u2019artifices, un outil de l\u2019influence, une force d\u2019assujettissement \u00e0 des simulacres construits, s\u2019exer\u00e7ant en direction des producteurs domin\u00e9s, et man\u0153uvr\u00e9e depuis une position de savoir apte \u00e0 exclure toute \u00ab\u00a0illusion\u00a0\u00bb sur son origine, son lieu d\u2019application et ses cons\u00e9quences mat\u00e9rielles\u00a0: la reproduction des rapports de production et de la division du travail, dont la caste sacerdotale est elle-m\u00eame le produit.<\/p>\n<p style=\"text-align: justify;\">Ces deux th\u00e8ses en conflit latent fournissent la structure et les termes r\u00e9els de la probl\u00e9matique de l\u2019id\u00e9ologie chez Marx\u00a0: du d\u00e9passement de leur opposition d\u00e9pend aujourd\u2019hui, pour une grande part, la nouvelle intelligence de la <em>lutte id\u00e9ologique<\/em>.<\/p>\n","protected":false},"featured_media":10490,"template":"","meta":[],"product_brand":[],"product_cat":[66,68],"product_tag":[957,637,958,956,807,630,955,55,954],"class_list":{"0":"post-10416","1":"product","2":"type-product","3":"status-publish","4":"has-post-thumbnail","6":"tagmedia-marx-et-le-probleme-de-lideologie","7":"product_cat-catalogue","8":"product_cat-livres","9":"product_tag-bernadette-menu","10":"product_tag-darwin","11":"product_tag-egyptologie","12":"product_tag-georges-guille-escuret","13":"product_tag-ideologie","14":"product_tag-karl-marx","15":"product_tag-malthus","16":"product_tag-patrick-tort","17":"product_tag-spencer","18":"product_shipping_class-entre-250-et-500g","19":"pa_auteur-patrick-tort","20":"pa_date-de-parution-14-janvier-2022","21":"pa_isbn-978-2-919103-23-2","22":"pa_nombre-de-pages-923","24":"first","25":"instock","26":"shipping-taxable","27":"purchasable","28":"product-type-simple"},"_links":{"self":[{"href":"https:\/\/www.revuegruppen.com\/gruppen\/wp-json\/wp\/v2\/product\/10416","targetHints":{"allow":["GET"]}}],"collection":[{"href":"https:\/\/www.revuegruppen.com\/gruppen\/wp-json\/wp\/v2\/product"}],"about":[{"href":"https:\/\/www.revuegruppen.com\/gruppen\/wp-json\/wp\/v2\/types\/product"}],"wp:featuredmedia":[{"embeddable":true,"href":"https:\/\/www.revuegruppen.com\/gruppen\/wp-json\/wp\/v2\/media\/10490"}],"wp:attachment":[{"href":"https:\/\/www.revuegruppen.com\/gruppen\/wp-json\/wp\/v2\/media?parent=10416"}],"wp:term":[{"taxonomy":"product_brand","embeddable":true,"href":"https:\/\/www.revuegruppen.com\/gruppen\/wp-json\/wp\/v2\/product_brand?post=10416"},{"taxonomy":"product_cat","embeddable":true,"href":"https:\/\/www.revuegruppen.com\/gruppen\/wp-json\/wp\/v2\/product_cat?post=10416"},{"taxonomy":"product_tag","embeddable":true,"href":"https:\/\/www.revuegruppen.com\/gruppen\/wp-json\/wp\/v2\/product_tag?post=10416"}],"curies":[{"name":"wp","href":"https:\/\/api.w.org\/{rel}","templated":true}]}}