{"id":10348,"date":"2022-01-12T09:53:56","date_gmt":"2022-01-12T08:53:56","guid":{"rendered":"https:\/\/www.revuegruppen.com\/gruppen\/?post_type=product&#038;p=10348"},"modified":"2024-04-12T14:52:00","modified_gmt":"2024-04-12T12:52:00","slug":"portrait-de-lartiste-en-fou-criminel","status":"publish","type":"product","link":"https:\/\/www.revuegruppen.com\/gruppen\/produit\/portrait-de-lartiste-en-fou-criminel\/","title":{"rendered":"Portrait de l&rsquo;artiste en fou criminel"},"content":{"rendered":"<p>Introduction<\/p>\n<p>I. \u00c0 l\u2019or\u00e9e du si\u00e8cle : folie, crime et subversion<br \/>\n\u2013 Psychiatrie et litt\u00e9rature \u00e0 la fin du 19e si\u00e8cle : figures du d\u00e9g\u00e9n\u00e9r\u00e9<br \/>\n\u2013 Variations autour des romans d\u2019asile :<br \/>\n<em>\u00a0\u00a0\u00a0 Force ennemie<\/em>, de John Antoine Nau, et <em>Le brasier<\/em>, de G. A. Denis<br \/>\n<em>\u2013 Les lib\u00e9r\u00e9s<\/em> de Ricciotto Canudo<\/p>\n<p>II. Figures de l\u2019insurrection<br \/>\n<em>\u2013 Moravagine<\/em> de Cendrars et Joseph Vacher, grands fauves humains<br \/>\n<em>\u2013 C\u00e9leste Ugolin<\/em> de Ribemont-Dessaignes : folie et d\u00e9sarroi<br \/>\n<em>\u2013 F\u00e9bronio<\/em> de Cendrars, meurtrier inspir\u00e9<\/p>\n","protected":false},"excerpt":{"rendered":"<p style=\"text-align: justify;\">Ce travail se concentre sur l\u2019\u00e9tude de romans d\u2019avant-garde publi\u00e9s entre 1903 et 1926 auxquels se joint un texte de Blaise Cendrars dat\u00e9 de 1948. Leur pr\u00e9sentation chronologique met en \u00e9vidence l\u2019\u00e9volution d\u2019une th\u00e9matique centrale, celle de la parent\u00e9 du fou criminel et du po\u00e8te \u00e0 travers laquelle le meurtre devient de plus en plus clairement une m\u00e9taphore de l\u2019insurrection sociale, elle-m\u00eame transmu\u00e9e en activit\u00e9 po\u00e9tique. Ce faisant l\u2019avant-garde subvertit l\u2019h\u00e9ritage psychiatrique dans lequel elle puise tr\u00e8s largement, et en inverse, de mani\u00e8re militante, l\u2019ordre des valeurs.<\/p>\n","protected":false},"featured_media":10491,"template":"","meta":[],"product_brand":[],"product_cat":[66,68],"product_tag":[887,648,947,952,951,949,50,62,948,950],"class_list":{"0":"post-10348","1":"product","2":"type-product","3":"status-publish","4":"has-post-thumbnail","6":"tagmedia-portrait-de-lartiste-en-fou-criminel","7":"product_cat-catalogue","8":"product_cat-livres","9":"product_tag-anouck-cape","10":"product_tag-art","11":"product_tag-blaise-cendrars","12":"product_tag-g-a-denis","13":"product_tag-john-antoine-nau","14":"product_tag-joseph-vacher","15":"product_tag-litterature","16":"product_tag-psychiatrie","17":"product_tag-ribemont-dessaignes","18":"product_tag-ricciotto-canudo","19":"product_shipping_class-entre-250-et-500g","20":"pa_auteur-anouck-cape","21":"pa_date-de-parution-14-janvier-2022","22":"pa_isbn-978-2-919103-22-5","23":"pa_nombre-de-pages-935","25":"first","26":"instock","27":"shipping-taxable","28":"purchasable","29":"product-type-simple"},"_links":{"self":[{"href":"https:\/\/www.revuegruppen.com\/gruppen\/wp-json\/wp\/v2\/product\/10348","targetHints":{"allow":["GET"]}}],"collection":[{"href":"https:\/\/www.revuegruppen.com\/gruppen\/wp-json\/wp\/v2\/product"}],"about":[{"href":"https:\/\/www.revuegruppen.com\/gruppen\/wp-json\/wp\/v2\/types\/product"}],"wp:featuredmedia":[{"embeddable":true,"href":"https:\/\/www.revuegruppen.com\/gruppen\/wp-json\/wp\/v2\/media\/10491"}],"wp:attachment":[{"href":"https:\/\/www.revuegruppen.com\/gruppen\/wp-json\/wp\/v2\/media?parent=10348"}],"wp:term":[{"taxonomy":"product_brand","embeddable":true,"href":"https:\/\/www.revuegruppen.com\/gruppen\/wp-json\/wp\/v2\/product_brand?post=10348"},{"taxonomy":"product_cat","embeddable":true,"href":"https:\/\/www.revuegruppen.com\/gruppen\/wp-json\/wp\/v2\/product_cat?post=10348"},{"taxonomy":"product_tag","embeddable":true,"href":"https:\/\/www.revuegruppen.com\/gruppen\/wp-json\/wp\/v2\/product_tag?post=10348"}],"curies":[{"name":"wp","href":"https:\/\/api.w.org\/{rel}","templated":true}]}}