{"id":10335,"date":"2020-11-11T12:47:40","date_gmt":"2020-11-11T11:47:40","guid":{"rendered":"https:\/\/www.revuegruppen.com\/gruppen\/?post_type=product&#038;p=10335"},"modified":"2024-04-12T15:00:00","modified_gmt":"2024-04-12T13:00:00","slug":"capitalisme-ou-civilisation","status":"publish","type":"product","link":"https:\/\/www.revuegruppen.com\/gruppen\/produit\/capitalisme-ou-civilisation\/","title":{"rendered":"Capitalisme ou Civilisation"},"content":{"rendered":"<p style=\"text-align: justify;\">Comprendre le monde contemporain requiert une analyse de la complexit\u00e9 ad\u00e9quate \u00e0 l\u2019enjeu d\u2019une telle entreprise\u00a0: d\u00e9finir en termes scientifiques (et non \u00ab\u00a0philosophiques\u00a0\u00bb) les conditions et les modalit\u00e9s optimales de la <em>survie<\/em> des soci\u00e9t\u00e9s humaines au sein d\u2019un environnement global soumis d\u2019une mani\u00e8re de plus en plus irr\u00e9versible \u00e0 un <em>r\u00e9gime de catastrophes<\/em>.<\/p>\n<p><em>L\u2019Analyse des complexes discursifs<\/em>, \u00e9labor\u00e9e dans l\u2019\u0153uvre de Patrick Tort, est \u00e0 la fois un d\u00e9chiffrage critique de l\u2019id\u00e9ologie dans l\u2019univers du discours et un outil d\u2019exploration des tendances \u00e9volutives et des sympt\u00f4mes de crise d\u2019un syst\u00e8me qui ne peut envisager ni ses antinomies, ni ses limites, ni ses \u00e9checs, ni son remplacement. Le concept d\u2019<em>hypert\u00e9lie<\/em> (d\u00e9sadaptation par exc\u00e8s de croissance), dont Darwin a fourni la substance, permet de mod\u00e9liser la situation d\u2019un dispositif \u00e9conomique et social dont l\u2019effondrement peut \u00eatre pr\u00e9cipit\u00e9 \u00e0 tout moment par un facteur environnemental tel qu\u2019un changement climatique. Les diverses fictions \u00ab\u00a0transhumanistes\u00a0\u00bb ne font qu\u2019exprimer, sous leur n\u00e9gation fantasm\u00e9e de la mort, la conscience sourde et obs\u00e9dante d\u2019une agonie qui a d\u00e9j\u00e0 commenc\u00e9.<\/p>\n<p>Face \u00e0 cela, la th\u00e9orie darwinienne de la <em>civilisation<\/em>, \u00e9nonc\u00e9e en 1871 dans <em>La Filiation de l\u2019Homme<\/em>, fixe l\u2019horizon \u00e9volutif de celle-ci dans la paix, l\u2019\u00e9ducation, la pr\u00e9vision \u00e0 long terme, la protection solidaire des existences fragiles, l\u2019extension ind\u00e9finie de la sympathie et de la reconnaissance de l\u2019autre comme semblable, ainsi que dans l\u2019intelligence des \u00e9quilibres naturels au sein d\u2019un milieu transform\u00e9 en adjuvant de survie par une esp\u00e8ce humaine respectueuse de tous les \u00eatres sensibles.<\/p>\n<p>Il s\u2019agit aujourd\u2019hui de transformer l\u2019horizon en <em>programme<\/em>, et le programme en action.<\/p>\n","protected":false},"excerpt":{"rendered":"<p style=\"text-align: justify;\">Patrick Tort analyse dans ces trois entretiens les enjeux majeurs d&rsquo;une crise de civilisation qui frappe plus violemment chaque jour notre humanit\u00e9. Id\u00e9ologie, technologie, \u00e9cologie, capitalisme et transhumanisme sont autant de sujets qu&rsquo;il s&rsquo;attache ici \u00e0 \u00e9clairer m\u00e9thodiquement pour \u00e9tablir ce que pourrait \u00eatre une nouvelle \u00e9thique du civilis\u00e9 : le capitalisme ne gu\u00e9rira pas la mis\u00e8re du monde car il a <em>besoin<\/em> de la mis\u00e8re du monde. De cette \u00e9vidence, les r\u00e9voltes d&rsquo;aujourd&rsquo;hui doivent \u00eatre <em>r\u00e9-instruites<\/em>. Arr\u00eatons d&rsquo;esp\u00e9rer. Commen\u00e7ons \u00e0 <em>vouloir<\/em>.<br \/>\n<span style=\"font-size: 10pt;\"><strong>Patrick Tort<\/strong>, directeur de l\u2019Institut Charles Darwin international, laur\u00e9at de l\u2019Acad\u00e9mie des sciences, est un sp\u00e9cialiste encyclop\u00e9dique de l\u2019ensemble des sciences humaines et de l\u2019histoire de la biologie. Son avant-dernier livre, <em>L\u2019Intelligence des limites<\/em>, est publi\u00e9 aux \u00e9ditions Gruppen.<\/span><\/p>\n","protected":false},"featured_media":10363,"template":"","meta":[],"product_brand":[],"product_cat":[66,68],"product_tag":[927,650,925,801,926],"class_list":{"0":"post-10335","1":"product","2":"type-product","3":"status-publish","4":"has-post-thumbnail","6":"tagmedia-capitalisme-ou-civilisation","7":"product_cat-catalogue","8":"product_cat-livres","9":"product_tag-anti-industrialisme","10":"product_tag-capitalisme","11":"product_tag-decroissance","12":"product_tag-ecologie","13":"product_tag-mondialisation","14":"product_shipping_class-jusqua-250g","15":"pa_auteur-patrick-tort","16":"pa_date-de-parution-13-novembre-2020","17":"pa_isbn-978-2-919103-24-9","18":"pa_nombre-de-pages-923","20":"first","21":"instock","22":"shipping-taxable","23":"purchasable","24":"product-type-simple"},"_links":{"self":[{"href":"https:\/\/www.revuegruppen.com\/gruppen\/wp-json\/wp\/v2\/product\/10335","targetHints":{"allow":["GET"]}}],"collection":[{"href":"https:\/\/www.revuegruppen.com\/gruppen\/wp-json\/wp\/v2\/product"}],"about":[{"href":"https:\/\/www.revuegruppen.com\/gruppen\/wp-json\/wp\/v2\/types\/product"}],"wp:featuredmedia":[{"embeddable":true,"href":"https:\/\/www.revuegruppen.com\/gruppen\/wp-json\/wp\/v2\/media\/10363"}],"wp:attachment":[{"href":"https:\/\/www.revuegruppen.com\/gruppen\/wp-json\/wp\/v2\/media?parent=10335"}],"wp:term":[{"taxonomy":"product_brand","embeddable":true,"href":"https:\/\/www.revuegruppen.com\/gruppen\/wp-json\/wp\/v2\/product_brand?post=10335"},{"taxonomy":"product_cat","embeddable":true,"href":"https:\/\/www.revuegruppen.com\/gruppen\/wp-json\/wp\/v2\/product_cat?post=10335"},{"taxonomy":"product_tag","embeddable":true,"href":"https:\/\/www.revuegruppen.com\/gruppen\/wp-json\/wp\/v2\/product_tag?post=10335"}],"curies":[{"name":"wp","href":"https:\/\/api.w.org\/{rel}","templated":true}]}}