{"id":10013,"date":"2019-04-15T21:44:22","date_gmt":"2019-04-15T19:44:22","guid":{"rendered":"https:\/\/www.revuegruppen.com\/gruppen\/?post_type=product&#038;p=10013"},"modified":"2024-04-12T15:44:49","modified_gmt":"2024-04-12T13:44:49","slug":"we-are-a-powerhouse","status":"publish","type":"product","link":"https:\/\/www.revuegruppen.com\/gruppen\/produit\/we-are-a-powerhouse\/","title":{"rendered":"We are a powerhouse"},"content":{"rendered":"<table style=\"border-collapse: collapse; width: 101.245%;\">\n<tbody>\n<tr>\n<td style=\"width: 37.0767%; text-align: left; vertical-align: top;\"><strong>Audre Lorde<br \/>\n<\/strong>Prologue.<br \/>\n<strong>Michael \u00ab\u00a0Cetewayo\u00a0\u00bb Tabor<br \/>\n<\/strong>Capitalisme plus came \u00e9gale g\u00e9nocide.<br \/>\n<strong>Vincent Smith<br \/>\n<\/strong>Black Dialogue avec Vincent Smith.<br \/>\n<strong>James Baldwin<br \/>\n<\/strong>Lettres aux Am\u00e9ricains.<br \/>\n<strong>Max Roach<br \/>\n<\/strong>L\u2019autod\u00e9termination et L\u2019esth\u00e9tique Noire.<br \/>\n<strong>John Watson<br \/>\n<\/strong>Jusqu\u2019au Point&#8230; de Production.<\/td>\n<td style=\"width: 64.1681%; text-align: left; vertical-align: top;\"><strong>Mary Ann Weathers<br \/>\n<\/strong>Pour la lib\u00e9ration des femmes noires comme force r\u00e9volutionnaire.<br \/>\n<strong>George Jackson<br \/>\n<\/strong>Le Mar\u00e9chal George Jackson analyse la bonne m\u00e9thode\u00a0pour combattre le fascisme am\u00e9ricain.<br \/>\n<strong>Romare Bearden<br \/>\n<\/strong>Spiral : Compte-rendu.<br \/>\n<strong>J.H. O\u2019Dell<br \/>\n<\/strong>L\u2019h\u00e9ritage de Charleston pour la mobilisation des pauvres.<br \/>\n<strong>The Last Poets<br \/>\n<\/strong>Cr\u00e8ve N\u00e9gro !!!<\/td>\n<\/tr>\n<\/tbody>\n<\/table>\n<div id='gallery-1' class='gallery galleryid-10013 gallery-columns-7 gallery-size-thumbnail'><figure class='gallery-item'>\n\t\t\t<div class='gallery-icon landscape'>\n\t\t\t\t<a href='https:\/\/www.revuegruppen.com\/gruppen\/wp-content\/uploads\/2019\/04\/we-are-a-powerhouse-1.jpg'><img loading=\"lazy\" decoding=\"async\" width=\"200\" height=\"200\" src=\"https:\/\/www.revuegruppen.com\/gruppen\/wp-content\/uploads\/2019\/04\/we-are-a-powerhouse-1-200x200.jpg\" class=\"attachment-thumbnail size-thumbnail\" alt=\"\" srcset=\"https:\/\/www.revuegruppen.com\/gruppen\/wp-content\/uploads\/2019\/04\/we-are-a-powerhouse-1-200x200.jpg 200w, https:\/\/www.revuegruppen.com\/gruppen\/wp-content\/uploads\/2019\/04\/we-are-a-powerhouse-1-800x800.jpg 800w, https:\/\/www.revuegruppen.com\/gruppen\/wp-content\/uploads\/2019\/04\/we-are-a-powerhouse-1-400x400.jpg 400w, https:\/\/www.revuegruppen.com\/gruppen\/wp-content\/uploads\/2019\/04\/we-are-a-powerhouse-1-100x100.jpg 100w\" sizes=\"auto, (max-width: 200px) 100vw, 200px\" \/><\/a>\n\t\t\t<\/div><\/figure><figure class='gallery-item'>\n\t\t\t<div class='gallery-icon landscape'>\n\t\t\t\t<a href='https:\/\/www.revuegruppen.com\/gruppen\/wp-content\/uploads\/2019\/04\/we-are-a-powerhouse2.jpg'><img loading=\"lazy\" decoding=\"async\" width=\"200\" height=\"200\" src=\"https:\/\/www.revuegruppen.com\/gruppen\/wp-content\/uploads\/2019\/04\/we-are-a-powerhouse2-200x200.jpg\" class=\"attachment-thumbnail size-thumbnail\" alt=\"\" srcset=\"https:\/\/www.revuegruppen.com\/gruppen\/wp-content\/uploads\/2019\/04\/we-are-a-powerhouse2-200x200.jpg 200w, https:\/\/www.revuegruppen.com\/gruppen\/wp-content\/uploads\/2019\/04\/we-are-a-powerhouse2-800x800.jpg 800w, https:\/\/www.revuegruppen.com\/gruppen\/wp-content\/uploads\/2019\/04\/we-are-a-powerhouse2-400x400.jpg 400w, https:\/\/www.revuegruppen.com\/gruppen\/wp-content\/uploads\/2019\/04\/we-are-a-powerhouse2-100x100.jpg 100w\" sizes=\"auto, (max-width: 200px) 100vw, 200px\" \/><\/a>\n\t\t\t<\/div><\/figure><figure class='gallery-item'>\n\t\t\t<div class='gallery-icon landscape'>\n\t\t\t\t<a href='https:\/\/www.revuegruppen.com\/gruppen\/wp-content\/uploads\/2019\/04\/we-are-a-powerhouse3.jpg'><img loading=\"lazy\" decoding=\"async\" width=\"200\" height=\"200\" src=\"https:\/\/www.revuegruppen.com\/gruppen\/wp-content\/uploads\/2019\/04\/we-are-a-powerhouse3-200x200.jpg\" class=\"attachment-thumbnail size-thumbnail\" alt=\"\" srcset=\"https:\/\/www.revuegruppen.com\/gruppen\/wp-content\/uploads\/2019\/04\/we-are-a-powerhouse3-200x200.jpg 200w, https:\/\/www.revuegruppen.com\/gruppen\/wp-content\/uploads\/2019\/04\/we-are-a-powerhouse3-800x800.jpg 800w, https:\/\/www.revuegruppen.com\/gruppen\/wp-content\/uploads\/2019\/04\/we-are-a-powerhouse3-400x400.jpg 400w, https:\/\/www.revuegruppen.com\/gruppen\/wp-content\/uploads\/2019\/04\/we-are-a-powerhouse3-100x100.jpg 100w\" sizes=\"auto, (max-width: 200px) 100vw, 200px\" \/><\/a>\n\t\t\t<\/div><\/figure><figure class='gallery-item'>\n\t\t\t<div class='gallery-icon landscape'>\n\t\t\t\t<a href='https:\/\/www.revuegruppen.com\/gruppen\/wp-content\/uploads\/2019\/04\/we-are-a-powerhouse4.jpg'><img loading=\"lazy\" decoding=\"async\" width=\"200\" height=\"200\" src=\"https:\/\/www.revuegruppen.com\/gruppen\/wp-content\/uploads\/2019\/04\/we-are-a-powerhouse4-200x200.jpg\" class=\"attachment-thumbnail size-thumbnail\" alt=\"\" srcset=\"https:\/\/www.revuegruppen.com\/gruppen\/wp-content\/uploads\/2019\/04\/we-are-a-powerhouse4-200x200.jpg 200w, https:\/\/www.revuegruppen.com\/gruppen\/wp-content\/uploads\/2019\/04\/we-are-a-powerhouse4-800x800.jpg 800w, https:\/\/www.revuegruppen.com\/gruppen\/wp-content\/uploads\/2019\/04\/we-are-a-powerhouse4-400x400.jpg 400w, https:\/\/www.revuegruppen.com\/gruppen\/wp-content\/uploads\/2019\/04\/we-are-a-powerhouse4-100x100.jpg 100w\" sizes=\"auto, (max-width: 200px) 100vw, 200px\" \/><\/a>\n\t\t\t<\/div><\/figure><figure class='gallery-item'>\n\t\t\t<div class='gallery-icon landscape'>\n\t\t\t\t<a href='https:\/\/www.revuegruppen.com\/gruppen\/wp-content\/uploads\/2019\/04\/we-are-a-powerhouse5.jpg'><img loading=\"lazy\" decoding=\"async\" width=\"200\" height=\"200\" src=\"https:\/\/www.revuegruppen.com\/gruppen\/wp-content\/uploads\/2019\/04\/we-are-a-powerhouse5-200x200.jpg\" class=\"attachment-thumbnail size-thumbnail\" alt=\"\" srcset=\"https:\/\/www.revuegruppen.com\/gruppen\/wp-content\/uploads\/2019\/04\/we-are-a-powerhouse5-200x200.jpg 200w, https:\/\/www.revuegruppen.com\/gruppen\/wp-content\/uploads\/2019\/04\/we-are-a-powerhouse5-800x800.jpg 800w, https:\/\/www.revuegruppen.com\/gruppen\/wp-content\/uploads\/2019\/04\/we-are-a-powerhouse5-400x400.jpg 400w, https:\/\/www.revuegruppen.com\/gruppen\/wp-content\/uploads\/2019\/04\/we-are-a-powerhouse5-100x100.jpg 100w\" sizes=\"auto, (max-width: 200px) 100vw, 200px\" \/><\/a>\n\t\t\t<\/div><\/figure><figure class='gallery-item'>\n\t\t\t<div class='gallery-icon landscape'>\n\t\t\t\t<a href='https:\/\/www.revuegruppen.com\/gruppen\/wp-content\/uploads\/2019\/04\/we-are-a-powerhouse6.jpg'><img loading=\"lazy\" decoding=\"async\" width=\"200\" height=\"200\" src=\"https:\/\/www.revuegruppen.com\/gruppen\/wp-content\/uploads\/2019\/04\/we-are-a-powerhouse6-200x200.jpg\" class=\"attachment-thumbnail size-thumbnail\" alt=\"\" srcset=\"https:\/\/www.revuegruppen.com\/gruppen\/wp-content\/uploads\/2019\/04\/we-are-a-powerhouse6-200x200.jpg 200w, https:\/\/www.revuegruppen.com\/gruppen\/wp-content\/uploads\/2019\/04\/we-are-a-powerhouse6-800x800.jpg 800w, https:\/\/www.revuegruppen.com\/gruppen\/wp-content\/uploads\/2019\/04\/we-are-a-powerhouse6-400x400.jpg 400w, https:\/\/www.revuegruppen.com\/gruppen\/wp-content\/uploads\/2019\/04\/we-are-a-powerhouse6-100x100.jpg 100w\" sizes=\"auto, (max-width: 200px) 100vw, 200px\" \/><\/a>\n\t\t\t<\/div><\/figure><figure class='gallery-item'>\n\t\t\t<div class='gallery-icon landscape'>\n\t\t\t\t<a href='https:\/\/www.revuegruppen.com\/gruppen\/wp-content\/uploads\/2019\/04\/we-are-a-powerhouse7.jpg'><img loading=\"lazy\" decoding=\"async\" width=\"200\" height=\"200\" src=\"https:\/\/www.revuegruppen.com\/gruppen\/wp-content\/uploads\/2019\/04\/we-are-a-powerhouse7-200x200.jpg\" class=\"attachment-thumbnail size-thumbnail\" alt=\"\" srcset=\"https:\/\/www.revuegruppen.com\/gruppen\/wp-content\/uploads\/2019\/04\/we-are-a-powerhouse7-200x200.jpg 200w, https:\/\/www.revuegruppen.com\/gruppen\/wp-content\/uploads\/2019\/04\/we-are-a-powerhouse7-800x800.jpg 800w, https:\/\/www.revuegruppen.com\/gruppen\/wp-content\/uploads\/2019\/04\/we-are-a-powerhouse7-400x400.jpg 400w, https:\/\/www.revuegruppen.com\/gruppen\/wp-content\/uploads\/2019\/04\/we-are-a-powerhouse7-100x100.jpg 100w\" sizes=\"auto, (max-width: 200px) 100vw, 200px\" \/><\/a>\n\t\t\t<\/div><\/figure><figure class='gallery-item'>\n\t\t\t<div class='gallery-icon landscape'>\n\t\t\t\t<a href='https:\/\/www.revuegruppen.com\/gruppen\/wp-content\/uploads\/2019\/04\/we-are-a-powerhouse8.jpg'><img loading=\"lazy\" decoding=\"async\" width=\"200\" height=\"200\" src=\"https:\/\/www.revuegruppen.com\/gruppen\/wp-content\/uploads\/2019\/04\/we-are-a-powerhouse8-200x200.jpg\" class=\"attachment-thumbnail size-thumbnail\" alt=\"\" srcset=\"https:\/\/www.revuegruppen.com\/gruppen\/wp-content\/uploads\/2019\/04\/we-are-a-powerhouse8-200x200.jpg 200w, https:\/\/www.revuegruppen.com\/gruppen\/wp-content\/uploads\/2019\/04\/we-are-a-powerhouse8-800x800.jpg 800w, https:\/\/www.revuegruppen.com\/gruppen\/wp-content\/uploads\/2019\/04\/we-are-a-powerhouse8-400x400.jpg 400w, https:\/\/www.revuegruppen.com\/gruppen\/wp-content\/uploads\/2019\/04\/we-are-a-powerhouse8-100x100.jpg 100w\" sizes=\"auto, (max-width: 200px) 100vw, 200px\" \/><\/a>\n\t\t\t<\/div><\/figure><figure class='gallery-item'>\n\t\t\t<div class='gallery-icon landscape'>\n\t\t\t\t<a href='https:\/\/www.revuegruppen.com\/gruppen\/wp-content\/uploads\/2019\/04\/we-are-a-powerhouse9.jpg'><img loading=\"lazy\" decoding=\"async\" width=\"200\" height=\"200\" src=\"https:\/\/www.revuegruppen.com\/gruppen\/wp-content\/uploads\/2019\/04\/we-are-a-powerhouse9-200x200.jpg\" class=\"attachment-thumbnail size-thumbnail\" alt=\"\" srcset=\"https:\/\/www.revuegruppen.com\/gruppen\/wp-content\/uploads\/2019\/04\/we-are-a-powerhouse9-200x200.jpg 200w, https:\/\/www.revuegruppen.com\/gruppen\/wp-content\/uploads\/2019\/04\/we-are-a-powerhouse9-800x800.jpg 800w, https:\/\/www.revuegruppen.com\/gruppen\/wp-content\/uploads\/2019\/04\/we-are-a-powerhouse9-400x400.jpg 400w, https:\/\/www.revuegruppen.com\/gruppen\/wp-content\/uploads\/2019\/04\/we-are-a-powerhouse9-100x100.jpg 100w\" sizes=\"auto, (max-width: 200px) 100vw, 200px\" \/><\/a>\n\t\t\t<\/div><\/figure><figure class='gallery-item'>\n\t\t\t<div class='gallery-icon landscape'>\n\t\t\t\t<a href='https:\/\/www.revuegruppen.com\/gruppen\/wp-content\/uploads\/2019\/04\/we-are-a-powerhouse10.jpg'><img loading=\"lazy\" decoding=\"async\" width=\"200\" height=\"200\" src=\"https:\/\/www.revuegruppen.com\/gruppen\/wp-content\/uploads\/2019\/04\/we-are-a-powerhouse10-200x200.jpg\" class=\"attachment-thumbnail size-thumbnail\" alt=\"\" srcset=\"https:\/\/www.revuegruppen.com\/gruppen\/wp-content\/uploads\/2019\/04\/we-are-a-powerhouse10-200x200.jpg 200w, https:\/\/www.revuegruppen.com\/gruppen\/wp-content\/uploads\/2019\/04\/we-are-a-powerhouse10-800x800.jpg 800w, https:\/\/www.revuegruppen.com\/gruppen\/wp-content\/uploads\/2019\/04\/we-are-a-powerhouse10-400x400.jpg 400w, https:\/\/www.revuegruppen.com\/gruppen\/wp-content\/uploads\/2019\/04\/we-are-a-powerhouse10-100x100.jpg 100w\" sizes=\"auto, (max-width: 200px) 100vw, 200px\" \/><\/a>\n\t\t\t<\/div><\/figure><figure class='gallery-item'>\n\t\t\t<div class='gallery-icon landscape'>\n\t\t\t\t<a href='https:\/\/www.revuegruppen.com\/gruppen\/wp-content\/uploads\/2019\/04\/we-are-a-powerhouse11.jpg'><img loading=\"lazy\" decoding=\"async\" width=\"200\" height=\"200\" src=\"https:\/\/www.revuegruppen.com\/gruppen\/wp-content\/uploads\/2019\/04\/we-are-a-powerhouse11-200x200.jpg\" class=\"attachment-thumbnail size-thumbnail\" alt=\"\" srcset=\"https:\/\/www.revuegruppen.com\/gruppen\/wp-content\/uploads\/2019\/04\/we-are-a-powerhouse11-200x200.jpg 200w, https:\/\/www.revuegruppen.com\/gruppen\/wp-content\/uploads\/2019\/04\/we-are-a-powerhouse11-800x800.jpg 800w, https:\/\/www.revuegruppen.com\/gruppen\/wp-content\/uploads\/2019\/04\/we-are-a-powerhouse11-400x400.jpg 400w, https:\/\/www.revuegruppen.com\/gruppen\/wp-content\/uploads\/2019\/04\/we-are-a-powerhouse11-100x100.jpg 100w\" sizes=\"auto, (max-width: 200px) 100vw, 200px\" \/><\/a>\n\t\t\t<\/div><\/figure><figure class='gallery-item'>\n\t\t\t<div class='gallery-icon landscape'>\n\t\t\t\t<a href='https:\/\/www.revuegruppen.com\/gruppen\/wp-content\/uploads\/2019\/04\/we-are-a-powerhouse12.jpg'><img loading=\"lazy\" decoding=\"async\" width=\"200\" height=\"200\" src=\"https:\/\/www.revuegruppen.com\/gruppen\/wp-content\/uploads\/2019\/04\/we-are-a-powerhouse12-200x200.jpg\" class=\"attachment-thumbnail size-thumbnail\" alt=\"\" srcset=\"https:\/\/www.revuegruppen.com\/gruppen\/wp-content\/uploads\/2019\/04\/we-are-a-powerhouse12-200x200.jpg 200w, https:\/\/www.revuegruppen.com\/gruppen\/wp-content\/uploads\/2019\/04\/we-are-a-powerhouse12-800x800.jpg 800w, https:\/\/www.revuegruppen.com\/gruppen\/wp-content\/uploads\/2019\/04\/we-are-a-powerhouse12-400x400.jpg 400w, https:\/\/www.revuegruppen.com\/gruppen\/wp-content\/uploads\/2019\/04\/we-are-a-powerhouse12-100x100.jpg 100w\" sizes=\"auto, (max-width: 200px) 100vw, 200px\" \/><\/a>\n\t\t\t<\/div><\/figure><figure class='gallery-item'>\n\t\t\t<div class='gallery-icon landscape'>\n\t\t\t\t<a href='https:\/\/www.revuegruppen.com\/gruppen\/wp-content\/uploads\/2019\/04\/we-are-a-powerhouse13.jpg'><img loading=\"lazy\" decoding=\"async\" width=\"200\" height=\"200\" src=\"https:\/\/www.revuegruppen.com\/gruppen\/wp-content\/uploads\/2019\/04\/we-are-a-powerhouse13-200x200.jpg\" class=\"attachment-thumbnail size-thumbnail\" alt=\"\" srcset=\"https:\/\/www.revuegruppen.com\/gruppen\/wp-content\/uploads\/2019\/04\/we-are-a-powerhouse13-200x200.jpg 200w, https:\/\/www.revuegruppen.com\/gruppen\/wp-content\/uploads\/2019\/04\/we-are-a-powerhouse13-800x800.jpg 800w, https:\/\/www.revuegruppen.com\/gruppen\/wp-content\/uploads\/2019\/04\/we-are-a-powerhouse13-400x400.jpg 400w, https:\/\/www.revuegruppen.com\/gruppen\/wp-content\/uploads\/2019\/04\/we-are-a-powerhouse13-100x100.jpg 100w\" sizes=\"auto, (max-width: 200px) 100vw, 200px\" \/><\/a>\n\t\t\t<\/div><\/figure><figure class='gallery-item'>\n\t\t\t<div class='gallery-icon landscape'>\n\t\t\t\t<a href='https:\/\/www.revuegruppen.com\/gruppen\/wp-content\/uploads\/2019\/04\/we-are-a-powerhouse14.jpg'><img loading=\"lazy\" decoding=\"async\" width=\"200\" height=\"200\" src=\"https:\/\/www.revuegruppen.com\/gruppen\/wp-content\/uploads\/2019\/04\/we-are-a-powerhouse14-200x200.jpg\" class=\"attachment-thumbnail size-thumbnail\" alt=\"\" srcset=\"https:\/\/www.revuegruppen.com\/gruppen\/wp-content\/uploads\/2019\/04\/we-are-a-powerhouse14-200x200.jpg 200w, https:\/\/www.revuegruppen.com\/gruppen\/wp-content\/uploads\/2019\/04\/we-are-a-powerhouse14-800x800.jpg 800w, https:\/\/www.revuegruppen.com\/gruppen\/wp-content\/uploads\/2019\/04\/we-are-a-powerhouse14-400x400.jpg 400w, https:\/\/www.revuegruppen.com\/gruppen\/wp-content\/uploads\/2019\/04\/we-are-a-powerhouse14-100x100.jpg 100w\" sizes=\"auto, (max-width: 200px) 100vw, 200px\" \/><\/a>\n\t\t\t<\/div><\/figure>\n\t\t<\/div>\n\n","protected":false},"excerpt":{"rendered":"<p style=\"text-align: justify;\">Ce recueil de textes et interviews de Noir(e)s am\u00e9ricain(e)s mobilis\u00e9(e)s contre le racisme et l&rsquo;oppression g\u00e9n\u00e9rale souhaite ici porter les voix de personnes actives dans des domaines diff\u00e9rents : Black panthers, ouvriers syndicalistes, musiciens, plasticiens, f\u00e9ministes, <em>etc.<\/em> Ces paroles, dont nous pr\u00e9sentons ici les premi\u00e8res traductions fran\u00e7aises, nous rappellent l&rsquo;ampleur de la violence inflig\u00e9e, ainsi que la clairvoyance, l&rsquo;\u00e9nergie et la cr\u00e9ativit\u00e9 qui peuvent lui \u00eatre oppos\u00e9es.<br \/>\n<span style=\"font-size: 10pt;\">Traductions in\u00e9dites, notes et pr\u00e9sentations de Laurent Jarfer.<\/span><\/p>\n","protected":false},"featured_media":10252,"template":"","meta":[],"product_brand":[],"product_cat":[66,68],"product_tag":[911,918,766,514,882,917,914,913,915,715,759,53,662,912,916],"class_list":{"0":"post-10013","1":"product","2":"type-product","3":"status-publish","4":"has-post-thumbnail","6":"tagmedia-we-are-a-powerhouse","7":"product_cat-catalogue","8":"product_cat-livres","9":"product_tag-audre-lorde","10":"product_tag-black-art","11":"product_tag-black-feminism","12":"product_tag-black-panthers","13":"product_tag-black-power","14":"product_tag-droits-civiques","15":"product_tag-george-jackson","16":"product_tag-j-h-odell","17":"product_tag-james-baldwin","18":"product_tag-john-watson","19":"product_tag-mary-ann-weathers","20":"product_tag-max-roach","21":"product_tag-michael-cetewayo-tabor","22":"product_tag-the-last-poets","23":"product_tag-vincent-smith","24":"product_shipping_class-jusqua-250g","25":"pa_auteur-collectif","26":"pa_date-de-parution-10-octobre-2019","27":"pa_isbn-978-2-919103-20-1","28":"pa_nombre-de-pages-144-pages","30":"first","31":"instock","32":"shipping-taxable","33":"purchasable","34":"product-type-simple"},"_links":{"self":[{"href":"https:\/\/www.revuegruppen.com\/gruppen\/wp-json\/wp\/v2\/product\/10013","targetHints":{"allow":["GET"]}}],"collection":[{"href":"https:\/\/www.revuegruppen.com\/gruppen\/wp-json\/wp\/v2\/product"}],"about":[{"href":"https:\/\/www.revuegruppen.com\/gruppen\/wp-json\/wp\/v2\/types\/product"}],"wp:featuredmedia":[{"embeddable":true,"href":"https:\/\/www.revuegruppen.com\/gruppen\/wp-json\/wp\/v2\/media\/10252"}],"wp:attachment":[{"href":"https:\/\/www.revuegruppen.com\/gruppen\/wp-json\/wp\/v2\/media?parent=10013"}],"wp:term":[{"taxonomy":"product_brand","embeddable":true,"href":"https:\/\/www.revuegruppen.com\/gruppen\/wp-json\/wp\/v2\/product_brand?post=10013"},{"taxonomy":"product_cat","embeddable":true,"href":"https:\/\/www.revuegruppen.com\/gruppen\/wp-json\/wp\/v2\/product_cat?post=10013"},{"taxonomy":"product_tag","embeddable":true,"href":"https:\/\/www.revuegruppen.com\/gruppen\/wp-json\/wp\/v2\/product_tag?post=10013"}],"curies":[{"name":"wp","href":"https:\/\/api.w.org\/{rel}","templated":true}]}}