{"id":9832,"date":"2018-10-30T09:41:48","date_gmt":"2018-10-30T08:41:48","guid":{"rendered":"https:\/\/www.revuegruppen.com\/gruppen2018\/?page_id=9832"},"modified":"2019-03-31T17:53:56","modified_gmt":"2019-03-31T15:53:56","slug":"catalogue-2","status":"publish","type":"page","link":"https:\/\/www.revuegruppen.com\/gruppen\/catalogue-2\/","title":{"rendered":"Catalogue"},"content":{"rendered":"","protected":false},"excerpt":{"rendered":"<p>Catalogue des \u00c9ditions Gruppen. Retrouvez la pr\u00e9sentation de nos livres &#038; revues. Tous nos ouvrages peuvent \u00eatre command\u00e9s en ligne directement.<\/p>\n","protected":false},"author":1,"featured_media":0,"parent":0,"menu_order":0,"comment_status":"closed","ping_status":"closed","template":"","meta":{"footnotes":""},"class_list":["post-9832","page","type-page","status-publish","hentry"],"_links":{"self":[{"href":"https:\/\/www.revuegruppen.com\/gruppen\/wp-json\/wp\/v2\/pages\/9832","targetHints":{"allow":["GET"]}}],"collection":[{"href":"https:\/\/www.revuegruppen.com\/gruppen\/wp-json\/wp\/v2\/pages"}],"about":[{"href":"https:\/\/www.revuegruppen.com\/gruppen\/wp-json\/wp\/v2\/types\/page"}],"author":[{"embeddable":true,"href":"https:\/\/www.revuegruppen.com\/gruppen\/wp-json\/wp\/v2\/users\/1"}],"replies":[{"embeddable":true,"href":"https:\/\/www.revuegruppen.com\/gruppen\/wp-json\/wp\/v2\/comments?post=9832"}],"version-history":[{"count":3,"href":"https:\/\/www.revuegruppen.com\/gruppen\/wp-json\/wp\/v2\/pages\/9832\/revisions"}],"predecessor-version":[{"id":10001,"href":"https:\/\/www.revuegruppen.com\/gruppen\/wp-json\/wp\/v2\/pages\/9832\/revisions\/10001"}],"wp:attachment":[{"href":"https:\/\/www.revuegruppen.com\/gruppen\/wp-json\/wp\/v2\/media?parent=9832"}],"curies":[{"name":"wp","href":"https:\/\/api.w.org\/{rel}","templated":true}]}}