{"id":22,"date":"2018-07-12T09:47:58","date_gmt":"2018-07-12T09:47:58","guid":{"rendered":"http:\/\/nouveau.revuegruppen.com\/?page_id=22"},"modified":"2018-10-14T21:00:25","modified_gmt":"2018-10-14T19:00:25","slug":"mentions-legales","status":"publish","type":"page","link":"https:\/\/www.revuegruppen.com\/gruppen\/mentions-legales\/","title":{"rendered":"Mentions l\u00e9gales"},"content":{"rendered":"<p><strong>MENTIONS L\u00c9GALES<\/strong><\/p>\n<p>Le <strong>site Internet Gruppen<\/strong> est \u00e9dit\u00e9 par l\u2019Association Gruppen (loi 1901)<br \/>\ndont le si\u00e8ge social est situ\u00e9 2 rue Laghouat, 75018 Paris, France.<br \/>\nSIRET :\u00a051873877800019<\/p>\n<p>Le Responsable de la publication du Site est Mr Laurent Jarfer.<\/p>\n<p>Le site est con\u00e7u et r\u00e9alis\u00e9 par <a href=\"https:\/\/www.bdpnl.fr\" target=\"_blank\" rel=\"noopener\">BDPNL<\/a>.<\/p>\n<p>L&rsquo;h\u00e9bergement du site est assur\u00e9 par <span style=\"text-decoration: underline;\">1&amp;1 Internet SARL<\/span><br \/>\n7, place de la Gare, BP 70109, 57201 Sarreguemines Cedex<\/p>\n<p>Pour nous contacter : contact@revuegruppen.com<\/p>\n","protected":false},"excerpt":{"rendered":"<p>MENTIONS L\u00c9GALES Le site Internet Gruppen est \u00e9dit\u00e9 par l\u2019Association Gruppen (loi 1901) dont le si\u00e8ge social est situ\u00e9 2 rue Laghouat, 75018 Paris, France. SIRET :\u00a051873877800019 Le Responsable de la publication du Site est Mr Laurent Jarfer. Le site est con\u00e7u et r\u00e9alis\u00e9 par BDPNL. L&rsquo;h\u00e9bergement du site est assur\u00e9 par 1&amp;1 Internet SARL [&hellip;]<\/p>\n","protected":false},"author":2,"featured_media":0,"parent":0,"menu_order":0,"comment_status":"closed","ping_status":"closed","template":"","meta":{"footnotes":""},"class_list":["post-22","page","type-page","status-publish","hentry"],"_links":{"self":[{"href":"https:\/\/www.revuegruppen.com\/gruppen\/wp-json\/wp\/v2\/pages\/22","targetHints":{"allow":["GET"]}}],"collection":[{"href":"https:\/\/www.revuegruppen.com\/gruppen\/wp-json\/wp\/v2\/pages"}],"about":[{"href":"https:\/\/www.revuegruppen.com\/gruppen\/wp-json\/wp\/v2\/types\/page"}],"author":[{"embeddable":true,"href":"https:\/\/www.revuegruppen.com\/gruppen\/wp-json\/wp\/v2\/users\/2"}],"replies":[{"embeddable":true,"href":"https:\/\/www.revuegruppen.com\/gruppen\/wp-json\/wp\/v2\/comments?post=22"}],"version-history":[{"count":4,"href":"https:\/\/www.revuegruppen.com\/gruppen\/wp-json\/wp\/v2\/pages\/22\/revisions"}],"predecessor-version":[{"id":9561,"href":"https:\/\/www.revuegruppen.com\/gruppen\/wp-json\/wp\/v2\/pages\/22\/revisions\/9561"}],"wp:attachment":[{"href":"https:\/\/www.revuegruppen.com\/gruppen\/wp-json\/wp\/v2\/media?parent=22"}],"curies":[{"name":"wp","href":"https:\/\/api.w.org\/{rel}","templated":true}]}}