{"id":15,"date":"2018-07-12T09:20:20","date_gmt":"2018-07-12T09:20:20","guid":{"rendered":"http:\/\/nouveau.revuegruppen.com\/?page_id=9"},"modified":"2024-04-12T18:16:45","modified_gmt":"2024-04-12T16:16:45","slug":"a_propos","status":"publish","type":"page","link":"https:\/\/www.revuegruppen.com\/gruppen\/a_propos\/","title":{"rendered":"\u00c0 propos"},"content":{"rendered":"<h2>Gruppen<\/h2>\n<table style=\"border-collapse: collapse; width: 100%;\">\n<tbody>\n<tr>\n<td style=\"width: 39.4244%; vertical-align: top;\"><img loading=\"lazy\" decoding=\"async\" class=\"wp-image-9866\" src=\"https:\/\/www.revuegruppen.com\/gruppen\/wp-content\/uploads\/2018\/10\/couv-en-pr\u00e9paration-400x309.png\" alt=\"couv en pr\u00e9paration\" width=\"379\" height=\"293\" srcset=\"https:\/\/www.revuegruppen.com\/gruppen\/wp-content\/uploads\/2018\/10\/couv-en-pr\u00e9paration-400x309.png 400w, https:\/\/www.revuegruppen.com\/gruppen\/wp-content\/uploads\/2018\/10\/couv-en-pr\u00e9paration-768x593.png 768w, https:\/\/www.revuegruppen.com\/gruppen\/wp-content\/uploads\/2018\/10\/couv-en-pr\u00e9paration-600x463.png 600w, https:\/\/www.revuegruppen.com\/gruppen\/wp-content\/uploads\/2018\/10\/couv-en-pr\u00e9paration.png 1200w\" sizes=\"auto, (max-width: 379px) 100vw, 379px\" \/><\/td>\n<td style=\"width: 60.5756%; text-align: left; vertical-align: middle;\">\n<p style=\"text-align: justify;\"><strong><em>Gruppen<\/em><\/strong> est une revue de cr\u00e9ation transdisciplinaire et une maison d&rsquo;\u00e9dition fond\u00e9e en 2010.<\/p>\n<p style=\"text-align: justify;\">Anim\u00e9e par l&rsquo;\u00e9crivain Laurent Jarfer, le compositeur et pianiste Ilan Kaddouch, et l\u2019animatrice et graphiste Laurence Gatti, elle m\u00eale arts, philosophie et sciences humaines.<\/p>\n<p style=\"text-align: justify;\"><em>Directeur de la Publication : <\/em>Laurent Jarfer.<br \/>\n<em>Secr\u00e9tariat de la R\u00e9daction :<\/em> Laurent Jarfer, Ilan Kaddouch, Laurence Gatti, Pierre D\u00e9l\u00e9age, Yann Beauvais.<br \/>\n<em>Direction Artistique :<\/em> Laurence Gatti.<\/p>\n<\/td>\n<\/tr>\n<\/tbody>\n<\/table>\n<p>&nbsp;<\/p>\n<h2>Diffusion &#8211; Distribution<\/h2>\n<p>&nbsp;<\/p>\n<p><a href=\"http:\/\/www.hobo-diffusion.com\" target=\"_blank\" rel=\"noopener noreferrer\"><img loading=\"lazy\" decoding=\"async\" class=\"alignleft wp-image-9730\" src=\"https:\/\/www.revuegruppen.com\/gruppen\/wp-content\/uploads\/2018\/10\/Hobo-Diffusion.png\" alt=\"Hobo Diffusion\" width=\"130\" height=\"130\" srcset=\"https:\/\/www.revuegruppen.com\/gruppen\/wp-content\/uploads\/2018\/10\/Hobo-Diffusion.png 220w, https:\/\/www.revuegruppen.com\/gruppen\/wp-content\/uploads\/2018\/10\/Hobo-Diffusion-200x200.png 200w, https:\/\/www.revuegruppen.com\/gruppen\/wp-content\/uploads\/2018\/10\/Hobo-Diffusion-100x100.png 100w\" sizes=\"auto, (max-width: 130px) 100vw, 130px\" \/><\/a><\/p>\n<p><strong>Diffusion :<\/strong> HOBO DIFFUSION<br \/>\n23 rue Pradier 75019 Paris | T\u00e9l. : 06 46 79 40 71 | <a href=\"http:\/\/www.hobo-diffusion.com\" target=\"_blank\" rel=\"noopener noreferrer\">hobo-diffusion.com<\/a><br \/>\n<strong>Distribution :<\/strong> MAKASSAR<br \/>\n8 rue Pelleport 75020 PARIS | T\u00e9l : 01 40 33 69 69 | Fax : 01 40 33 91 30<br \/>\ncontact@makassar-diffusion.com |\u00a0<a href=\"http:\/\/makassar-diffusion.com\" target=\"_blank\" rel=\"noopener noreferrer\">makassar-diffusion.com<\/a><\/p>\n<p><span style=\"text-decoration: underline;\"><br \/>\nPour la Suisse<\/span><\/p>\n<p><strong>Diffusion :<\/strong> AVEC PLAISIR<br \/>\nPhil Berger | T\u00e9l. : + 41 22 301 17 74 | pberger@servidis.ch<br \/>\n<strong>Distribution :<\/strong> SERVIDIS<br \/>\nCh. Des Chalets 7 | 1279 Chavennes-de-Bogis | T\u00e9l. : + 41 22 960 95 10 | commande@servidis.ch<\/p>\n<p><span style=\"text-decoration: underline;\">Pour le Qu\u00e9bec, le Canada et les \u00c9tats-Unis<\/span><\/p>\n<p><strong>Diffusion-Distribution :<\/strong> LA CANOP\u00c9E<br \/>\n109, chemin du Sphinx, Saint-Armand, Qu\u00e9bec, Canada J0J 1T0 | T\u00e9l : +1 450 248 9084 | lacanopee_1@sympatico.ca<\/p>\n","protected":false},"excerpt":{"rendered":"<p>\u00c0 propos &#8211; pr\u00e9sentation de la maison d&rsquo;\u00e9dition Gruppen &#8211; Description Diffusion et Distribution en librairies<\/p>\n","protected":false},"author":2,"featured_media":0,"parent":0,"menu_order":0,"comment_status":"closed","ping_status":"closed","template":"","meta":{"footnotes":""},"class_list":["post-15","page","type-page","status-publish","hentry"],"_links":{"self":[{"href":"https:\/\/www.revuegruppen.com\/gruppen\/wp-json\/wp\/v2\/pages\/15","targetHints":{"allow":["GET"]}}],"collection":[{"href":"https:\/\/www.revuegruppen.com\/gruppen\/wp-json\/wp\/v2\/pages"}],"about":[{"href":"https:\/\/www.revuegruppen.com\/gruppen\/wp-json\/wp\/v2\/types\/page"}],"author":[{"embeddable":true,"href":"https:\/\/www.revuegruppen.com\/gruppen\/wp-json\/wp\/v2\/users\/2"}],"replies":[{"embeddable":true,"href":"https:\/\/www.revuegruppen.com\/gruppen\/wp-json\/wp\/v2\/comments?post=15"}],"version-history":[{"count":3,"href":"https:\/\/www.revuegruppen.com\/gruppen\/wp-json\/wp\/v2\/pages\/15\/revisions"}],"predecessor-version":[{"id":10512,"href":"https:\/\/www.revuegruppen.com\/gruppen\/wp-json\/wp\/v2\/pages\/15\/revisions\/10512"}],"wp:attachment":[{"href":"https:\/\/www.revuegruppen.com\/gruppen\/wp-json\/wp\/v2\/media?parent=15"}],"curies":[{"name":"wp","href":"https:\/\/api.w.org\/{rel}","templated":true}]}}